{"id":68,"date":"2017-02-12T17:28:12","date_gmt":"2017-02-12T16:28:12","guid":{"rendered":"http:\/\/brigetiosport.hu\/wordpress\/?page_id=68"},"modified":"2018-09-03T09:10:12","modified_gmt":"2018-09-03T08:10:12","slug":"ii-brigetio-idofutam","status":"publish","type":"page","link":"https:\/\/brigetiosport.hu\/wordpress\/ii-brigetio-idofutam\/","title":{"rendered":"II. Brigetio Id\u0151futam"},"content":{"rendered":"<ul>\n<li><strong>Biosaurus Id\u0151futam Bajnoks\u00e1g\u00a0<\/strong><\/li>\n<li><strong>Szlov\u00e1k-Magyar Hat\u00e1ron \u00c1tny\u00fal\u00f3 Egyenk\u00e9nti Ind\u00edt\u00e1s\u00fa \u00a0Id\u0151futambajnoks\u00e1g 2. fordul\u00f3<\/strong><\/li>\n<li><strong>II. Brigetio orsz\u00e1g\u00fati \u2013\u00e9s mtb id\u0151futam<\/strong><\/li>\n<\/ul>\n<p><img decoding=\"async\" src=\"https:\/\/brigetiosport.hu\/wordpress\/wp-content\/uploads\/2017\/02\/plakat-1024x725.jpg\" alt=\"\" data-cke-saved-src=\"https:\/\/brigetiosport.hu\/wordpress\/wp-content\/uploads\/2017\/02\/plakat-1024x725.jpg\" \/><\/p>\n<ol>\n<li><strong>Id\u0151futambajnoks\u00e1g c\u00e9lja<\/strong><\/li>\n<\/ol>\n<p>A k\u00f6z\u00f6s bajnoks\u00e1g c\u00e9lja a hat\u00e1ron \u00e1tny\u00fal\u00f3 kapcsolatok \u00e1pol\u00e1sa, a ker\u00e9kp\u00e1rsport megismertet\u00e9se \u00e9s n\u00e9pszer\u0171s\u00edt\u00e9se a hat\u00e1rmenti telep\u00fcl\u00e9seken.<\/p>\n<ol start=\"2\">\n<li><strong>\u00c1ltal\u00e1nos inform\u00e1ci\u00f3k<\/strong><\/li>\n<\/ol>\n<p>A versenysorozat 2 fordul\u00f3b\u00f3l \u00e1ll. Az 1. fordul\u00f3 \u00c9szak-Kom\u00e1romban (Szlov\u00e1kia), a 2. fordul\u00f3 Nagyigm\u00e1ndon (Magyarorsz\u00e1g) ker\u00fcl megrendez\u00e9sre. Mindk\u00e9t fordul\u00f3 k\u00fcl\u00f6n\u00e1ll\u00f3 versenyk\u00e9nt is ki\u00e9rt\u00e9kel\u00e9sre ker\u00fcl. A\u00a0bajnoks\u00e1g m\u00e1sodik fordul\u00f3j\u00e1t k\u00f6vet\u0151en az \u00f6sszetett versenyt tekintve azok az indul\u00f3k lesznek ki\u00e9rt\u00e9kelve, akik mindk\u00e9t fordul\u00f3t sikeresen teljes\u00edtett\u00e9k. A\u00a0ki\u00e9rt\u00e9kel\u00e9s a\u00a0futamid\u0151k \u00f6sszevon\u00e1s\u00e1val keletkezett id\u0151eredm\u00e9ny alapj\u00e1n t\u00f6rt\u00e9nik. Azok a versenyz\u0151k, akik csup\u00e1n egyik fordul\u00f3n vesznek r\u00e9szt, nem ker\u00fclnek ki\u00e9rt\u00e9kel\u00e9sre az \u00f6sszes\u00edtett versenysorozat tekintet\u00e9ben.<\/p>\n<ol start=\"3\">\n<li><strong>A fordul\u00f3k neve, id\u0151pontja \u00e9s helysz\u00edne:<\/strong><\/li>\n<\/ol>\n<p>Az 1.fordul\u00f3: PIKO-BIKE TIME TRIAL<br \/>\n2017.05.07.<br \/>\n\u00c9szak-Kom\u00e1rom (Szlov\u00e1kia), Sistag \u00e9tterem, V\u00e1g foly\u00f3 partj\u00e1n, a Kom\u00e1rom-Karvai ker\u00e9kp\u00e1r\u00fat kezdet\u00e9n.<\/p>\n<p>A 2. fordul\u00f3: II. BRIGETIO ORSZ\u00c1G\u00daTI- \u00c9S MTB ID\u0150FUTAM<br \/>\n2017.10.01.<br \/>\nRajt-c\u00e9l: Nagyigm\u00e1nd, M\u0171vel\u0151d\u00e9si h\u00e1z, 2942 Nagyigm\u00e1nd, F\u00e1c\u00e1n u. 1.<br \/>\n\u00datvonal (orsz\u00e1g\u00fati): Nagyigm\u00e1nd-B\u00e1bolna-Nagyigm\u00e1nd<\/p>\n<p><strong>Orsz\u00e1g\u00fati id\u0151futam \u00fatvonala, t\u00e1v:<\/strong><br \/>\n15,5 km \u2013 20m szint<br \/>\n<a href=\"https:\/\/www.strava.com\/activities\/731554968\" target=\"_blank\" rel=\"noopener noreferrer\" data-cke-saved-href=\"https:\/\/www.strava.com\/activities\/731554968\">https:\/\/www.strava.com\/activities\/731554968<\/a><\/p>\n<p><strong>MTB id\u0151futam \u00fatvonala, t\u00e1v:<\/strong><br \/>\n13,7 km \u2013 46m szint<br \/>\n<a href=\"https:\/\/www.strava.com\/activities\/731556035\" target=\"_blank\" rel=\"noopener noreferrer\" data-cke-saved-href=\"https:\/\/www.strava.com\/activities\/731556035\">https:\/\/www.strava.com\/activities\/731556035<\/a><\/p>\n<p><strong>4. A rendezv\u00e9ny r\u00e9sztvev\u0151i:<\/strong><\/p>\n<p>Azok a n\u0151i \u00e9s f\u00e9rfi r\u00e9sztvev\u0151k, akik a versenyki\u00edr\u00e1sban meghat\u00e1rozottak szerint a nevez\u00e9si d\u00edjat befizett\u00e9k \u00e9s al\u00e1\u00edr\u00e1sukkal igazolj\u00e1k, hogy a r\u00e9szv\u00e9teli felt\u00e9teleket elfogadt\u00e1k! 18 \u00e9v alatti szem\u00e9ly kiz\u00e1r\u00f3lag sz\u00fcl\u0151i enged\u00e9llyel vehet r\u00e9szt a mez\u0151nyversenyen! A sz\u00fcl\u0151i hozz\u00e1j\u00e1rul\u00f3 nyilatkozatot ki kell t\u00f6lteni \u00e9s a helysz\u00ednen a rajtsz\u00e1m \u00e1tv\u00e9telekor leadni.<\/p>\n<p>Sz\u00fcl\u0151i hozz\u00e1j\u00e1rul\u00f3 nyilatkozat\u00a0<a href=\"https:\/\/brigetiosport.hu\/wordpress\/?media_dl=902\" data-cke-saved-href=\"https:\/\/brigetiosport.hu\/wordpress\/?media_dl=902\">IDE<\/a> kattintva let\u00f6lthet\u0151.<\/p>\n<p><strong>5. Program<\/strong><\/p>\n<ul>\n<li>\u00a008:00 \u2013 09:30 \u2013 Rajtsz\u00e1mok \u00e1tv\u00e9tele<\/li>\n<li>10:00\u00a0 \u2013 Rajt 1 perces ind\u00edt\u00e1sokkal<\/li>\n<li>14:00 \u2013 Eredm\u00e9nyhirdet\u00e9s<\/li>\n<\/ul>\n<p><strong>6. Nevez\u00e9s<\/strong><\/p>\n<p>A r\u00e9sztvev\u0151k l\u00e9tsz\u00e1ma korl\u00e1tozott, max.180, csak el\u0151nevezni lehet.<\/p>\n<p>A helysz\u00ednen csak abban az esetben lehet nevezni, ha valamelyik versenyz\u0151 lemondja r\u00e9szv\u00e9tel\u00e9t.<\/p>\n<p>A nevez\u00e9si d\u00edj fordul\u00f3nk\u00e9nt 10,-\u20ac vagy 3300,- Ft. A nevez\u00e9s csak akkor \u00e9rv\u00e9nyes, ha a nevez\u00e9si d\u00edj megfizet\u00e9sre ker\u00fclt az adott futam szervez\u0151j\u00e9n\u00e9l.<\/p>\n<p>Nevez\u00e9si hat\u00e1rid\u0151:<strong> 2017.09.27. \u00e9jf\u00e9l<\/strong><\/p>\n<p>Fizet\u00e9s szem\u00e9lyesen a a\u00a0PIKO-BIKE \u00fczletben. C\u00edm: 94505 Kom\u00e1rno, Me\u0161tianska 3018. vagy<\/p>\n<p>\u00e1tutal\u00e1ssal a 10403631-50526775-68811005 banksz\u00e1mlasz\u00e1mra. \u00c1tutal\u00e1s eset\u00e9n a\u00a0k\u00f6zlem\u00e9ny rovatban k\u00e9rj\u00fck a\u00a0nevez\u0151 nev\u00e9t \u00e9s sz\u00fclet\u00e9si \u00e9v\u00e9t felt\u00fcntetni.<\/p>\n<p>A nevez\u00e9si d\u00edj tartalmazza a versenyen val\u00f3 r\u00e9szv\u00e9teli jogot, chipes id\u0151m\u00e9r\u00e9st, \u00e9lelmez\u00e9st a rajt-c\u00e9l ter\u00fcleten, ki\u00e9rt\u00e9kel\u00e9st.<\/p>\n<p><strong>7. Korcsoportok:<\/strong><\/p>\n<p>Orsz\u00e1g\u00fati \u00e9s MTB kateg\u00f3ria k\u00fcl\u00fcn-k\u00fcl\u00f6n ker\u00fcl ki\u00e9rt\u00e9kel\u00e9sre.<\/p>\n<p>F\u00e9rfi:<\/p>\n<ol>\n<li>korcsoport \u2013 \/14-16\/ U17: 2001 \u2013 2003<\/li>\n<li>korcsoport \u2013 \/17-18\/ U19: 1999 \u2013 2000<\/li>\n<li>korcsoport \u2013 \/19-29\/ Elite1: 1988 \u2013 1998<\/li>\n<li>korcsoport \u2013 \/30-39\/ Elite2: 1978 \u2013 1987<\/li>\n<li>korcsoport \u2013 \/40-49\/ Master: 1968 \u2013 1977<\/li>\n<li>korcsoport \u2013 \/50-59\/ Senior1: 1958 \u2013 1967<\/li>\n<li>korcsoport \u2013 \/60-69\/ Senior2 : 1948 \u2013 1957<\/li>\n<li>korcsoport \u2013 \/70- \/ Senior3: \u2013 1947<\/li>\n<\/ol>\n<p>N\u0151i:<\/p>\n<ol>\n<li>korcsoport \u2013 \/14-16\/ WU17: 2001 \u2013 2003<\/li>\n<li>korcsoport \u2013 \/17-18\/ WU19: 1999 \u2013 2000<\/li>\n<li>korcsoport \u2013 \/19-39\/ WElite: 1978 \u2013 1998<\/li>\n<li>korcsoport \u2013 \/40-49\/ WMaster: 1968 \u2013 1977<\/li>\n<li>korcsoport \u2013 \/50 \u2013 \/ WSenior: \u2013 1967<\/li>\n<\/ol>\n<p><strong>8. Helyez\u00e9sek eld\u00f6nt\u00e9se:<\/strong><\/p>\n<p>A kateg\u00f3ri\u00e1nk\u00e9nti egyes versenyfordul\u00f3k gy\u0151ztese az, aki a ki\u00edrt t\u00e1vot szab\u00e1lyszer\u0171en a leggyorsabban teljes\u00edti.<\/p>\n<p>Mindk\u00e9t fordul\u00f3 id\u0151eredm\u00e9nye \u00f6sszevon\u00e1sra ker\u00fcl a versenysorozat v\u00e9g\u00e9n, a bajnoks\u00e1g kateg\u00f3ri\u00e1nk\u00e9nti gy\u0151ztese az, akinek az \u00f6sszevont ideje a legkisebb lesz.<\/p>\n<p><strong>9. D\u00edjaz\u00e1s:<\/strong><\/p>\n<p>K\u00fcl\u00f6n mindk\u00e9t futamon kateg\u00f3ri\u00e1nk\u00e9nt az els\u0151 h\u00e1rom helyezett \u00e9remd\u00edjaz\u00e1sban r\u00e9szes\u00fcl, az abszol\u00fat dobogos\u00f3k egy\u00e9b aj\u00e1nd\u00e9kjutalomban.<\/p>\n<p>A versenysorozat \u00f6sszes\u00edtett eredm\u00e9nyei alapj\u00e1n k\u00e9zm\u0171ves d\u00edjaz\u00e1sban r\u00e9szes\u00fcl a kateg\u00f3ri\u00e1nk\u00e9nti els\u0151 h\u00e1rom helyezett.<\/p>\n<p><strong>10. <\/strong><strong>Szervez\u0151k:<\/strong><\/p>\n<ol>\n<li>futam: PIKO-BIKE<br \/>\n94505 Kom\u00e1rno, Me\u0161tianska 3018<br \/>\ne-mail: <a href=\"mailto:cup@piko-bike.sk\" data-cke-saved-href=\"mailto:cup@piko-bike.sk\">cup@piko-bike.sk<\/a><br \/>\ntel.: +421 948 045115<br \/>\nweboldal: <a href=\"https:\/\/www.facebook.com\/Piko-Bike-TIME-TRIAL-716690405162874\/?ref=bookmarks\" data-cke-saved-href=\"https:\/\/www.facebook.com\/Piko-Bike-TIME-TRIAL-716690405162874\/?ref=bookmarks\">https:\/\/www.facebook.com\/Piko-Bike-TIME-TRIAL-716690405162874\/?ref=bookmarks<\/a><\/li>\n<li>futam: Brigetio Ker\u00e9kp\u00e1ros Sportegyes\u00fclet<br \/>\n2900 Kom\u00e1rom, Klapka Gy\u00f6rgy \u00fat 12. 3\/9 sz.<br \/>\ne-mail: <a href=\"mailto:brigetiosport@brigetiosport.hu\" data-cke-saved-href=\"mailto:brigetiosport@brigetiosport.hu\">brigetiosport@brigetiosport.hu<\/a><br \/>\nweboldal: <a href=\"http:\/\/brigetiosport.hu\/\" data-cke-saved-href=\"http:\/\/brigetiosport.hu\/\">http:\/\/brigetiosport.hu<\/a><\/li>\n<\/ol>\n<p><strong>11. \u00c1ltal\u00e1nos tudnival\u00f3k:<\/strong><\/p>\n<ul>\n<li>\u2013 Mindk\u00e9t rendezv\u00e9nyen minden r\u00e9sztvev\u0151 a rendez\u0151k \u00e1ltal biztos\u00edtott, szab\u00e1lyszer\u0171en feler\u0151s\u00edtett \u00a0rajtsz\u00e1mmal indul.<\/li>\n<li>\u2013 Mindk\u00e9t rendezv\u00e9nyen mindenki saj\u00e1t felel\u0151ss\u00e9g\u00e9re indulhat, a versenyki\u00edr\u00e1s \u00e9s k\u00f6zleked\u00e9si szab\u00e1lyok ( Magyarorsz\u00e1gon a KRESZ, K\u00d6H\u00c9M- , Szlov\u00e1ki\u00e1ban a 8\/2009-es t\u00f6rv\u00e9ny) betart\u00e1sa mellett.<\/li>\n<li>\u2013 A rajt id\u0151pontjait a nevez\u00e9s sorrendj\u00e9ben hat\u00e1rozza meg a rendez\u0151.<\/li>\n<li>\u2013 Azonos csapat tagjai nem rajtolhatnak k\u00f6zvetlen egym\u00e1s ut\u00e1n, k\u00f6z\u00e9j\u00fck mindig legal\u00e1bb egy m\u00e1sik csapat tagja ker\u00fcl.<\/li>\n<li>\u2013 A versenyek sor\u00e1n g\u00e9pj\u00e1rm\u0171, tov\u00e1bb\u00e1 m\u00e1s ker\u00e9kp\u00e1ros(ok) m\u00f6g\u00e9 be\u00e1llni, bolyozni szigor\u00faan tilos! Az eg\u00e9sz p\u00e1ly\u00e1n tilos b\u00e1rmilyen k\u00fcls\u0151 seg\u00edts\u00e9g elfogad\u00e1sa. Nem enged\u00e9lyezett m\u00e1s versenyz\u0151 tol\u00e1sa, h\u00faz\u00e1sa, vagy vontat\u00e1sa m\u00e1sik ker\u00e9kp\u00e1ros, illetve egy\u00e9b j\u00e1rm\u0171 seg\u00edts\u00e9g\u00e9vel. Szint\u00e9n tilos a k\u00eds\u00e9r\u0151j\u00e1rm\u0171 haszn\u00e1lata! Elektromos seg\u00e9dmotorral ell\u00e1tott ker\u00e9kp\u00e1rok a versenyen nem vehetnek r\u00e9szt!<\/li>\n<li>\u2013 Az esetleges balesetek\u00e9rt \u00e9s a versenyki\u00edr\u00e1s be nem tart\u00e1s\u00e1b\u00f3l bek\u00f6vetkez\u0151, ill. eg\u00e9szs\u00e9g\u00fcgyi okokb\u00f3l bek\u00f6vetkezett balesetek\u00e9rt \u00e9s s\u00e9r\u00fcl\u00e9sek\u00e9rt a rendez\u0151 semmif\u00e9le felel\u0151ss\u00e9get nem v\u00e1llal, k\u00e1rt\u00e9r\u00edt\u00e9sre nem k\u00f6telezhet\u0151.<\/li>\n<li>\u2013 A rendezv\u00e9nyen minden r\u00e9sztvev\u0151 k\u00f6teles a rendez\u0151 \u00e1ltal biztos\u00edtott rekl\u00e1manyagot a felszerel\u00e9s\u00e9n, ker\u00e9kp\u00e1ron, \u2026 stb elhelyezni. E felt\u00e9tel nem teljes\u00edt\u00e9se a versenyz\u0151 kiz\u00e1r\u00e1s\u00e1val j\u00e1rhat.<\/li>\n<li>\u2013 \u00d3v\u00e1st beny\u00fajtani a c\u00e9lba \u00e9rkez\u00e9st k\u00f6vet\u0151en 10 percen bel\u00fcl, \u00edr\u00e1sban van lehet\u0151s\u00e9g 10,- Eur\u00f3, vagy 3300,- Ft\u00a0 kauci\u00f3 let\u00e9tele mellett.<\/li>\n<\/ul>\n<p>A ki\u00edr\u00e1s v\u00e1ltoztat\u00e1si jog\u00e1t a szervez\u0151k fenntartj\u00e1k.<\/p>\n<p><strong>1<\/strong><strong>2. A r\u00e9sztvev\u0151 nyilatkozata:<\/strong><\/p>\n<ul>\n<li>\u2013 Az online nevez\u00e9s regisztr\u00e1ci\u00f3s adatlapj\u00e1nak kit\u00f6lt\u00e9se \u00f6nk\u00e9ntes adatk\u00f6zl\u00e9s. Hozz\u00e1j\u00e1rulok, hogy a nevez\u00e9si lapon szerepl\u0151 adataimat a rendez\u0151 az esem\u00e9ny adatb\u00e1zis\u00e1ban nyilv\u00e1ntartsa.<\/li>\n<li>\u2013 A rendezv\u00e9nyen k\u00e9sz\u00fcl\u0151 film \u00e9s k\u00e9panyagaiban, elektronikus \u00e9s nyomtatott sajt\u00f3ban valamint ezek rekl\u00e1mc\u00e9l\u00fa felhaszn\u00e1l\u00e1s\u00e1ban szerepelhetek, ez\u00e9rt ellenszolg\u00e1ltat\u00e1st nem k\u00e9rek.<\/li>\n<li>\u2013 A versenysorozat mindk\u00e9t versenyfordul\u00f3j\u00e1n a saj\u00e1t felel\u0151ss\u00e9gemre veszek r\u00e9szt.<\/li>\n<li>\u2013 Eg\u00e9szs\u00e9gesen \u00e9s fizikailag felk\u00e9sz\u00fclten, j\u00f3 \u00e1llapotban l\u00e9v\u0151 ker\u00e9kp\u00e1rral \u00e1llok rajthoz.<\/li>\n<li>\u2013 Sz\u00fcks\u00e9g eset\u00e9n az orvosi vizsg\u00e1latba beleegyezem, az orvos utas\u00edt\u00e1sait elfogadom.<\/li>\n<li>\u2013 Ha a fenti okokra vagy a ki\u00edr\u00e1sban szerepl\u0151 rendelkez\u00e9sek megszeg\u00e9s\u00e9re visszavezethet\u0151 vagy versenybaleset eset\u00e9n b\u00e1rmilyen k\u00e1rosod\u00e1s \u00e9r, illetve t\u00e1volmarad\u00e1som eset\u00e9n a rendez\u0151k fel\u00e9 k\u00f6vetel\u00e9ssel nem \u00e9lek. Az esetleges k\u00e1rok\u00e9rt, amelyeket ker\u00e9kp\u00e1rommal, vagy szem\u00e9lyesen okozok m\u00e1s r\u00e9sztvev\u0151nek, k\u00edv\u00fcl\u00e1ll\u00f3nak, vagy a rendez\u0151knek, teljes m\u00e9rt\u00e9kben felelek \u00e9s azokat teljes m\u00e9rt\u00e9kben megt\u00e9r\u00edtem.<\/li>\n<\/ul>\n<p>Az online nevez\u00e9s \u201celk\u00fcld\u00e9s\u00e9vel\u201d a nyilatkozat tartalm\u00e1t magamra n\u00e9zve k\u00f6telez\u0151 \u00e9rv\u00e9ny\u0171nek fogadom el!<\/p>\n","protected":false},"excerpt":{"rendered":"<p>Biosaurus Id\u0151futam Bajnoks\u00e1g\u00a0 Szlov\u00e1k-Magyar Hat\u00e1ron \u00c1tny\u00fal\u00f3 Egyenk\u00e9nti Ind\u00edt\u00e1s\u00fa \u00a0Id\u0151futambajnoks\u00e1g 2. fordul\u00f3 II. Brigetio orsz\u00e1g\u00fati \u2013\u00e9s mtb id\u0151futam Id\u0151futambajnoks\u00e1g c\u00e9lja A k\u00f6z\u00f6s bajnoks\u00e1g c\u00e9lja a hat\u00e1ron \u00e1tny\u00fal\u00f3 kapcsolatok \u00e1pol\u00e1sa, a ker\u00e9kp\u00e1rsport megismertet\u00e9se \u00e9s n\u00e9pszer\u0171s\u00edt\u00e9se a hat\u00e1rmenti telep\u00fcl\u00e9seken. \u00c1ltal\u00e1nos inform\u00e1ci\u00f3k A versenysorozat 2 fordul\u00f3b\u00f3l \u00e1ll. Az 1. fordul\u00f3 \u00c9szak-Kom\u00e1romban (Szlov\u00e1kia), a 2. fordul\u00f3 Nagyigm\u00e1ndon (Magyarorsz\u00e1g) ker\u00fcl megrendez\u00e9sre. &hellip; <a href=\"https:\/\/brigetiosport.hu\/wordpress\/ii-brigetio-idofutam\/\" class=\"more-link\"><span class=\"screen-reader-text\">&#8222;II. Brigetio Id\u0151futam&#8221;<\/span> b\u0151vebben<\/a><\/p>\n","protected":false},"author":1,"featured_media":0,"parent":0,"menu_order":0,"comment_status":"closed","ping_status":"closed","template":"","meta":{"footnotes":""},"_links":{"self":[{"href":"https:\/\/brigetiosport.hu\/wordpress\/wp-json\/wp\/v2\/pages\/68"}],"collection":[{"href":"https:\/\/brigetiosport.hu\/wordpress\/wp-json\/wp\/v2\/pages"}],"about":[{"href":"https:\/\/brigetiosport.hu\/wordpress\/wp-json\/wp\/v2\/types\/page"}],"author":[{"embeddable":true,"href":"https:\/\/brigetiosport.hu\/wordpress\/wp-json\/wp\/v2\/users\/1"}],"replies":[{"embeddable":true,"href":"https:\/\/brigetiosport.hu\/wordpress\/wp-json\/wp\/v2\/comments?post=68"}],"version-history":[{"count":11,"href":"https:\/\/brigetiosport.hu\/wordpress\/wp-json\/wp\/v2\/pages\/68\/revisions"}],"predecessor-version":[{"id":1203,"href":"https:\/\/brigetiosport.hu\/wordpress\/wp-json\/wp\/v2\/pages\/68\/revisions\/1203"}],"wp:attachment":[{"href":"https:\/\/brigetiosport.hu\/wordpress\/wp-json\/wp\/v2\/media?parent=68"}],"curies":[{"name":"wp","href":"https:\/\/api.w.org\/{rel}","templated":true}]}}