{"id":65,"date":"2017-02-12T17:27:56","date_gmt":"2017-02-12T16:27:56","guid":{"rendered":"http:\/\/brigetiosport.hu\/wordpress\/?page_id=65"},"modified":"2017-07-12T11:29:16","modified_gmt":"2017-07-12T10:29:16","slug":"iii-brigetio-orszaguti-mezonyverseny","status":"publish","type":"page","link":"https:\/\/brigetiosport.hu\/wordpress\/iii-brigetio-orszaguti-mezonyverseny\/","title":{"rendered":"III. Brigetio Orsz\u00e1g\u00fati mez\u0151nyverseny"},"content":{"rendered":"<h2><strong>III. Brigetio Orsz\u00e1g\u00fati Mez\u0151nyverseny<\/strong><\/h2>\n<p>&#8211; Ny\u00edlt, nemzetk\u00f6zi orsz\u00e1g\u00fati mez\u0151nyverseny<br \/>\n&#8211; 2017 \u00e9vi Magyar Ker\u00e9kp\u00e1ros Amat\u0151r bajnoks\u00e1g 8. fordul\u00f3<br \/>\n&#8211; Magyar Szabadid\u0151sport Sz\u00f6vets\u00e9g, Szabadid\u0151s rendezv\u00e9ny<\/p>\n<p><img loading=\"lazy\" decoding=\"async\" class=\"aligncenter wp-image-662\" src=\"https:\/\/brigetiosport.hu\/wordpress\/wp-content\/uploads\/2017\/02\/70501-mintakismeret-724x1024.jpg\" alt=\"\" width=\"426\" height=\"603\" srcset=\"https:\/\/brigetiosport.hu\/wordpress\/wp-content\/uploads\/2017\/02\/70501-mintakismeret-724x1024.jpg 724w, https:\/\/brigetiosport.hu\/wordpress\/wp-content\/uploads\/2017\/02\/70501-mintakismeret-212x300.jpg 212w, https:\/\/brigetiosport.hu\/wordpress\/wp-content\/uploads\/2017\/02\/70501-mintakismeret-768x1086.jpg 768w, https:\/\/brigetiosport.hu\/wordpress\/wp-content\/uploads\/2017\/02\/70501-mintakismeret.jpg 1024w\" sizes=\"(max-width: 426px) 85vw, 426px\" \/><\/p>\n<p><strong>I. A rendezv\u00e9ny c\u00e9lja:<\/strong><\/p>\n<p>A rendszeres testedz\u00e9s, tov\u00e1bb\u00e1 az orsz\u00e1g\u00fati ker\u00e9kp\u00e1roz\u00e1s, mint versenysport n\u00e9pszer\u0171s\u00edt\u00e9se, ut\u00e1np\u00f3tl\u00e1snevel\u00e9s. A hazai \u00e9s k\u00fclf\u00f6ldi sportegyes\u00fcletekkel val\u00f3 kapcsolatok \u00e1pol\u00e1sa. Kom\u00e1rom v\u00e1ros turisztikai n\u00e9pszer\u0171s\u00edt\u00e9se.<\/p>\n<p><strong>II. A rendezv\u00e9ny f\u0151v\u00e9dn\u00f6ke:<br \/>\n<\/strong><br \/>\nDr. Moln\u00e1r Attila \u2013 Kom\u00e1rom V\u00e1ros Polg\u00e1rmestere<\/p>\n<p><strong>III. Szervez\u0151, versenyigazgat\u00f3k:<br \/>\n<\/strong><br \/>\nBrigetio Ker\u00e9kp\u00e1ros Sportegyes\u00fclet<br \/>\n2900 Kom\u00e1rom, Klapka Gy\u00f6rgy \u00fat 12. 3\/9<br \/>\nAd\u00f3sz\u00e1m: 18398160-1-11<\/p>\n<p>&#8211; Gregor Zolt\u00e1n \u2013 Brigetio Ker\u00e9kp\u00e1ros Sportegyes\u00fclet eln\u00f6ke:<br \/>\nEmail.: brigetiosport@brigetiosport.hu tel.: +36\/70\/411-6728<\/p>\n<p>&#8211; H\u00e9regi P\u00e9ter \u2013 Brigetio Ker\u00e9kp\u00e1ros Sportegyes\u00fclet aleln\u00f6ke:<br \/>\nEmail.: pheregi@brigetiosport.hu tel.: +36\/20\/490-4823<\/p>\n<p><strong>IV. A rendezv\u00e9ny helye, ideje:<\/strong><\/p>\n<p>A verseny id\u0151pontja: 2017.08.13 (vas\u00e1rnap) 10:00<br \/>\nRajt ideje, helye: Kom\u00e1rom, J\u00f3kai Liget (47.745990, 18.125840)<\/p>\n<p><strong>V. A rendezv\u00e9ny r\u00e9sztvev\u0151i:<br \/>\n<\/strong><br \/>\nAzok a n\u0151i \u00e9s f\u00e9rfi r\u00e9sztvev\u0151k, akik a versenyki\u00edr\u00e1sban meghat\u00e1rozottak szerint a nevez\u00e9si d\u00edjat befizett\u00e9k \u00e9s al\u00e1\u00edr\u00e1sukkal igazolj\u00e1k, hogy a r\u00e9szv\u00e9teli felt\u00e9teleket elfogadt\u00e1k! 18 \u00e9v alatti szem\u00e9ly kiz\u00e1r\u00f3lag sz\u00fcl\u0151i enged\u00e9llyel vehet r\u00e9szt a mez\u0151nyversenyen! A sz\u00fcl\u0151i hozz\u00e1j\u00e1rul\u00f3 nyilatkozatot ki kell t\u00f6lteni \u00e9s a helysz\u00ednen a rajtsz\u00e1m \u00e1tv\u00e9telekor leadni.<br \/>\nSz\u00fcl\u0151i hozz\u00e1j\u00e1rul\u00f3 nyilatkozat: <a href=\"https:\/\/brigetiosport.hu\/wordpress\/?media_dl=667\">LET\u00d6LT\u00c9S<\/a><\/p>\n<p><strong>VI. Program:<\/strong><br \/>\n07:30 \u2013 09:00: Rajtsz\u00e1mok \u00e1tv\u00e9tele<br \/>\n09:00 \u2013 09:50: Gy\u00fclekez\u0151 a c\u00e9legyenesben (Kom\u00e1rom, Sport utca)<br \/>\n09:55 \u2013 Dr. Moln\u00e1r Attila k\u00f6sz\u00f6nt\u0151 besz\u00e9de<br \/>\n10:00 \u2013 Lass\u00fa rajt<br \/>\n14:00 \u2013 Eredm\u00e9nyhirdet\u00e9s<\/p>\n<p><strong>VII. Korcsoportok \u00e9s t\u00e1vok:<\/strong> <img loading=\"lazy\" decoding=\"async\" class=\"aligncenter size-large wp-image-659\" src=\"https:\/\/brigetiosport.hu\/wordpress\/wp-content\/uploads\/2017\/02\/korcsoportok-1024x420.jpg\" alt=\"\" width=\"840\" height=\"345\" srcset=\"https:\/\/brigetiosport.hu\/wordpress\/wp-content\/uploads\/2017\/02\/korcsoportok-1024x420.jpg 1024w, https:\/\/brigetiosport.hu\/wordpress\/wp-content\/uploads\/2017\/02\/korcsoportok-300x123.jpg 300w, https:\/\/brigetiosport.hu\/wordpress\/wp-content\/uploads\/2017\/02\/korcsoportok-768x315.jpg 768w, https:\/\/brigetiosport.hu\/wordpress\/wp-content\/uploads\/2017\/02\/korcsoportok.jpg 1096w\" sizes=\"(max-width: 709px) 85vw, (max-width: 909px) 67vw, (max-width: 1362px) 62vw, 840px\" \/><\/p>\n<p><strong>VIII. \u00datvonalak<br \/>\n<\/strong><br \/>\nA versenyt\u00e1vok \u00fatvonalai Rend\u0151rs\u00e9g \u00e1ltal biztos\u00edtva vannak. Minden r\u00e9szt vev\u0151 kiz\u00e1r\u00f3lag a korcsoportokban (VII. pont) meghat\u00e1rozott t\u00e1von indulhat.<\/p>\n<p><strong>Hossz\u00fat\u00e1v:<\/strong> Kom\u00e1rom\u00ac-Nagyigm\u00e1nd \u00ac-Kocs-Tata-K\u00f6ml\u0151d-Dad-\u00acCs\u00e1sz\u00e1r (friss\u00edt\u0151 \u00e1llom\u00e1s) -\u00ac Kisb\u00e9r\u2013\u00acKom\u00e1rom<\/p>\n<p>https:\/\/www.strava.com\/routes\/8671571<\/p>\n<p>Lass\u00fa rajttal egy\u00fctt: 97 km<br \/>\n\u00c9les versenyt\u00e1v: 91 km<br \/>\nSzintk\u00fcl\u00f6nbs\u00e9g: 610 m<\/p>\n<p><img loading=\"lazy\" decoding=\"async\" class=\"aligncenter size-large wp-image-660\" src=\"https:\/\/brigetiosport.hu\/wordpress\/wp-content\/uploads\/2017\/02\/hosszutavszintel-1024x656.jpg\" alt=\"\" width=\"840\" height=\"538\" srcset=\"https:\/\/brigetiosport.hu\/wordpress\/wp-content\/uploads\/2017\/02\/hosszutavszintel-1024x656.jpg 1024w, https:\/\/brigetiosport.hu\/wordpress\/wp-content\/uploads\/2017\/02\/hosszutavszintel-300x192.jpg 300w, https:\/\/brigetiosport.hu\/wordpress\/wp-content\/uploads\/2017\/02\/hosszutavszintel-768x492.jpg 768w, https:\/\/brigetiosport.hu\/wordpress\/wp-content\/uploads\/2017\/02\/hosszutavszintel.jpg 1027w\" sizes=\"(max-width: 709px) 85vw, (max-width: 909px) 67vw, (max-width: 1362px) 62vw, 840px\" \/><br \/>\n<strong>R\u00f6vidt\u00e1v:<\/strong> Kom\u00e1rom-Nagyigm\u00e1nd-Kocs-Mocsa-Kom\u00e1rom<\/p>\n<p>https:\/\/www.strava.com\/routes\/8671745<\/p>\n<p>Lass\u00fa rajttal egy\u00fctt: 43 km<br \/>\n\u00c9les versenyt\u00e1v: 37,5 km<br \/>\nSzintk\u00fcl\u00f6nbs\u00e9g: 182 m<\/p>\n<p><img loading=\"lazy\" decoding=\"async\" class=\"aligncenter size-full wp-image-661\" src=\"https:\/\/brigetiosport.hu\/wordpress\/wp-content\/uploads\/2017\/02\/rovidtavszintel.jpg\" alt=\"\" width=\"980\" height=\"655\" srcset=\"https:\/\/brigetiosport.hu\/wordpress\/wp-content\/uploads\/2017\/02\/rovidtavszintel.jpg 980w, https:\/\/brigetiosport.hu\/wordpress\/wp-content\/uploads\/2017\/02\/rovidtavszintel-300x201.jpg 300w, https:\/\/brigetiosport.hu\/wordpress\/wp-content\/uploads\/2017\/02\/rovidtavszintel-768x513.jpg 768w\" sizes=\"(max-width: 709px) 85vw, (max-width: 909px) 67vw, (max-width: 1362px) 62vw, 840px\" \/><\/p>\n<p><strong><br \/>\nIX. Rajtproced\u00fara<\/strong><\/p>\n<p>A r\u00f6vid \u00e9s hossz\u00fa t\u00e1v r\u00e9sztvev\u0151i 10:00 \u00f3rakor k\u00f6z\u00f6sen, lass\u00fa rajttal indulnak Kom\u00e1rom, J\u00f3kai ligetb\u0151l. A rajtn\u00e1l val\u00f3 felsorakoztat\u00e1s sor\u00e1n a hossz\u00fat\u00e1v indul\u00f3i a mez\u0151ny elej\u00e9n, a hossz\u00fa t\u00e1vot felvezet\u0151 g\u00e9pj\u00e1rm\u0171 m\u00f6g\u00f6tt sorakoznak fel, a r\u00f6vidt\u00e1v indul\u00f3i a mez\u0151ny v\u00e9g\u00e9n, a r\u00f6vidt\u00e1vot felvezet\u0151 g\u00e9pj\u00e1rm\u0171 m\u00f6g\u00f6tt sorakoznak fel. A k\u00e9t mez\u0151ny k\u00f6z\u00f6sen, lass\u00fa rajttal hagyja el Kom\u00e1rom v\u00e1ros\u00e1t, majd a v\u00e1rost elhagyva az \u00e9les rajtig sz\u00e9th\u00faz\u00e1sra ker\u00fcl a k\u00e9t t\u00e1v mez\u0151nye, \u00edgy a k\u00e9t t\u00e1v k\u00fcl\u00f6n rajtol. Az id\u0151m\u00e9r\u00e9s az \u00e9les rajtot k\u00f6vet\u0151en indul.<\/p>\n<p><strong>X. Helyez\u00e9sek eld\u00f6nt\u00e9se:<br \/>\n<\/strong><br \/>\nA kateg\u00f3ri\u00e1nk\u00e9nti versenyek gy\u0151ztese az, aki a ki\u00edrt t\u00e1vot szab\u00e1lyszer\u0171en, a leggyorsabban teljes\u00edti. Chipes id\u0151m\u00e9r\u00e9s.<\/p>\n<p><strong>XI. D\u00edjaz\u00e1s:<\/strong><\/p>\n<ul>\n<li>A korcsoportok 1-3 helyezettjei \u00e9rem &#8211; \u00e9s egyedi k\u00e9zm\u0171ves mester \u00e1ltal k\u00e9sz\u00edtett d\u00edjban r\u00e9szes\u00fclnek.<\/li>\n<li>A hossz\u00fat\u00e1v abszol\u00fat 1-3 helyezettjei p\u00e9nzd\u00edjaz\u00e1sban r\u00e9szes\u00fclnek.<\/li>\n<\/ul>\n<ol>\n<li>helyezett: 50.000 F<strong>t<\/strong><\/li>\n<li>helyezett: 30.000 Ft<\/li>\n<li>helyezett: 20.000 Ft<\/li>\n<\/ol>\n<ul>\n<li>A helyezetteket egy\u00e9b t\u00e1rgyjutalmakkal, bel\u00e9p\u0151kkel, utalv\u00e1nyokkal d\u00edjazzuk.<\/li>\n<\/ul>\n<p><strong>XII. Nevez\u00e9s:<\/strong><\/p>\n<p>El\u0151nevez\u00e9si d\u00edj: 2017.08.07-ig \u00e9rv\u00e9nyes<\/p>\n<p>r\u00f6vidt\u00e1v: 5.000 Ft<br \/>\nhossz\u00fat\u00e1v: 7.000 Ft<br \/>\nEl\u0151nevez\u00e9si hat\u00e1rid\u0151: 2017.augusztus 7. \u00e9jf\u00e9l<\/p>\n<p>Az el\u0151nevez\u00e9s csak akkor \u00e9rv\u00e9nyes, ha 2017. augusztus 7 \u00e9jf\u00e9lig a nevez\u00e9si d\u00edj az egyes\u00fclet banksz\u00e1ml\u00e1j\u00e1ra \u00e1tutal\u00e1ssal, vagy szem\u00e9lyesen a Piko Bike ker\u00e9kp\u00e1r\u00fczletbe befizet\u00e9sre ker\u00fclt.<\/p>\n<p>Banki \u00e1tutal\u00e1s:<br \/>\nBrigetio Ker\u00e9kp\u00e1ros Sportegyes\u00fclet<br \/>\nK&amp;H Bank, 10403631-50526775-68811005<\/p>\n<p>A nevez\u00e9sn\u00e9l az \u00e1tutal\u00f3 nev\u00e9t, c\u00edm\u00e9t \u00e9s \u2013 jogi szem\u00e9ly eset\u00e9n \u2013 ad\u00f3sz\u00e1m\u00e1t kell megadni! A megjegyz\u00e9s rovatba az indul\u00f3k nev\u00e9t, sz\u00e1mla ig\u00e9nyt k\u00e9rj\u00fck felt\u00fcntetni. Egyes\u00fcleti sz\u00e1mla ig\u00e9ny eset\u00e9n csak az egyes\u00fclet sz\u00e1ml\u00e1j\u00e1r\u00f3l tudunk elfogadni utal\u00e1st! Ellenkez\u0151 esetben nem \u00e1ll m\u00f3dunkban egyes\u00fclet nev\u00e9re sz\u00e1ml\u00e1t ki\u00e1ll\u00edtani!<\/p>\n<p>El\u0151nevez\u00e9s befizet\u00e9se szem\u00e9lyesen a Piko Bike \u00dczletben:<br \/>\nC\u00edm: Szlov\u00e1kia, 94505 \u00c9szak \u2013 Kom\u00e1rom (Kom\u00e1rno), Polg\u00e1r u. (Me\u0161tianska) 3018<\/p>\n<p>Helysz\u00edni nevez\u00e9si d\u00edj:<br \/>\nr\u00f6vidt\u00e1v: 8.000 Ft<br \/>\nhossz\u00fat\u00e1v: 10.000 Ft<\/p>\n<p>Nevez\u00e9si d\u00edj kedvezm\u00e9nyek:<br \/>\nAKESZ rendszer\u00e9ben 2017 \u00e9vre \u00e9rv\u00e9nyes regisztr\u00e1ci\u00f3 eset\u00e9n: 10%<\/p>\n<p><strong><span style=\"color: #00ccff;\">El\u0151nevez\u00e9s:<\/span><\/strong> <a href=\"http:\/\/nevezes.com\/reg.jsp?eventid=84\" target=\"_blank\" rel=\"noopener noreferrer\">LINK<\/a><\/p>\n<p><strong>XIII. Nevez\u00e9si d\u00edj tartalmazza:<\/strong><\/p>\n<p>&#8211; indul\u00e1s jog\u00e1t,<br \/>\n&#8211; chipes id\u0151m\u00e9r\u00e9st,<br \/>\n&#8211; teljes rend\u0151ri \u00fatvonalbiztos\u00edt\u00e1st, biztos\u00edt\u00f3 motorosokat, szem\u00e9lyzetet<br \/>\n&#8211; eg\u00e9szs\u00e9g\u00fcgyi els\u0151seg\u00e9ly ell\u00e1t\u00e1st, mozg\u00f3 \u00fcgyelet a mez\u0151nyt k\u00f6vetve<br \/>\n&#8211; felvezet\u0151, z\u00e1r\u00f3aut\u00f3 minden t\u00e1von<br \/>\n&#8211; 1 db SIS energy g\u00e9lt a rajtcsomagba mindk\u00e9t t\u00e1von<br \/>\n&#8211; 1 db SIS energia szeletet hossz\u00fa t\u00e1von<br \/>\n&#8211; 1 db Brigetio KSE hivatalos kulacs\u00e1t a rajtcsomagba<br \/>\n&#8211; hossz\u00fat\u00e1von 1 friss\u00edt\u0151\u00e1llom\u00e1st<br \/>\n&#8211; lime \u00edz\u0171 j\u00e9gk\u00e1sa a rajt\/c\u00e9l ter\u00fcleten<br \/>\n&#8211; t\u00e9sztaparti (kiz\u00e1r\u00f3lag el\u0151nevez\u00e9s eset\u00e9n!)<br \/>\n&#8211; ingyenesen l\u00e1togathat\u00f3 az Igm\u00e1ndi Er\u0151d k\u0151t\u00e1ra<br \/>\n&#8211; kedvezm\u00e9nyes bel\u00e9p\u00e9s a rajtsz\u00e1m felmutat\u00f3j\u00e1nak a Brigetio Gy\u00f3gyf\u00fcrd\u0151be<br \/>\n&#8211; 30% kedvezm\u00e9nyt a Teremgokart p\u00e1ly\u00e1ra<br \/>\n&#8211; 50% kedvezm\u00e9ny a helyben fogyasztott pizz\u00e1k \u00e1r\u00e1b\u00f3l a rajtsz\u00e1m felmutat\u00f3j\u00e1nak + 2 f\u0151nek a Boss-Co pizz\u00e9ri\u00e1ban<\/p>\n<p><strong>XIV. Versenyszab\u00e1lyok:<\/strong><\/p>\n<p>&#8211; A rendezv\u00e9nyen minden r\u00e9sztvev\u0151 a rendez\u0151k \u00e1ltal biztos\u00edtott rajtsz\u00e1mmal, \u00e9s chipel indul.<br \/>\n&#8211; A rendezv\u00e9nyen mindenki saj\u00e1t felel\u0151ss\u00e9g\u00e9re indulhat, a versenyki\u00edr\u00e1s \u00e9s k\u00f6zleked\u00e9si szab\u00e1lyok -KRESZ, K\u00d6H\u00c9M- betart\u00e1sa mellett. A rendezv\u00e9nyen aj\u00e1nlott a j\u00f3l l\u00e1that\u00f3 ruh\u00e1zat visel\u00e9se.<br \/>\n&#8211; A rendezv\u00e9nyen buk\u00f3sisak visel\u00e9se k\u00f6telez\u0151!<br \/>\n&#8211; A rendezv\u00e9nyen olyan ker\u00e9kp\u00e1rral, melynek korm\u00e1ny\u00e1n korm\u00e1nyr\u00e1t\u00e9t (k\u00f6ny\u00f6kl\u0151, triatlonkorm\u00e1ny) van, elindulni tilos!<br \/>\n&#8211; Aki a rajthelyre korm\u00e1nyr\u00e1t\u00e9ttel pr\u00f3b\u00e1l be\u00e1llni azt a rendez\u0151s\u00e9g nem engedi elindulni.<br \/>\n&#8211; A versenyen mindenki saj\u00e1t felel\u0151ss\u00e9g\u00e9re vesz r\u00e9szt!<br \/>\n&#8211; Az esetleges balesetek\u00e9rt \u00e9s a versenyki\u00edr\u00e1s be nem tart\u00e1s\u00e1b\u00f3l bek\u00f6vetkez\u0151, ill. eg\u00e9szs\u00e9g\u00fcgyi okokb\u00f3l bek\u00f6vetkezett balesetek\u00e9rt \u00e9s s\u00e9r\u00fcl\u00e9sek\u00e9rt a rendez\u0151 semmif\u00e9le felel\u0151ss\u00e9get nem v\u00e1llal, k\u00e1rt\u00e9r\u00edt\u00e9sre nem k\u00f6telezhet\u0151.<br \/>\n&#8211; A rendezv\u00e9nyen minden r\u00e9sztvev\u0151 k\u00f6teles a rendez\u0151 \u00e1ltal biztos\u00edtott rekl\u00e1manyagot a felszerel\u00e9s\u00e9n, ker\u00e9kp\u00e1ron, \u2026 stb elhelyezni. Aki ennek nem tesz eleget a rendezv\u00e9nyr\u0151l kiz\u00e1rhat\u00f3.<br \/>\n&#8211; \u00d3v\u00e1st beny\u00fajtani a c\u00e9lba \u00e9rkez\u00e9st k\u00f6vet\u0151en 10 percen bel\u00fcl, \u00edr\u00e1sban van lehet\u0151s\u00e9g. \u00d3v\u00e1si d\u00edj: 15.000.-Ft<\/p>\n<p><strong>XV. R\u00e9sztvev\u0151 nyilatkozata:<\/strong><\/p>\n<p>&#8211; Az online nevez\u00e9s regisztr\u00e1ci\u00f3s adatlapj\u00e1nak kit\u00f6lt\u00e9se \u00f6nk\u00e9ntes adatk\u00f6zl\u00e9s. Hozz\u00e1j\u00e1rulok, hogy a nevez\u00e9si lapon szerepl\u0151 adataimat a rendez\u0151 az esem\u00e9ny adatb\u00e1zis\u00e1ban nyilv\u00e1ntartsa.<br \/>\n&#8211; A rendezv\u00e9nyen k\u00e9sz\u00fcl\u0151 film \u00e9s k\u00e9panyagaiban, elektronikus \u00e9s nyomtatott sajt\u00f3ban valamint ezek rekl\u00e1mc\u00e9l\u00fa felhaszn\u00e1l\u00e1s\u00e1ban szerepelhetek, ez\u00e9rt ellenszolg\u00e1ltat\u00e1st nem k\u00e9rek.<br \/>\n&#8211; A III. Brigetio orsz\u00e1g\u00fati mez\u0151nyversenyen saj\u00e1t felel\u0151ss\u00e9gemre veszek r\u00e9szt.<br \/>\n&#8211; A III. Brigetio orsz\u00e1g\u00fati mez\u0151nyverseny versenykii\u00edr\u00e1s\u00e1t elolvastam, tudom\u00e1sul vettem, annak pontjait betartom \u00e9s magamra k\u00f6telez\u0151 \u00e9rv\u00e9ny\u0171nek tekintem.<br \/>\n&#8211; Eg\u00e9szs\u00e9gesen \u00e9s fizikailag felk\u00e9sz\u00fclten \u00e1llok rajthoz.<br \/>\n&#8211; Sz\u00fcks\u00e9g eset\u00e9n az orvosi vizsg\u00e1latba beleegyezem, az orvos utas\u00edt\u00e1sait elfogadom.<br \/>\n&#8211; Ha a fenti okokra vagy a ki\u00edr\u00e1sban szerepl\u0151 rendelkez\u00e9sek megszeg\u00e9s\u00e9re visszavezethet\u0151 vagy versenybaleset eset\u00e9n b\u00e1rmilyen k\u00e1rosod\u00e1s \u00e9r, illetve t\u00e1volmarad\u00e1som eset\u00e9n a rendez\u0151k fel\u00e9 k\u00f6vetel\u00e9ssel nem \u00e9lek.<br \/>\n&#8211; Az online nevez\u00e9s \u201celk\u00fcld\u00e9s\u00e9vel\u201d a nyilatkozat tartalm\u00e1t magamra n\u00e9zve k\u00f6telez\u0151 \u00e9rv\u00e9ny\u0171nek fogadom el!<\/p>\n<p><strong>XVI. Sajt\u00f3 \u00e9s egy\u00e9b m\u00e9dia szab\u00e1lyzat:<\/strong><\/p>\n<p>Egy\u00e9ni felv\u00e9teleket a Rendezv\u00e9nyen val\u00f3 r\u00e9szv\u00e9tel\u00e9r\u0151l minden r\u00e9sztvev\u0151 csak saj\u00e1t, egy\u00e9ni felhaszn\u00e1l\u00e1sra k\u00e9sz\u00edthet, azokat kereskedelmi, rekl\u00e1m, prom\u00f3ci\u00f3s \u00e9s egy\u00e9b c\u00e9lokra a Szervez\u0151 \u00edr\u00e1sos beleegyez\u00e9se n\u00e9lk\u00fcl fel nem haszn\u00e1lhatja. Tilos b\u00e1rmilyen felv\u00e9tel, vagy felv\u00e9tel m\u00e1solat\u00e1nak internetes honlapon, nyomtatott sajt\u00f3ban, telev\u00edzi\u00f3ban val\u00f3 bemutat\u00e1sa \u00fczleti c\u00e9llal, a Szervez\u0151 el\u0151zetes \u00edr\u00e1sbeli enged\u00e9lye n\u00e9lk\u00fcl. A r\u00e9sztvev\u0151 a Rendezv\u00e9nyre val\u00f3 nevez\u00e9ssel \u00e1truh\u00e1zza a Rendezv\u00e9nyen val\u00f3 r\u00e9szv\u00e9tel\u00e9r\u0151l k\u00e9sz\u00fclt b\u00e1rmilyen nem\u0171 felv\u00e9tel rendelkez\u00e9si \u00e9s nemzetk\u00f6zi terjeszt\u00e9si \u00e9s kiz\u00e1r\u00f3lagos felhaszn\u00e1l\u00e1si jogait a Szervez\u0151 c\u00e9gre, \u00edgy minden a Rendezv\u00e9ny ideje alatt a Rendezv\u00e9nyr\u0151l k\u00e9sz\u00fclt k\u00e9p jogai kiz\u00e1r\u00f3lagosan a Szervez\u0151t illetik.<\/p>\n<p><em>A ki\u00edr\u00e1s v\u00e1ltoztat\u00e1si jog\u00e1t a szervez\u0151k fenntartj\u00e1k! Mindenkinek kellemes versenyz\u00e9st k\u00edv\u00e1nunk!<\/em><\/p>\n","protected":false},"excerpt":{"rendered":"<p>III. Brigetio Orsz\u00e1g\u00fati Mez\u0151nyverseny &#8211; Ny\u00edlt, nemzetk\u00f6zi orsz\u00e1g\u00fati mez\u0151nyverseny &#8211; 2017 \u00e9vi Magyar Ker\u00e9kp\u00e1ros Amat\u0151r bajnoks\u00e1g 8. fordul\u00f3 &#8211; Magyar Szabadid\u0151sport Sz\u00f6vets\u00e9g, Szabadid\u0151s rendezv\u00e9ny I. A rendezv\u00e9ny c\u00e9lja: A rendszeres testedz\u00e9s, tov\u00e1bb\u00e1 az orsz\u00e1g\u00fati ker\u00e9kp\u00e1roz\u00e1s, mint versenysport n\u00e9pszer\u0171s\u00edt\u00e9se, ut\u00e1np\u00f3tl\u00e1snevel\u00e9s. A hazai \u00e9s k\u00fclf\u00f6ldi sportegyes\u00fcletekkel val\u00f3 kapcsolatok \u00e1pol\u00e1sa. Kom\u00e1rom v\u00e1ros turisztikai n\u00e9pszer\u0171s\u00edt\u00e9se. II. A rendezv\u00e9ny f\u0151v\u00e9dn\u00f6ke: &hellip; <a href=\"https:\/\/brigetiosport.hu\/wordpress\/iii-brigetio-orszaguti-mezonyverseny\/\" class=\"more-link\"><span class=\"screen-reader-text\">&#8222;III. Brigetio Orsz\u00e1g\u00fati mez\u0151nyverseny&#8221;<\/span> b\u0151vebben<\/a><\/p>\n","protected":false},"author":3,"featured_media":0,"parent":0,"menu_order":0,"comment_status":"closed","ping_status":"closed","template":"","meta":{"footnotes":""},"_links":{"self":[{"href":"https:\/\/brigetiosport.hu\/wordpress\/wp-json\/wp\/v2\/pages\/65"}],"collection":[{"href":"https:\/\/brigetiosport.hu\/wordpress\/wp-json\/wp\/v2\/pages"}],"about":[{"href":"https:\/\/brigetiosport.hu\/wordpress\/wp-json\/wp\/v2\/types\/page"}],"author":[{"embeddable":true,"href":"https:\/\/brigetiosport.hu\/wordpress\/wp-json\/wp\/v2\/users\/3"}],"replies":[{"embeddable":true,"href":"https:\/\/brigetiosport.hu\/wordpress\/wp-json\/wp\/v2\/comments?post=65"}],"version-history":[{"count":10,"href":"https:\/\/brigetiosport.hu\/wordpress\/wp-json\/wp\/v2\/pages\/65\/revisions"}],"predecessor-version":[{"id":753,"href":"https:\/\/brigetiosport.hu\/wordpress\/wp-json\/wp\/v2\/pages\/65\/revisions\/753"}],"wp:attachment":[{"href":"https:\/\/brigetiosport.hu\/wordpress\/wp-json\/wp\/v2\/media?parent=65"}],"curies":[{"name":"wp","href":"https:\/\/api.w.org\/{rel}","templated":true}]}}