{"id":62,"date":"2017-02-12T17:27:28","date_gmt":"2017-02-12T16:27:28","guid":{"rendered":"http:\/\/brigetiosport.hu\/wordpress\/?page_id=62"},"modified":"2017-03-01T05:33:05","modified_gmt":"2017-03-01T04:33:05","slug":"vi-brigetio-szomod-dh","status":"publish","type":"page","link":"https:\/\/brigetiosport.hu\/wordpress\/vi-brigetio-szomod-dh\/","title":{"rendered":"VI. Brigetio Szom\u00f3d DH"},"content":{"rendered":"\n\t\t<div id='gallery-1' class='gallery galleryid-62 gallery-columns-3 gallery-size-thumbnail gallery1'><script type=\"text\/javascript\">\r\n\/\/ <![CDATA[\r\n\tjQuery(document).ready(function () {\r\n\t\tjQuery(\".gallery1 a\").attr(\"rel\",\"gallery1\");\t\r\n\t\tjQuery('a[rel=\"gallery1\"]').colorbox({maxWidth:\"95%\", maxHeight:\"95%\",title: function(){ return jQuery(this).children().attr(\"alt\"); }});\r\n\t});\r\n\/\/ ]]>\r\n<\/script>\n<figure class=\"gallery-item\">\n<div class=\"gallery-icon\">\r\n<a href=\"https:\/\/brigetiosport.hu\/wordpress\/wp-content\/uploads\/2017\/02\/2017_dhplakat.jpg\" title=\"\" rel=\"gallery1\"><img loading=\"lazy\" decoding=\"async\" src=\"https:\/\/brigetiosport.hu\/wordpress\/wp-content\/uploads\/2017\/02\/2017_dhplakat-150x150.jpg\" width=\"150\" height=\"150\" alt=\"\" \/><\/a>\r\n<\/div><\/figure>\r\n\t\t<\/div>\n\n<div class=\"clear\"><\/div>\n<p><strong>2017.04.01. Szombat<\/strong><\/p>\n<p><strong>08:00-18:00<\/strong> Szabadedz\u00e9s<\/p>\n<p><strong>2017.04.02. Vas\u00e1rnap:<\/strong><\/p>\n<p><strong>08:00-12:00<\/strong> Nevez\u00e9s \u00e9s szabadedz\u00e9s<br \/>\n<strong>12:00-14:30<\/strong> Id\u0151m\u00e9r\u0151<br \/>\n<strong>15:00-16:30<\/strong> D\u00f6nt\u0151<br \/>\n<strong>17:00<\/strong> Eredm\u00e9nyh\u00edrdet\u00e9s<\/p>\n<p><strong>Kateg\u00f3ri\u00e1k:<\/strong><\/p>\n<p>Elite<br \/>\nHobby<br \/>\nMerev<br \/>\nN\u0151i<br \/>\nJunior (18 \u00e9ves korig)<br \/>\nMaster (30+)<\/p>\n<p><strong>Helysz\u00edni nevez\u00e9si d\u00edj:<\/strong> 3000 Ft<\/p>\n<p><strong>Versenyki\u00edr\u00e1s:<\/strong><br \/>\n18 \u00e9v alatti szem\u00e9ly kiz\u00e1r\u00f3lag sz\u00fcl\u0151i enged\u00e9llyel vehet r\u00e9szt az V. Szom\u00f3d DH-n! A sz\u00fcl\u0151i enged\u00e9lyes pap\u00edr let\u00f6lt\u00e9s\u00e9t k\u00f6vet\u0151en, ki kell t\u00f6lteni, majd a versenyre kinyomtatni, elhozni \u00e9s nevez\u00e9skor leadni! A helysz\u00ednen is lesz lehet\u0151s\u00e9g ezt a nyomtatv\u00e1nyt kit\u00f6lteni.<br \/>\n<strong>Sz\u00fcl\u0151i felel\u0151ss\u00e9gv\u00e1llal\u00e1si nyilatkozat:<\/strong> <a href=\"http:\/\/www.brigetiosport.hu\/cutenews\/uploads\/szuloi-felelossegvallalasi-nyilatkozat.pdf\">http:\/\/www.brigetiosport.hu\/cutenews\/uploads\/szuloi-felelossegvallalasi-nyilatkozat.pdf<\/a><br \/>\nP\u00e1ly\u00e1t csakis saj\u00e1t felel\u0151ss\u00e9ggel lehet haszn\u00e1lni, a szervez\u0151k semmif\u00e9le szem\u00e9lyi vagy anyagi k\u00e1rok\u00e9rt nem v\u00e1llalnak felel\u0151ss\u00e9get! A p\u00e1ly\u00e1t csakis megfelel\u0151 m\u0171szaki \u00e1llapot\u00fa ker\u00e9kp\u00e1rral lehet haszn\u00e1lni!<br \/>\nK\u00f6telez\u0151 v\u00e9d\u0151felszerel\u00e9s a buk\u00f3sisak a t\u00f6bbi v\u00e9d\u0151felszerel\u00e9s aj\u00e1nlott!<br \/>\nA p\u00e1lya teteje term\u00e9szetv\u00e9delmi ter\u00fclet!!! Ez\u00e9rt k\u00e9rek mindenkit csakis a kijel\u00f6lt helyen tart\u00f3zkodjon! Szemetelni tilos!!<br \/>\nSzombaton a szabadedz\u00e9s napj\u00e1n a p\u00e1lya ingyenesen, nevez\u00e9s n\u00e9lk\u00fcl haszn\u00e1lhat\u00f3!<br \/>\nVas\u00e1rnap csakis \u00e9rv\u00e9nyes nevez\u00e9ssel, rajtsz\u00e1mmal lehet a p\u00e1ly\u00e1n tart\u00f3zkodni illetve edzeni, versenyezni!<br \/>\nK\u00e9rek mindenkit, hogy a kijel\u00f6lt feltol\u00f3 nyomot haszn\u00e1lj\u00e1tok! Ne akad\u00e1lyozz\u00e1tok versenyz\u0151 t\u00e1rsaitokat!<br \/>\nSajnos felsz\u00e1ll\u00edt\u00e1st nem tudunk v\u00e1llalni, mert nem rendelkez\u00fcnk a p\u00e1lya tetej\u00e9hez rendes \u00fattal!<\/p>\n<p><strong>Parkol\u00e1s:<\/strong> Csakis az erre kijel\u00f6lt helyen lehet a domb alj\u00e1n, mert k\u00fcl\u00f6nben baleset eset\u00e9n a ment\u0151 nem tud kell\u0151 id\u0151ben eljutni a p\u00e1ly\u00e1hoz!!!!<\/p>\n<p><strong>Megk\u00f6zel\u00edt\u00e9s:<\/strong> P\u00e1lya c\u00edme: Szom\u00f3d GPS Koordin\u00e1ta a p\u00e1ly\u00e1hoz: 47.698641,18.32527<br \/>\nVagy Szom\u00f3d F\u0151 utca 100. innen egyenest tov\u00e1bb egy kavicsos \u00fatig, k\u00f6vetkez\u0151 lehet\u0151s\u00e9gn\u00e9l jobbra \u00e9s ott ki lesz jel\u00f6lve a parkol\u00f3 hely!<br \/>\nMindenhol ki lesz plak\u00e1tozva, egy nagy DH-jelet figyeljetek mindig \u00e9s ezt k\u00f6vess\u00e9tek!<br \/>\nDe itt van k\u00e9t rajz is:<br \/>\n<a href=\"https:\/\/plus.google.com\/u\/0\/photos\/107851257205971203834\/albums\/5853168421706255265\">https:\/\/plus.google.com\/u\/0\/photos\/107851257205971203834\/albums\/5853168421706255265<\/a><\/p>\n<p><strong>Akik vonattal \u00e9rkeznek:<\/strong><br \/>\nBudapest fel\u0151l a Keleti \u00e9s D\u00e9li p\u00e1lyaudvarr\u00f3l indulnak erre vonatok, Gy\u0151r c\u00e9llal, illetve Gy\u0151r fel\u0151l is j\u00f6nnek Pest fel\u00e9!<br \/>\nFontos! Tat\u00e1n kell le sz\u00e1llni nem Tatab\u00e1ny\u00e1n!!!<\/p>\n<p>Balesetmentes \u00e9s \u00e9lm\u00e9nyekben gazdag versenyt k\u00edv\u00e1nunk minden nevez\u0151nek!<\/p>\n","protected":false},"excerpt":{"rendered":"<p>2017.04.01. Szombat 08:00-18:00 Szabadedz\u00e9s 2017.04.02. Vas\u00e1rnap: 08:00-12:00 Nevez\u00e9s \u00e9s szabadedz\u00e9s 12:00-14:30 Id\u0151m\u00e9r\u0151 15:00-16:30 D\u00f6nt\u0151 17:00 Eredm\u00e9nyh\u00edrdet\u00e9s Kateg\u00f3ri\u00e1k: Elite Hobby Merev N\u0151i Junior (18 \u00e9ves korig) Master (30+) Helysz\u00edni nevez\u00e9si d\u00edj: 3000 Ft Versenyki\u00edr\u00e1s: 18 \u00e9v alatti szem\u00e9ly kiz\u00e1r\u00f3lag sz\u00fcl\u0151i enged\u00e9llyel vehet r\u00e9szt az V. Szom\u00f3d DH-n! A sz\u00fcl\u0151i enged\u00e9lyes pap\u00edr let\u00f6lt\u00e9s\u00e9t k\u00f6vet\u0151en, ki kell t\u00f6lteni, &hellip; <a href=\"https:\/\/brigetiosport.hu\/wordpress\/vi-brigetio-szomod-dh\/\" class=\"more-link\"><span class=\"screen-reader-text\">&#8222;VI. Brigetio Szom\u00f3d DH&#8221;<\/span> b\u0151vebben<\/a><\/p>\n","protected":false},"author":1,"featured_media":0,"parent":0,"menu_order":0,"comment_status":"closed","ping_status":"closed","template":"","meta":{"footnotes":""},"_links":{"self":[{"href":"https:\/\/brigetiosport.hu\/wordpress\/wp-json\/wp\/v2\/pages\/62"}],"collection":[{"href":"https:\/\/brigetiosport.hu\/wordpress\/wp-json\/wp\/v2\/pages"}],"about":[{"href":"https:\/\/brigetiosport.hu\/wordpress\/wp-json\/wp\/v2\/types\/page"}],"author":[{"embeddable":true,"href":"https:\/\/brigetiosport.hu\/wordpress\/wp-json\/wp\/v2\/users\/1"}],"replies":[{"embeddable":true,"href":"https:\/\/brigetiosport.hu\/wordpress\/wp-json\/wp\/v2\/comments?post=62"}],"version-history":[{"count":7,"href":"https:\/\/brigetiosport.hu\/wordpress\/wp-json\/wp\/v2\/pages\/62\/revisions"}],"predecessor-version":[{"id":107,"href":"https:\/\/brigetiosport.hu\/wordpress\/wp-json\/wp\/v2\/pages\/62\/revisions\/107"}],"wp:attachment":[{"href":"https:\/\/brigetiosport.hu\/wordpress\/wp-json\/wp\/v2\/media?parent=62"}],"curies":[{"name":"wp","href":"https:\/\/api.w.org\/{rel}","templated":true}]}}