{"id":59,"date":"2017-02-12T17:26:55","date_gmt":"2017-02-12T16:26:55","guid":{"rendered":"http:\/\/brigetiosport.hu\/wordpress\/?page_id=59"},"modified":"2017-04-22T21:10:53","modified_gmt":"2017-04-22T20:10:53","slug":"iii-brigetio-maraton","status":"publish","type":"page","link":"https:\/\/brigetiosport.hu\/wordpress\/iii-brigetio-maraton\/","title":{"rendered":"III. Brigetio MTB Maraton"},"content":{"rendered":"<p><img loading=\"lazy\" decoding=\"async\" class=\"alignleft wp-image-147\" src=\"https:\/\/brigetiosport.hu\/wordpress\/wp-content\/uploads\/2017\/02\/xcm_flyer-724x1024.jpg\" alt=\"\" width=\"332\" height=\"470\" srcset=\"https:\/\/brigetiosport.hu\/wordpress\/wp-content\/uploads\/2017\/02\/xcm_flyer-724x1024.jpg 724w, https:\/\/brigetiosport.hu\/wordpress\/wp-content\/uploads\/2017\/02\/xcm_flyer-212x300.jpg 212w, https:\/\/brigetiosport.hu\/wordpress\/wp-content\/uploads\/2017\/02\/xcm_flyer-768x1087.jpg 768w, https:\/\/brigetiosport.hu\/wordpress\/wp-content\/uploads\/2017\/02\/xcm_flyer.jpg 1060w\" sizes=\"(max-width: 332px) 85vw, 332px\" \/><\/p>\n<p>2017-ben a Kom\u00e1romi Napok programsorozat sz\u00ednes\u00edt\u00e9se c\u00e9lj\u00e1b\u00f3l ker\u00e9kp\u00e1rversenyt szervez\u00fcnk terepen, melyre nagy szeretettel v\u00e1rjuk a ker\u00e9kp\u00e1rosokat! A verseny a Monostori Er\u0151d ellenlejt\u0151j\u00e9n kialak\u00edtott k\u00f6rp\u00e1ly\u00e1n kezd\u0151dik, majd az \u00e1csi fenyveserd\u0151t, cross p\u00e1ly\u00e1t, a dunapartot \u00e9rinti, v\u00e9g\u00fcl a c\u00e9l a Monostori Er\u0151dben lesz. Id\u00e9n a nevez\u00e9si d\u00edj a chipes id\u0151m\u00e9r\u00e9st, SIS energia g\u00e9lt \u00e9s egyes\u00fclet\u00fcnk hivatalos kulacs\u00e1t tartalmazza, minden teljes\u00edt\u0151 eml\u00e9klapot, a leggyorsabban teljes\u00edt\u0151k \u00e9rem d\u00edjaz\u00e1sban r\u00e9szes\u00fclnek.<\/p>\n<p>FACEBOOK ESEM\u00c9NY:<a href=\"https:\/\/www.facebook.com\/events\/151597348676456\/\" target=\"_blank\">Link<\/a><\/p>\n<p><strong><span style=\"color: #ff0000;\">Az el\u0151nevez\u00e9s elindult!<\/span><\/strong><\/p>\n<p>&nbsp;<\/p>\n<p>&nbsp;<\/p>\n<ol>\n<li>A rendezv\u00e9ny c\u00e9lja:<\/li>\n<\/ol>\n<p>A Kom\u00e1romi Napok programsorozat\u00e1nak sz\u00ednes\u00edt\u00e9se, a ker\u00e9kp\u00e1rsport n\u00e9pszer\u0171s\u00edt\u00e9se, eg\u00e9szs\u00e9ges \u00e9letm\u00f3dra nevel\u00e9s, kellemes kikapcsol\u00f3d\u00e1s biztos\u00edt\u00e1sa.<\/p>\n<ol start=\"2\">\n<li>A rendezv\u00e9ny helye, ideje:<\/li>\n<\/ol>\n<p>Kom\u00e1rom, Monostori Er\u0151d<\/p>\n<p>2017.04.30. vas\u00e1rnap<\/p>\n<ol start=\"3\">\n<li>A rendezv\u00e9ny r\u00e9sztvev\u0151i:<\/li>\n<\/ol>\n<p>MTB Maraton: Azok a n\u0151i \u00e9s f\u00e9rfi r\u00e9sztvev\u0151k, akik 14. \u00e9let\u00e9v\u00fcket bet\u00f6lt\u00f6tt\u00e9k, vagy fogj\u00e1k az \u00e9v sor\u00e1n, a fizet\u00e9si hat\u00e1rid\u0151ig a nevez\u00e9si d\u00edjat befizett\u00e9k \u00e9s al\u00e1\u00edr\u00e1sukkal igazolj\u00e1k, hogy a r\u00e9szv\u00e9teli felt\u00e9teleket elfogadt\u00e1k!<\/p>\n<p>Gyermekverseny: Azok a gyermekek, akik 2017. \u00e1prilis 30-ig a 14. \u00e9let\u00e9v\u00fcket nem t\u00f6lt\u00f6tt\u00e9k be.<\/p>\n<ol start=\"4\">\n<li>Program<\/li>\n<\/ol>\n<p>07:00 &#8211; 09:30 &#8211; Helysz\u00edni nevez\u00e9s, rajtsz\u00e1mok \u00e1tv\u00e9tele<\/p>\n<p>10:00\u00a0 &#8211; MTB maraton rajt<\/p>\n<p>10:15 &#8211; Gyermekversenyek rajtja<\/p>\n<p>13:00 &#8211; Eredm\u00e9nyhirdet\u00e9s<\/p>\n<p>MTB Maraton \u00fatvonala: Monostori Er\u0151d, Kopp\u00e1nymonostor, Dunapart, Fenyveserd\u0151 (33 km)<\/p>\n<p>R\u00e9szletes \u00fatvonal\u00e9rt kattints<\/p>\n<ol start=\"5\">\n<li>Korcsoportok:<\/li>\n<\/ol>\n<p>MTB Maraton:<\/p>\n<ol>\n<li>korcsoport &#8211; Serd\u00fcl\u0151: 1999 &#8211; 2003 (14-18 \u00e9v)<\/li>\n<li>korcsoport &#8211; Feln\u0151tt: 1988 &#8211; 1998 (19-29 \u00e9v)<\/li>\n<li>korcsoport &#8211; Master1: 1978-1987 (30-39 \u00e9v)<\/li>\n<li>korcsoport &#8211; Master2: 1968 &#8211; 1977 (40-49 \u00e9v)<\/li>\n<li>korcsoport &#8211; Master3: 1958-1967 (50-59 \u00e9v)<\/li>\n<li>korcsoport &#8211; Master4: &#8211; 1957 (60-t\u00f3l)<\/li>\n<\/ol>\n<p>(f\u00e9rfi, n\u0151 &#8211; k\u00fcl\u00f6n)<\/p>\n<p>Gyermekverseny:<\/p>\n<ol>\n<li>korcsoport: 2007 ut\u00e1n sz\u00fcletettek\u00a0 (10 \u00e9ves korig) \u2013 1 k\u00f6r (kb. 1 km)<\/li>\n<li>korcsoport 2004-2006-ban sz\u00fcletettek (11 -13 \u00e9v) \u2013 3 k\u00f6r<\/li>\n<\/ol>\n<p>(fi\u00fa, l\u00e1ny &#8211; k\u00fcl\u00f6n)<\/p>\n<ol start=\"6\">\n<li>Helyez\u00e9sek eld\u00f6nt\u00e9se:<\/li>\n<\/ol>\n<p>A kateg\u00f3ri\u00e1nk\u00e9nti versenyek gy\u0151ztese az, aki a ki\u00edrt t\u00e1vot szab\u00e1lyszer\u0171en, a leggyorsabban teljes\u00edteti. Chipes id\u0151m\u00e9r\u00e9s.<\/p>\n<ol start=\"7\">\n<li>D\u00edjaz\u00e1s:<\/li>\n<\/ol>\n<p>Minden teljes\u00edt\u0151 eml\u00e9klapot kap. Kateg\u00f3ri\u00e1nk\u00e9nt az els\u0151 h\u00e1rom helyezett \u00e9remd\u00edjaz\u00e1sban r\u00e9szes\u00fcl. A t\u00e1vot leggyorsabban teljes\u00edt\u0151k k\u00fcl\u00f6n d\u00edjban r\u00e9szes\u00fclnek.<\/p>\n<p>Gyermekverseny:<\/p>\n<p>Az els\u0151 h\u00e1rom helyezett \u00e9remd\u00edjaz\u00e1sban r\u00e9szes\u00fcl. Minden r\u00e9szt vev\u0151 gyermek aj\u00e1nd\u00e9kot kap.<\/p>\n<ol start=\"8\">\n<li>Szervez\u0151:<\/li>\n<\/ol>\n<p>Brigetio Ker\u00e9kp\u00e1ros Sportegyes\u00fclet<\/p>\n<p>2900 Kom\u00e1rom, Klapka Gy\u00f6rgy \u00fat 12. 3\/9 sz.<\/p>\n<p>e-mail: brigetiosport@brigetiosport.hu<\/p>\n<ol start=\"9\">\n<li>Nevez\u00e9s:<\/li>\n<\/ol>\n<p>MTB Maraton:<\/p>\n<p>Helysz\u00edni nevez\u00e9si d\u00edj: 5.000,- Ft\/f\u0151<\/p>\n<p>El\u0151nevez\u00e9si d\u00edj: 3.000,- Ft\/f\u0151<\/p>\n<p>Gyermekverseny: nevez\u00e9s ingyenes<\/p>\n<p>El\u0151nevez\u00e9si hat\u00e1rid\u0151: 2017. \u00e1prilis 26. \u00e9jf\u00e9l<\/p>\n<p>Az el\u0151nevez\u00e9st csak akkor \u00e9rv\u00e9nyes, ha 2017. \u00e1prilis 26. \u00e9jf\u00e9lig a 3.000 Ft-os nevez\u00e9si d\u00edj megfizet\u00e9sre ker\u00fcl.<\/p>\n<p>A nevez\u00e9si d\u00edj tartalmazza:<\/p>\n<p>&#8211; indul\u00e1s jog\u00e1t,<\/p>\n<p>&#8211; chipes id\u0151m\u00e9r\u00e9st,<\/p>\n<p>&#8211; 1 db SIS energy g\u00e9lt a rajtcsomagba<\/p>\n<p>&#8211; 1 db Brigetio KSE hivatalos kulacs\u00e1t a rajtcsomagba<\/p>\n<p>&#8211; hideg \u00e9lelmez\u00e9st a rajt\/c\u00e9l helysz\u00ednen<\/p>\n<p>(zs\u00edroskeny\u00e9r, s\u00fctem\u00e9nyek az IREKS STAMAG j\u00f3volt\u00e1b\u00f3l)<\/p>\n<p>&#8211; orvosi \u00fcgyeletet a rajt\/c\u00e9l helysz\u00ednen<\/p>\n<p>&#8211; 30% kedvezm\u00e9nyt a Teremgokart p\u00e1ly\u00e1ra<\/p>\n<p>&#8211; 50% kedvezm\u00e9ny a helyben fogyasztott pizz\u00e1k \u00e1r\u00e1b\u00f3l a rajtsz\u00e1m felmutat\u00f3j\u00e1nak + 2 f\u0151nek a Boss-Co pizz\u00e9ri\u00e1ban<\/p>\n<p><strong>Banki \u00e1tutal\u00e1s:<\/strong><\/p>\n<p>Brigetio Ker\u00e9kp\u00e1ros Sportegyes\u00fclet<\/p>\n<p>K&amp;H Bank, 10403631-50526775-68811005<\/p>\n<p>A nevez\u00e9sn\u00e9l, az \u00e1tutal\u00f3 nev\u00e9t, c\u00edm\u00e9t, \u00e9s &#8211; jogi szem\u00e9ly eset\u00e9n &#8211; ad\u00f3sz\u00e1m\u00e1t kell megadni<a href=\"http:\/\/nevezes.brigetiosport.hu\" target=\"_blank\">!<\/a><\/p>\n<p><strong>El\u0151nevez\u00e9s befizet\u00e9se a Piko Bike \u00dczletben:<\/strong><\/p>\n<p>C\u00edm: Szlov\u00e1kia, 94505 \u00c9szak &#8211; Kom\u00e1rom (Kom\u00e1rno), Polg\u00e1r u. (Me\u0161tianska) 3018<\/p>\n<p><span style=\"color: #ff0000;\"><a style=\"color: #ff0000;\" href=\"http:\/\/nevezes.brigetiosport.hu\" target=\"_blank\">EL\u0150NEVEZ\u00c9S\u00c9RT KATTINTS IDE!<\/a><br \/>\n<\/span><\/p>\n<ol start=\"10\">\n<li>Egy\u00e9b:<\/li>\n<\/ol>\n<p>&#8211; A rendezv\u00e9nyen minden r\u00e9sztvev\u0151 a rendez\u0151k \u00e1ltal biztos\u00edtott rajtsz\u00e1mmal, \u00e9s chipel indul.<\/p>\n<p>&#8211; A rendezv\u00e9nyen mindenki saj\u00e1t felel\u0151ss\u00e9g\u00e9re indulhat, a versenyki\u00edr\u00e1s \u00e9s k\u00f6zleked\u00e9si szab\u00e1lyok -KRESZ, K\u00d6H\u00c9M- betart\u00e1sa mellett.<\/p>\n<p>&#8211; A rendezv\u00e9nyen buk\u00f3sisak visel\u00e9se k\u00f6telez\u0151!<\/p>\n<p>&#8211; A rendezv\u00e9nyen olyan ker\u00e9kp\u00e1rral, melynek korm\u00e1ny\u00e1n korm\u00e1nyr\u00e1t\u00e9t (k\u00f6ny\u00f6kl\u0151, triatlonkorm\u00e1ny) van, elindulni tilos!<\/p>\n<p>&#8211; Aki a rajthelyre korm\u00e1nyr\u00e1t\u00e9ttel pr\u00f3b\u00e1l be\u00e1llni azt a rendez\u0151s\u00e9g nem engedi elindulni.<\/p>\n<p>&#8211; Az esetleges balesetek\u00e9rt \u00e9s a versenyki\u00edr\u00e1s be nem tart\u00e1s\u00e1b\u00f3l bek\u00f6vetkez\u0151, ill. eg\u00e9szs\u00e9g\u00fcgyi okokb\u00f3l bek\u00f6vetkezett balesetek\u00e9rt \u00e9s s\u00e9r\u00fcl\u00e9sek\u00e9rt a rendez\u0151 semmif\u00e9le felel\u0151ss\u00e9get nem v\u00e1llal, k\u00e1rt\u00e9r\u00edt\u00e9sre nem k\u00f6telezhet\u0151.<\/p>\n<p>&#8211; A rendezv\u00e9nyen minden r\u00e9sztvev\u0151 k\u00f6teles a rendez\u0151 \u00e1ltal biztos\u00edtott rekl\u00e1manyagot a felszerel\u00e9s\u00e9n, ker\u00e9kp\u00e1ron, &#8230; stb elhelyezni. &#8211; Aki ennek nem tesz eleget a rendezv\u00e9nyr\u0151l kiz\u00e1rhat\u00f3.<\/p>\n<ol start=\"11\">\n<li>A r\u00e9sztvev\u0151 nyilatkozata:<\/li>\n<\/ol>\n<p>&#8211; Az online nevez\u00e9s regisztr\u00e1ci\u00f3s adatlapj\u00e1nak kit\u00f6lt\u00e9se \u00f6nk\u00e9ntes adatk\u00f6zl\u00e9s. Hozz\u00e1j\u00e1rulok, hogy a nevez\u00e9si lapon szerepl\u0151 adataimat a rendez\u0151 az esem\u00e9ny adatb\u00e1zis\u00e1ban nyilv\u00e1ntartsa.<\/p>\n<p>&#8211; A rendezv\u00e9nyen k\u00e9sz\u00fcl\u0151 film \u00e9s k\u00e9panyagaiban, elektronikus \u00e9s nyomtatott sajt\u00f3ban valamint ezek rekl\u00e1mc\u00e9l\u00fa felhaszn\u00e1l\u00e1s\u00e1ban szerepelhetek, ez\u00e9rt ellenszolg\u00e1ltat\u00e1st nem k\u00e9rek.<\/p>\n<p>&#8211; Az Orsz\u00e1g\u00fati, &#8211; MTB Maratonon a saj\u00e1t felel\u0151ss\u00e9gemre veszek r\u00e9szt.<\/p>\n<p>&#8211; Eg\u00e9szs\u00e9gesen \u00e9s fizikailag felk\u00e9sz\u00fclten \u00e1llok rajthoz.<\/p>\n<p>&#8211; Sz\u00fcks\u00e9g eset\u00e9n az orvosi vizsg\u00e1latba beleegyezem, az orvos utas\u00edt\u00e1sait elfogadom.<\/p>\n<p>&#8211; Ha a fenti okokra vagy a ki\u00edr\u00e1sban szerepl\u0151 rendelkez\u00e9sek megszeg\u00e9s\u00e9re visszavezethet\u0151 vagy versenybaleset eset\u00e9n b\u00e1rmilyen k\u00e1rosod\u00e1s \u00e9r, illetve t\u00e1volmarad\u00e1som eset\u00e9n a rendez\u0151k fel\u00e9 k\u00f6vetel\u00e9ssel nem \u00e9lek.<\/p>\n<p>Az online nevez\u00e9s &#8222;elk\u00fcld\u00e9s\u00e9vel&#8221; a nyilatkozat tartalm\u00e1t magamra n\u00e9zve k\u00f6telez\u0151 \u00e9rv\u00e9ny\u0171nek fogadom el!<\/p>\n<p>MINDENKINEK KELLEMES KIKAPCSOL\u00d3D\u00c1ST K\u00cdV\u00c1NUNK!<\/p>\n<p><iframe loading=\"lazy\" src=\"https:\/\/www.strava.com\/activities\/289800727\/embed\/de94d419b0285359ea90330caea15ae8573f586d\" width=\"590\" height=\"405\" frameborder=\"0\" scrolling=\"no\"><\/iframe><\/p>\n<p>GPS log let\u00f6lt\u00e9s: <a href=\"https:\/\/brigetiosport.hu\/wordpress\/?media_dl=484\">let\u00f6lt\u00e9s<\/a><\/p>\n","protected":false},"excerpt":{"rendered":"<p>2017-ben a Kom\u00e1romi Napok programsorozat sz\u00ednes\u00edt\u00e9se c\u00e9lj\u00e1b\u00f3l ker\u00e9kp\u00e1rversenyt szervez\u00fcnk terepen, melyre nagy szeretettel v\u00e1rjuk a ker\u00e9kp\u00e1rosokat! A verseny a Monostori Er\u0151d ellenlejt\u0151j\u00e9n kialak\u00edtott k\u00f6rp\u00e1ly\u00e1n kezd\u0151dik, majd az \u00e1csi fenyveserd\u0151t, cross p\u00e1ly\u00e1t, a dunapartot \u00e9rinti, v\u00e9g\u00fcl a c\u00e9l a Monostori Er\u0151dben lesz. Id\u00e9n a nevez\u00e9si d\u00edj a chipes id\u0151m\u00e9r\u00e9st, SIS energia g\u00e9lt \u00e9s egyes\u00fclet\u00fcnk hivatalos kulacs\u00e1t &hellip; <a href=\"https:\/\/brigetiosport.hu\/wordpress\/iii-brigetio-maraton\/\" class=\"more-link\"><span class=\"screen-reader-text\">&#8222;III. Brigetio MTB Maraton&#8221;<\/span> b\u0151vebben<\/a><\/p>\n","protected":false},"author":1,"featured_media":0,"parent":0,"menu_order":0,"comment_status":"closed","ping_status":"closed","template":"","meta":{"footnotes":""},"_links":{"self":[{"href":"https:\/\/brigetiosport.hu\/wordpress\/wp-json\/wp\/v2\/pages\/59"}],"collection":[{"href":"https:\/\/brigetiosport.hu\/wordpress\/wp-json\/wp\/v2\/pages"}],"about":[{"href":"https:\/\/brigetiosport.hu\/wordpress\/wp-json\/wp\/v2\/types\/page"}],"author":[{"embeddable":true,"href":"https:\/\/brigetiosport.hu\/wordpress\/wp-json\/wp\/v2\/users\/1"}],"replies":[{"embeddable":true,"href":"https:\/\/brigetiosport.hu\/wordpress\/wp-json\/wp\/v2\/comments?post=59"}],"version-history":[{"count":15,"href":"https:\/\/brigetiosport.hu\/wordpress\/wp-json\/wp\/v2\/pages\/59\/revisions"}],"predecessor-version":[{"id":486,"href":"https:\/\/brigetiosport.hu\/wordpress\/wp-json\/wp\/v2\/pages\/59\/revisions\/486"}],"wp:attachment":[{"href":"https:\/\/brigetiosport.hu\/wordpress\/wp-json\/wp\/v2\/media?parent=59"}],"curies":[{"name":"wp","href":"https:\/\/api.w.org\/{rel}","templated":true}]}}