{"id":47,"date":"2017-02-12T17:19:07","date_gmt":"2017-02-12T16:19:07","guid":{"rendered":"http:\/\/brigetiosport.hu\/wordpress\/?page_id=47"},"modified":"2025-04-08T16:33:19","modified_gmt":"2025-04-08T15:33:19","slug":"egyesulet","status":"publish","type":"page","link":"https:\/\/brigetiosport.hu\/wordpress\/egyesulet\/","title":{"rendered":"Egyes\u00fclet"},"content":{"rendered":"<div id=\"text1\">\n<div class=\"wpmd\">\n<div align=\"justify\">\n<p>Egyes\u00fclet\u00fcnket 2013-ban alap\u00edtottuk azzal a c\u00e9llal, hogy n\u00e9pszer\u0171s\u00edts\u00fck a ker\u00e9kp\u00e1rsportot, k\u00f6z\u00f6ss\u00e9gi \u00e9lm\u00e9nyeket teremts\u00fcnk \u00e9s megosszuk a bring\u00e1z\u00e1s ir\u00e1nti szenved\u00e9ly\u00fcnket. \u00d6sszefogjuk az amat\u0151r \u00e9s hobbi ker\u00e9kp\u00e1rosokat, edz\u0151t\u00e1borokat, k\u00f6z\u00f6s t\u00far\u00e1kat \u00e9s versenyeket szervez\u00fcnk, hogy mindenki megtal\u00e1lja a sz\u00e1m\u00e1ra legmegfelel\u0151bb kih\u00edv\u00e1st \u00e9s k\u00f6z\u00f6ss\u00e9get.<\/p>\n<p>B\u00fcszk\u00e9k vagyunk r\u00e1, hogy mi szervezz\u00fck a Brigetio Orsz\u00e1g\u00fati Mez\u0151nyversenyt \u00e9s a Brigetio Id\u0151futam ker\u00e9kp\u00e1rversenyt, amelyek \u00e9vr\u0151l \u00e9vre egyre t\u00f6bb orsz\u00e1g\u00fati ker\u00e9kp\u00e1rost vonzanak \u00e9s versenyz\u00e9si lehet\u0151s\u00e9get biztos\u00edtanak minden koroszt\u00e1ly sz\u00e1m\u00e1ra. Tagjainkat t\u00e1mogatjuk az amat\u0151r versenyz\u00e9sben, szakmai seg\u00edts\u00e9get ny\u00fajtunk az edz\u00e9seikhez \u00e9s lehet\u0151s\u00e9get biztos\u00edtunk sz\u00e1mukra k\u00f6z\u00f6ss\u00e9gi programokon val\u00f3 r\u00e9szv\u00e9telre.<\/p>\n<p>Legyen sz\u00f3 kezd\u0151kr\u0151l vagy tapasztalt ker\u00e9kp\u00e1rosokr\u00f3l, egyes\u00fclet\u00fcnk mindenkit sz\u00edvesen l\u00e1t, aki szeretne fejl\u0151dni, k\u00f6z\u00f6ss\u00e9gben bring\u00e1zni \u00e9s m\u00e9g k\u00f6zelebb ker\u00fclni a ker\u00e9kp\u00e1rsporthoz.<\/p>\n<p>Egyes\u00fclet\u00fcnk 2025 m\u00e1rciusa \u00f3ta Sz\u00e9p-k\u00e1rtya elfogad\u00f3hely min\u0151s\u00edt\u00e9st kapott, \u00edgy az Akt\u00edv Magyarok zsebbel lehet\u0151s\u00e9g ny\u00edlt a nevez\u00e9si d\u00edjak ilyen form\u00e1ban val\u00f3 fizet\u00e9s\u00e9re, tov\u00e1bb\u00e1 tagjaink sz\u00e1m\u00e1ra is j\u00f3 alternat\u00edva egyes\u00fcleti k\u00f6telezetts\u00e9geik fizet\u00e9s\u00e9re.<\/p>\n<\/div>\n<div align=\"justify\"><span class=\"ws12\">Levelez\u00e9si c\u00edm: 2921 Kom\u00e1rom H\u00f3vir\u00e1g utca 50.<\/span><br \/>\n<span class=\"ws12\">El\u00e9rhet\u0151s\u00e9g: brigetiosport@brigetiosport.hu<\/span><br \/>\n<span class=\"ws12\">Ad\u00f3sz\u00e1m: 18398160-1-11<\/span><br \/>\n<span class=\"ws12\">Banksz\u00e1mlasz\u00e1m: K&amp;H Bank, 10403631-50526775-68811005<\/span><br \/>\n<span class=\"ws12\">Nemzetk\u00f6zi banksz\u00e1mlasz\u00e1m (IBAN): HU44 1040 3631 5052 6775 6881 1005<\/span><\/div>\n<div align=\"justify\"><span class=\"ws12\">Let\u00f6lthet\u0151 dokumentumok:<\/span><br \/>\n<span class=\"ws12\">On-line bel\u00e9p\u00e9si nyilatkozat:\u00a0<a href=\"https:\/\/forms.office.com\/e\/u63Wy1K39w\" target=\"_blank\" rel=\"noopener\">LINK<\/a><\/span><br \/>\n<span class=\"ws12\"><a href=\"https:\/\/brigetiosport.hu\/wordpress\/?media_dl=2991\">Brigetio KSE Alapszab\u00e1ly (2025)<\/a><\/span><br \/>\n<span class=\"ws12\"><a href=\"https:\/\/drive.google.com\/open?id=1uxLpK9ah_wG-41zihqmpjNwBzqogMrMA\" target=\"_blank\" rel=\"noopener noreferrer\">Adatkezel\u00e9si szab\u00e1lyzat<\/a><\/span><\/div>\n<\/div>\n<\/div>\n","protected":false},"excerpt":{"rendered":"<p>Egyes\u00fclet\u00fcnket 2013-ban alap\u00edtottuk azzal a c\u00e9llal, hogy n\u00e9pszer\u0171s\u00edts\u00fck a ker\u00e9kp\u00e1rsportot, k\u00f6z\u00f6ss\u00e9gi \u00e9lm\u00e9nyeket teremts\u00fcnk \u00e9s megosszuk a bring\u00e1z\u00e1s ir\u00e1nti szenved\u00e9ly\u00fcnket. \u00d6sszefogjuk az amat\u0151r \u00e9s hobbi ker\u00e9kp\u00e1rosokat, edz\u0151t\u00e1borokat, k\u00f6z\u00f6s t\u00far\u00e1kat \u00e9s versenyeket szervez\u00fcnk, hogy mindenki megtal\u00e1lja a sz\u00e1m\u00e1ra legmegfelel\u0151bb kih\u00edv\u00e1st \u00e9s k\u00f6z\u00f6ss\u00e9get. B\u00fcszk\u00e9k vagyunk r\u00e1, hogy mi szervezz\u00fck a Brigetio Orsz\u00e1g\u00fati Mez\u0151nyversenyt \u00e9s a Brigetio Id\u0151futam ker\u00e9kp\u00e1rversenyt, &hellip; <a href=\"https:\/\/brigetiosport.hu\/wordpress\/egyesulet\/\" class=\"more-link\"><span class=\"screen-reader-text\">&#8222;Egyes\u00fclet&#8221;<\/span> b\u0151vebben<\/a><\/p>\n","protected":false},"author":1,"featured_media":0,"parent":0,"menu_order":0,"comment_status":"closed","ping_status":"closed","template":"","meta":{"footnotes":""},"_links":{"self":[{"href":"https:\/\/brigetiosport.hu\/wordpress\/wp-json\/wp\/v2\/pages\/47"}],"collection":[{"href":"https:\/\/brigetiosport.hu\/wordpress\/wp-json\/wp\/v2\/pages"}],"about":[{"href":"https:\/\/brigetiosport.hu\/wordpress\/wp-json\/wp\/v2\/types\/page"}],"author":[{"embeddable":true,"href":"https:\/\/brigetiosport.hu\/wordpress\/wp-json\/wp\/v2\/users\/1"}],"replies":[{"embeddable":true,"href":"https:\/\/brigetiosport.hu\/wordpress\/wp-json\/wp\/v2\/comments?post=47"}],"version-history":[{"count":27,"href":"https:\/\/brigetiosport.hu\/wordpress\/wp-json\/wp\/v2\/pages\/47\/revisions"}],"predecessor-version":[{"id":3033,"href":"https:\/\/brigetiosport.hu\/wordpress\/wp-json\/wp\/v2\/pages\/47\/revisions\/3033"}],"wp:attachment":[{"href":"https:\/\/brigetiosport.hu\/wordpress\/wp-json\/wp\/v2\/media?parent=47"}],"curies":[{"name":"wp","href":"https:\/\/api.w.org\/{rel}","templated":true}]}}