{"id":3468,"date":"2026-03-02T09:30:35","date_gmt":"2026-03-02T08:30:35","guid":{"rendered":"https:\/\/brigetiosport.hu\/wordpress\/?page_id=3468"},"modified":"2026-03-02T09:30:35","modified_gmt":"2026-03-02T08:30:35","slug":"x-brigetio-idofutam","status":"publish","type":"page","link":"https:\/\/brigetiosport.hu\/wordpress\/x-brigetio-idofutam\/","title":{"rendered":"X. Brigetio Id\u0151futam"},"content":{"rendered":"<p>r\u00e9szletek k\u00e9s\u0151bb&#8230;<\/p>\n","protected":false},"excerpt":{"rendered":"<p>r\u00e9szletek k\u00e9s\u0151bb&#8230;<\/p>\n","protected":false},"author":1,"featured_media":0,"parent":0,"menu_order":0,"comment_status":"closed","ping_status":"closed","template":"","meta":{"footnotes":""},"_links":{"self":[{"href":"https:\/\/brigetiosport.hu\/wordpress\/wp-json\/wp\/v2\/pages\/3468"}],"collection":[{"href":"https:\/\/brigetiosport.hu\/wordpress\/wp-json\/wp\/v2\/pages"}],"about":[{"href":"https:\/\/brigetiosport.hu\/wordpress\/wp-json\/wp\/v2\/types\/page"}],"author":[{"embeddable":true,"href":"https:\/\/brigetiosport.hu\/wordpress\/wp-json\/wp\/v2\/users\/1"}],"replies":[{"embeddable":true,"href":"https:\/\/brigetiosport.hu\/wordpress\/wp-json\/wp\/v2\/comments?post=3468"}],"version-history":[{"count":1,"href":"https:\/\/brigetiosport.hu\/wordpress\/wp-json\/wp\/v2\/pages\/3468\/revisions"}],"predecessor-version":[{"id":3469,"href":"https:\/\/brigetiosport.hu\/wordpress\/wp-json\/wp\/v2\/pages\/3468\/revisions\/3469"}],"wp:attachment":[{"href":"https:\/\/brigetiosport.hu\/wordpress\/wp-json\/wp\/v2\/media?parent=3468"}],"curies":[{"name":"wp","href":"https:\/\/api.w.org\/{rel}","templated":true}]}}