{"id":2940,"date":"2025-02-22T18:15:36","date_gmt":"2025-02-22T17:15:36","guid":{"rendered":"https:\/\/brigetiosport.hu\/wordpress\/?page_id=2940"},"modified":"2025-04-26T08:03:41","modified_gmt":"2025-04-26T07:03:41","slug":"brigetio-kerekparos-tura","status":"publish","type":"page","link":"https:\/\/brigetiosport.hu\/wordpress\/rendezvenyeink\/brigetio-kerekparos-tura\/","title":{"rendered":"Brigetio Ker\u00e9kp\u00e1ros T\u00fara"},"content":{"rendered":"\n\t\t<div id='gallery-1' class='gallery galleryid-2940 gallery-columns-1 gallery-size-large gal250413'><script type=\"text\/javascript\">\r\n\/\/ <![CDATA[\r\n\tjQuery(document).ready(function () {\r\n\t\tjQuery(\".gal250413 a\").attr(\"rel\",\"gal250413\");\t\r\n\t\tjQuery('a[rel=\"gal250413\"]').colorbox({maxWidth:\"95%\", maxHeight:\"95%\",title: function(){ return jQuery(this).children().attr(\"alt\"); }});\r\n\t});\r\n\/\/ ]]>\r\n<\/script>\n<figure class=\"gallery-item\">\n<div class=\"gallery-icon\">\r\n<a href=\"https:\/\/brigetiosport.hu\/wordpress\/wp-content\/uploads\/2025\/04\/20250427_brigetiotura_plakat.jpg\" title=\"\" rel=\"gal250413\"><img loading=\"lazy\" decoding=\"async\" src=\"https:\/\/brigetiosport.hu\/wordpress\/wp-content\/uploads\/2025\/04\/20250427_brigetiotura_plakat-1024x576.jpg\" width=\"840\" height=\"473\" alt=\"\" \/><\/a>\r\n<\/div><\/figure>\r\n\t\t<\/div>\n\n","protected":false},"excerpt":{"rendered":"","protected":false},"author":1,"featured_media":0,"parent":56,"menu_order":0,"comment_status":"closed","ping_status":"closed","template":"","meta":{"footnotes":""},"_links":{"self":[{"href":"https:\/\/brigetiosport.hu\/wordpress\/wp-json\/wp\/v2\/pages\/2940"}],"collection":[{"href":"https:\/\/brigetiosport.hu\/wordpress\/wp-json\/wp\/v2\/pages"}],"about":[{"href":"https:\/\/brigetiosport.hu\/wordpress\/wp-json\/wp\/v2\/types\/page"}],"author":[{"embeddable":true,"href":"https:\/\/brigetiosport.hu\/wordpress\/wp-json\/wp\/v2\/users\/1"}],"replies":[{"embeddable":true,"href":"https:\/\/brigetiosport.hu\/wordpress\/wp-json\/wp\/v2\/comments?post=2940"}],"version-history":[{"count":4,"href":"https:\/\/brigetiosport.hu\/wordpress\/wp-json\/wp\/v2\/pages\/2940\/revisions"}],"predecessor-version":[{"id":3038,"href":"https:\/\/brigetiosport.hu\/wordpress\/wp-json\/wp\/v2\/pages\/2940\/revisions\/3038"}],"up":[{"embeddable":true,"href":"https:\/\/brigetiosport.hu\/wordpress\/wp-json\/wp\/v2\/pages\/56"}],"wp:attachment":[{"href":"https:\/\/brigetiosport.hu\/wordpress\/wp-json\/wp\/v2\/media?parent=2940"}],"curies":[{"name":"wp","href":"https:\/\/api.w.org\/{rel}","templated":true}]}}