{"id":29,"date":"2017-02-12T17:11:57","date_gmt":"2017-02-12T16:11:57","guid":{"rendered":"http:\/\/brigetiosport.hu\/wordpress\/?page_id=29"},"modified":"2026-03-17T20:21:45","modified_gmt":"2026-03-17T19:21:45","slug":"eredmenyek","status":"publish","type":"page","link":"https:\/\/brigetiosport.hu\/wordpress\/eredmenyek\/","title":{"rendered":"Eredm\u00e9nyek"},"content":{"rendered":"<p><strong>A Brigetio KSE \u00e1ltal rendezett versenyek eredm\u00e9nyei id\u0151rendi sorrendben:<\/strong><\/p>\n<p>Winter Ride Challenge eredm\u00e9nyek 2025-2026: <a href=\"https:\/\/brigetiosport-my.sharepoint.com\/:x:\/g\/personal\/brigetiosport_brigetiosport_onmicrosoft_com\/IQBktvhs-WMkQox_NSJckWWjAWXb4fUdiZ42TwvjMGYH2lU?e=089kLQ\" target=\"_blank\" rel=\"noopener\">LINK<\/a><\/p>\n<hr \/>\n<p>2025.10.12: IX. Brigetio Id\u0151futam: <a href=\"https:\/\/brigetiosport.hu\/wordpress\/?media_dl=3385\">kateg\u00f3ri\u00e1nk\u00e9nt (pdf)<\/a> <a href=\"https:\/\/brigetiosport.hu\/wordpress\/?media_dl=3384\">abszol\u00fat (pdf)<\/a> <a href=\"https:\/\/brigetiosport.hu\/wordpress\/?media_dl=3383\">csapatverseny (pdf)<\/a><\/p>\n<hr \/>\n<p>2025.08.03: XI. Brigetio Orsz\u00e1g\u00fati Mez\u0151nyverseny: <a href=\"https:\/\/brigetiosport.hu\/wordpress\/?media_dl=3316\">r\u00f6vidt\u00e1v (pdf)<\/a> <a href=\"https:\/\/brigetiosport.hu\/wordpress\/?media_dl=3317\">hossz\u00fat\u00e1v (pdf)<\/a> <a href=\"https:\/\/brigetiosport.hu\/wordpress\/?media_dl=3318\">csapatverseny (pdf)<\/a><\/p>\n<hr \/>\n<p>2024.10.13: VIII. Brigetio Id\u0151futam: <a href=\"https:\/\/brigetiosport.hu\/wordpress\/?media_dl=2869\">kateg\u00f3ri\u00e1nk\u00e9nt (pdf)<\/a> <a href=\"https:\/\/brigetiosport.hu\/wordpress\/?media_dl=2868\">abszol\u00fat (pdf)<\/a> <a href=\"https:\/\/brigetiosport.hu\/wordpress\/?media_dl=2867\">csapatverseny (pdf)<\/a><\/p>\n<p>2024.08.04: X. Brigetio Orsz\u00e1g\u00fati Mez\u0151nyverseny: <a href=\"https:\/\/brigetiosport.hu\/wordpress\/?media_dl=2779\">r\u00f6vidt\u00e1v (pdf)<\/a> <a href=\"https:\/\/brigetiosport.hu\/wordpress\/?media_dl=2778\">hossz\u00fat\u00e1v (pdf)<\/a> <a href=\"https:\/\/brigetiosport.hu\/wordpress\/?media_dl=2777\">csapatverseny (pdf)<\/a><\/p>\n<hr \/>\n<p>2023.10.08: VII. Brigetio Orsz\u00e1g\u00fati Id\u0151futam: <a href=\"https:\/\/brigetiosport.hu\/wordpress\/?media_dl=2402\">kateg\u00f3ri\u00e1nk\u00e9nt (pdf)<\/a> <a href=\"https:\/\/brigetiosport.hu\/wordpress\/?media_dl=2403\">abszol\u00fat (pdf)<\/a> <a href=\"https:\/\/brigetiosport.hu\/wordpress\/?media_dl=2404\">csapatverseny (pdf)<\/a><\/p>\n<p>2023.08.06: IX. Brigetio Orsz\u00e1g\u00fati Mez\u0151nyverseny:\u00a0<a href=\"https:\/\/brigetiosport.hu\/wordpress\/?media_dl=2283\">r\u00f6vidt\u00e1v (pdf)<\/a>\u00a0<a href=\"https:\/\/brigetiosport.hu\/wordpress\/?media_dl=2282\">hossz\u00fat\u00e1v (pdf)<\/a>\u00a0<a href=\"https:\/\/brigetiosport.hu\/wordpress\/?media_dl=2281\">csapatverseny (pdf)<\/a><\/p>\n<hr \/>\n<p>2022.10.02 VI. Brigetio Orsz\u00e1g\u00fati Id\u0151futam:\u00a0<a href=\"https:\/\/brigetiosport.hu\/wordpress\/?media_dl=2280\">kateg\u00f3ri\u00e1nk\u00e9nt (pdf)<\/a>\u00a0<a href=\"https:\/\/brigetiosport.hu\/wordpress\/?media_dl=2278\">abszol\u00fat (pdf)<\/a>\u00a0<a href=\"https:\/\/brigetiosport.hu\/wordpress\/?media_dl=2279\">csapatverseny (pdf)<\/a><\/p>\n<p>2022.08.07 VIII. Brigetio Orsz\u00e1g\u00fati Mez\u0151nyverseny:\u00a0<a href=\"https:\/\/brigetiosport.hu\/wordpress\/?media_dl=2277\">r\u00f6vidt\u00e1v (pdf)<\/a>\u00a0<a href=\"https:\/\/brigetiosport.hu\/wordpress\/?media_dl=2276\">hossz\u00fat\u00e1v (pdf)<\/a>\u00a0<a href=\"https:\/\/brigetiosport.hu\/wordpress\/?media_dl=2275\">csapatverseny (pdf)<\/a><\/p>\n<hr \/>\n<p>2021.10.04 V. Brigetio Orsz\u00e1g\u00fati Id\u0151futam: <a href=\"https:\/\/brigetiosport.hu\/wordpress\/?media_dl=1848\">kateg\u00f3ri\u00e1nk\u00e9nt (pdf)<\/a> <a href=\"https:\/\/brigetiosport.hu\/wordpress\/?media_dl=1846\">abszol\u00fat (pdf)<\/a> <a href=\"https:\/\/brigetiosport.hu\/wordpress\/?media_dl=1847\">csapatverseny (pdf)<\/a><\/p>\n<p>2021.08.08 VII. Brigetio Orsz\u00e1g\u00fati Mez\u0151nyverseny: <a href=\"https:\/\/brigetiosport.hu\/wordpress\/?media_dl=1768\">r\u00f6vidt\u00e1v (pdf)<\/a> <a href=\"https:\/\/brigetiosport.hu\/wordpress\/?media_dl=1769\">hossz\u00fat\u00e1v (pdf)<\/a> <a href=\"https:\/\/brigetiosport.hu\/wordpress\/?media_dl=1770\">csapatverseny (pdf)<\/a><\/p>\n<hr \/>\n<p>2020.08.08 VI. Brigetio Orsz\u00e1g\u00fati Mez\u0151nyverseny: <a href=\"https:\/\/brigetiosport.hu\/wordpress\/?media_dl=1678\">xlsx<\/a><\/p>\n<hr \/>\n<p>2019.10.06 IV. Brigetio Orsz\u00e1g\u00fati -\u00e9s MTB Id\u0151futam: <a href=\"https:\/\/brigetiosport.hu\/wordpress\/?media_dl=1468\">xlsx<\/a><\/p>\n<p>2019.08.11 V. Brigetio Orsz\u00e1g\u00fati Mez\u0151nyverseny, Rend\u00e9szeti Szervek Osz\u00e1gos Bajnoks\u00e1ga, Olimpiai \u00d6tpr\u00f3ba: <a href=\"https:\/\/brigetiosport.hu\/wordpress\/?media_dl=1438\">xlsx<\/a><\/p>\n<p>2019.04.13 V. Brigetio MTB Maraton: <a href=\"https:\/\/brigetiosport.hu\/wordpress\/?media_dl=1331\">xlsx<\/a><\/p>\n<hr \/>\n<p>2018.10.07 III. Brigetio Id\u0151futam: <a href=\"https:\/\/brigetiosport.hu\/wordpress\/?media_dl=1218\">xlsx<\/a><\/p>\n<p>2018.08.12 IV. Brigetio Orsz\u00e1g\u00fati mez\u0151nyverseny: <a href=\"https:\/\/brigetiosport.hu\/wordpress\/?media_dl=1181\">xlsx<\/a><\/p>\n<p>2018.04.22 IV.Brigetio MTB Maraton: <a href=\"https:\/\/brigetiosport.hu\/wordpress\/?media_dl=1118\">xlsx<\/a><\/p>\n<p>2018.03.30-04.01 VII. Brigetio Szom\u00f3d DH <a href=\"https:\/\/brigetiosport.hu\/wordpress\/?media_dl=1086\">xlsx<\/a><\/p>\n<hr \/>\n<p>2017.10.01. II. Brigetio id\u0151futam <a href=\"https:\/\/brigetiosport.hu\/wordpress\/?media_dl=1082\">xlsx<\/a><\/p>\n<p>2017.08.13. III. Brigetio Orsz\u00e1g\u00fati mez\u0151nyverseny <a href=\"https:\/\/brigetiosport.hu\/wordpress\/?media_dl=791\">xlsx<\/a><\/p>\n<p>2017.04.30. III. Brigetio MTB Maraton <a href=\"https:\/\/brigetiosport.hu\/wordpress\/?media_dl=524\">xlsx<\/a><\/p>\n<p>2017. 04. 01-02 VI. Brigetio Szom\u00f3d DH <a href=\"https:\/\/brigetiosport.hu\/wordpress\/?media_dl=404\">pdf<\/a> <a href=\"https:\/\/brigetiosport.hu\/wordpress\/?media_dl=405\">xlsx<\/a><\/p>\n<hr \/>\n<p>2017. 10. 02 I. Brigetio Orsz\u00e1g\u00fati -\u00e9s MTB id\u0151futam <a href=\"https:\/\/brigetiosport.hu\/wordpress\/?media_dl=507\">pdf<\/a> <a href=\"https:\/\/brigetiosport.hu\/wordpress\/?media_dl=508\">xlsx<\/a><\/p>\n<hr \/>\n<p>2016. 07. 01-03 V. Brigetio Szom\u00f3d DH <a href=\"https:\/\/brigetiosport.hu\/wordpress\/?media_dl=509\">xlsx<\/a><\/p>\n<p>2016. 05. 01 II. Brigetio Maraton <a href=\"https:\/\/brigetiosport.hu\/wordpress\/?media_dl=510\">xlsx<\/a><\/p>\n<hr \/>\n<p>2015. 05. 03 I. Brigetio Maraton <a href=\"https:\/\/brigetiosport.hu\/wordpress\/?media_dl=518\">orsz\u00e1g\u00fati (xlsx)<\/a> <a href=\"https:\/\/brigetiosport.hu\/wordpress\/?media_dl=517\">mtb (xlsx)<\/a> <a href=\"https:\/\/brigetiosport.hu\/wordpress\/?media_dl=516\">gyermekverseny (xlsx)<\/a><\/p>\n","protected":false},"excerpt":{"rendered":"<p>A Brigetio KSE \u00e1ltal rendezett versenyek eredm\u00e9nyei id\u0151rendi sorrendben: Winter Ride Challenge eredm\u00e9nyek 2025-2026: LINK 2025.10.12: IX. Brigetio Id\u0151futam: 2025.08.03: XI. Brigetio Orsz\u00e1g\u00fati Mez\u0151nyverseny: 2024.10.13: VIII. Brigetio Id\u0151futam: 2024.08.04: X. Brigetio Orsz\u00e1g\u00fati Mez\u0151nyverseny: 2023.10.08: VII. Brigetio Orsz\u00e1g\u00fati Id\u0151futam: 2023.08.06: IX. Brigetio Orsz\u00e1g\u00fati Mez\u0151nyverseny:\u00a0\u00a0\u00a0 2022.10.02 VI. Brigetio Orsz\u00e1g\u00fati Id\u0151futam:\u00a0\u00a0\u00a0 2022.08.07 VIII. Brigetio Orsz\u00e1g\u00fati Mez\u0151nyverseny:\u00a0\u00a0\u00a0 2021.10.04 V. &hellip; <a href=\"https:\/\/brigetiosport.hu\/wordpress\/eredmenyek\/\" class=\"more-link\"><span class=\"screen-reader-text\">&#8222;Eredm\u00e9nyek&#8221;<\/span> b\u0151vebben<\/a><\/p>\n","protected":false},"author":1,"featured_media":0,"parent":0,"menu_order":0,"comment_status":"closed","ping_status":"closed","template":"","meta":{"footnotes":""},"_links":{"self":[{"href":"https:\/\/brigetiosport.hu\/wordpress\/wp-json\/wp\/v2\/pages\/29"}],"collection":[{"href":"https:\/\/brigetiosport.hu\/wordpress\/wp-json\/wp\/v2\/pages"}],"about":[{"href":"https:\/\/brigetiosport.hu\/wordpress\/wp-json\/wp\/v2\/types\/page"}],"author":[{"embeddable":true,"href":"https:\/\/brigetiosport.hu\/wordpress\/wp-json\/wp\/v2\/users\/1"}],"replies":[{"embeddable":true,"href":"https:\/\/brigetiosport.hu\/wordpress\/wp-json\/wp\/v2\/comments?post=29"}],"version-history":[{"count":37,"href":"https:\/\/brigetiosport.hu\/wordpress\/wp-json\/wp\/v2\/pages\/29\/revisions"}],"predecessor-version":[{"id":3484,"href":"https:\/\/brigetiosport.hu\/wordpress\/wp-json\/wp\/v2\/pages\/29\/revisions\/3484"}],"wp:attachment":[{"href":"https:\/\/brigetiosport.hu\/wordpress\/wp-json\/wp\/v2\/media?parent=29"}],"curies":[{"name":"wp","href":"https:\/\/api.w.org\/{rel}","templated":true}]}}