{"id":2538,"date":"2024-02-17T08:49:17","date_gmt":"2024-02-17T07:49:17","guid":{"rendered":"http:\/\/brigetiosport.hu\/wordpress\/?page_id=2538"},"modified":"2024-07-18T18:38:47","modified_gmt":"2024-07-18T17:38:47","slug":"x-brigetio-orszaguti-mezonyverseny","status":"publish","type":"page","link":"https:\/\/brigetiosport.hu\/wordpress\/x-brigetio-orszaguti-mezonyverseny\/","title":{"rendered":"X. Brigetio Orsz\u00e1g\u00fati Mez\u0151nyverseny"},"content":{"rendered":"<p><strong>P\u00e9lif\u00f6ldszentkereszt, 2024.08.04.<\/strong><\/p>\n\n\t\t<div id='gallery-1' class='gallery galleryid-2538 gallery-columns-1 gallery-size-large gal240605'><script type=\"text\/javascript\">\r\n\/\/ <![CDATA[\r\n\tjQuery(document).ready(function () {\r\n\t\tjQuery(\".gal240605 a\").attr(\"rel\",\"gal240605\");\t\r\n\t\tjQuery('a[rel=\"gal240605\"]').colorbox({maxWidth:\"95%\", maxHeight:\"95%\",title: function(){ return jQuery(this).children().attr(\"alt\"); }});\r\n\t});\r\n\/\/ ]]>\r\n<\/script>\n<figure class=\"gallery-item\">\n<div class=\"gallery-icon\">\r\n<a href=\"https:\/\/brigetiosport.hu\/wordpress\/wp-content\/uploads\/2024\/07\/2024_brigetio_omv_cover.jpg\" title=\"\" rel=\"gal240605\"><img loading=\"lazy\" decoding=\"async\" src=\"https:\/\/brigetiosport.hu\/wordpress\/wp-content\/uploads\/2024\/07\/2024_brigetio_omv_cover-728x1024.jpg\" width=\"728\" height=\"1024\" alt=\"\" \/><\/a>\r\n<\/div><\/figure>\r\n\t\t<\/div>\n\n<ul>\n<li>Ny\u00edlt orsz\u00e1g\u00fati ker\u00e9kp\u00e1ros mez\u0151nyverseny<\/li>\n<li>2024 \u00e9vi Magyar Ker\u00e9kp\u00e1ros Amat\u0151r Bajnoks\u00e1g<\/li>\n<li>Jubileumi verseny alkalm\u00e1val bajnok avat\u00e1s mindk\u00e9t t\u00e1von<\/li>\n<li>Egy\u00e9ni \u00e9s csapatverseny<\/li>\n<\/ul>\n<p><strong>I<em>. <\/em>A rendezv\u00e9ny c\u00e9lja:<\/strong><\/p>\n<p>A rendszeres testedz\u00e9s, tov\u00e1bb\u00e1 az orsz\u00e1g\u00fati ker\u00e9kp\u00e1roz\u00e1s, mint versenysport n\u00e9pszer\u0171s\u00edt\u00e9se, ut\u00e1np\u00f3tl\u00e1s nevel\u00e9s. A hazai \u00e9s k\u00fclf\u00f6ldi sportegyes\u00fcletekkel val\u00f3 kapcsolatok \u00e1pol\u00e1sa.<\/p>\n<p><strong> II. Szervez\u0151, versenyigazgat\u00f3k:<br \/>\n<\/strong><br \/>\nBrigetio Ker\u00e9kp\u00e1ros Sportegyes\u00fclet<br \/>\n2921 Kom\u00e1rom, H\u00f3vir\u00e1g utca 50.<br \/>\nAd\u00f3sz\u00e1m: 18398160-1-11<\/p>\n<p><strong>Facebook oldal:<\/strong> <a href=\"https:\/\/www.facebook.com\/brigetiokse\" target=\"_blank\" rel=\"noopener\">https:\/\/www.facebook.com\/brigetiokse<\/a><\/p>\n<p>\u2013 Gregor Zolt\u00e1n \u2013 Brigetio Ker\u00e9kp\u00e1ros Sportegyes\u00fclet eln\u00f6ke:<br \/>\nEmail.: brigetiosport@brigetiosport.hu tel.: +36\/30\/355-4436<\/p>\n<p>\u2013 H\u00e9regi P\u00e9ter \u2013 Brigetio Ker\u00e9kp\u00e1ros Sportegyes\u00fclet aleln\u00f6ke:<br \/>\nEmail.: brigetiosport@brigetiosport.hu tel.: +36\/20\/490-4823<\/p>\n<p><strong>III.<\/strong> A<strong> rendezv\u00e9ny helye, ideje:<\/strong><\/p>\n<p><strong>A verseny id\u0151pontja:<\/strong> 2024.08.04. (vas\u00e1rnap)<br \/>\n<strong>Versenyk\u00f6zpont:<\/strong> P\u00e9lif\u00f6ldszentkereszt, Gerecse Nat\u00farpark L\u00e1togat\u00f3k\u00f6zpont<\/p>\n<p><strong> IV. A rendezv\u00e9ny r\u00e9sztvev\u0151i:<\/strong><\/p>\n<p>Azok a n\u0151i \u00e9s f\u00e9rfi r\u00e9sztvev\u0151k, akik a versenyki\u00edr\u00e1sban meghat\u00e1rozottak szerint a nevez\u00e9si d\u00edjat befizett\u00e9k \u00e9s al\u00e1\u00edr\u00e1sukkal igazolj\u00e1k, hogy a r\u00e9szv\u00e9teli felt\u00e9teleket elfogadt\u00e1k! 18 \u00e9v alatti szem\u00e9ly kiz\u00e1r\u00f3lag sz\u00fcl\u0151i enged\u00e9llyel vehet r\u00e9szt a mez\u0151nyversenyen! A sz\u00fcl\u0151i hozz\u00e1j\u00e1rul\u00f3 nyilatkozatot ki kell t\u00f6lteni \u00e9s a helysz\u00ednen a rajtsz\u00e1m \u00e1tv\u00e9telekor leadni.<\/p>\n<p><strong>Sz\u00fcl\u0151i hozz\u00e1j\u00e1rul\u00f3 nyilatkozat:<\/strong> <u><a href=\"https:\/\/drive.google.com\/file\/d\/19px1Pxs1ZvNojxi1f0I4fiGwPJINnn0o\/view?usp=sharing\" target=\"_blank\" rel=\"noopener\">LINK<\/a><\/u><\/p>\n<p><strong> V. Program:<\/strong><\/p>\n<p>08:00 \u2013 Rajtsz\u00e1mok \u00e1tv\u00e9tele<\/p>\n<p>09:15 \u2013 R\u00f6vid t\u00e1v gy\u00fclekez\u0151<br \/>\n09:30 \u2013 R\u00f6vid t\u00e1v rajt<\/p>\n<p>10:15 \u2013 Hossz\u00fa t\u00e1v gy\u00fclekez\u0151<br \/>\n10:30 \u2013 Hossz\u00fa t\u00e1v rajt<\/p>\n<p>11:30 \u2013 R\u00f6vid t\u00e1v eredm\u00e9nyhirdet\u00e9s<br \/>\n14:00 \u2013 Hossz\u00fa t\u00e1v eredm\u00e9nyhirdet\u00e9s<\/p>\n<p>A program \u00e9s a rajtok id\u0151pontja v\u00e1ltozhat, ez\u00e9rt k\u00e9rj\u00fck k\u00f6vess\u00e9tek a versennyel kapcsolatos bejegyz\u00e9seket a hivatalos Facebook oldalunkon kereszt\u00fcl.<\/p>\n<p><strong>VI. Korcsoportok \u00e9s t\u00e1vok:<\/strong><\/p>\n<table style=\"height: 1304px;\" width=\"840\">\n<tbody>\n<tr>\n<td colspan=\"4\" width=\"420\"><strong>F\u00e9rfi korcsoportok<\/strong><\/td>\n<td colspan=\"4\" width=\"420\"><strong>N\u0151i korcsoportok<\/strong><\/td>\n<\/tr>\n<tr>\n<td width=\"72\">U13<\/td>\n<td width=\"76\">(10-12 \u00e9v)<\/td>\n<td width=\"72\">2012-2014<\/td>\n<td width=\"87\">r\u00f6vid t\u00e1v<\/td>\n<td width=\"81\">WU15<\/td>\n<td width=\"59\">(10-14 \u00e9v)<\/td>\n<td width=\"65\">2010-2014<\/td>\n<td width=\"78\">r\u00f6vid t\u00e1v<\/td>\n<\/tr>\n<tr>\n<td width=\"72\">U15<\/td>\n<td width=\"76\">(13-14 \u00e9v)<\/td>\n<td width=\"72\">2010-2011<\/td>\n<td width=\"87\">r\u00f6vid t\u00e1v<\/td>\n<td width=\"81\">\u2013<\/td>\n<td width=\"59\"><\/td>\n<td width=\"65\"><\/td>\n<td width=\"78\"><\/td>\n<\/tr>\n<tr>\n<td width=\"72\">U17<\/td>\n<td width=\"76\">(15-16 \u00e9v)<\/td>\n<td width=\"72\">2008-2009<\/td>\n<td width=\"87\">r\u00f6vid t\u00e1v<\/td>\n<td width=\"81\">WU17<\/td>\n<td width=\"59\">(15-16 \u00e9v)<\/td>\n<td width=\"65\">2008-2009<\/td>\n<td width=\"78\">r\u00f6vid t\u00e1v<\/td>\n<\/tr>\n<tr>\n<td width=\"72\">U19<\/td>\n<td width=\"76\">(17-18 \u00e9v)<\/td>\n<td width=\"72\">2006-2007<\/td>\n<td width=\"87\">hossz\u00fa t\u00e1v<\/td>\n<td width=\"81\">WU19<\/td>\n<td width=\"59\">(17-18 \u00e9v)<\/td>\n<td width=\"65\">2006-2007<\/td>\n<td width=\"78\">hossz\u00fa t\u00e1v<\/td>\n<\/tr>\n<tr>\n<td width=\"72\">Elit1<\/td>\n<td width=\"76\">(19-29 \u00e9v)<\/td>\n<td width=\"72\">1995-2005<\/td>\n<td width=\"87\">hossz\u00fa t\u00e1v<\/td>\n<td width=\"81\">WElit<\/td>\n<td width=\"59\">(19-39 \u00e9v)<\/td>\n<td width=\"65\">1985-2005<\/td>\n<td width=\"78\">hossz\u00fa t\u00e1v<\/td>\n<\/tr>\n<tr>\n<td width=\"72\">Elit2<\/td>\n<td width=\"76\">(30-39 \u00e9v)<\/td>\n<td width=\"72\">1985-1994<\/td>\n<td width=\"87\">hossz\u00fa t\u00e1v<\/td>\n<td width=\"81\">\u2013<\/td>\n<td width=\"59\"><\/td>\n<td width=\"65\"><\/td>\n<td width=\"78\"><\/td>\n<\/tr>\n<tr>\n<td width=\"72\">Master<\/td>\n<td width=\"76\">(40-49 \u00e9v)<\/td>\n<td width=\"72\">1975-1984<\/td>\n<td width=\"87\">hossz\u00fa t\u00e1v<\/td>\n<td width=\"81\">WMaster<\/td>\n<td width=\"59\">(40-49 \u00e9v)<\/td>\n<td width=\"65\">1975-1984<\/td>\n<td width=\"78\">hossz\u00fa t\u00e1v<\/td>\n<\/tr>\n<tr>\n<td width=\"72\">Senior1<\/td>\n<td width=\"76\">(50-59 \u00e9v)<\/td>\n<td width=\"72\">1965-1974<\/td>\n<td width=\"87\">hossz\u00fa t\u00e1v<\/td>\n<td width=\"81\">WSenior1<\/td>\n<td width=\"59\">(50-59 \u00e9v)<\/td>\n<td width=\"65\">1965-1974<\/td>\n<td width=\"78\">r\u00f6vid t\u00e1v<\/td>\n<\/tr>\n<tr>\n<td width=\"72\">Senior2<\/td>\n<td width=\"76\">(60-69 \u00e9v)<\/td>\n<td width=\"72\">1955-1964<\/td>\n<td width=\"87\">r\u00f6vid t\u00e1v<\/td>\n<td width=\"81\"><\/td>\n<td width=\"59\"><\/td>\n<td width=\"65\"><\/td>\n<td width=\"78\"><\/td>\n<\/tr>\n<tr>\n<td width=\"72\">Senior3<\/td>\n<td width=\"76\">(70+ \u00a0 \u00e9v)<\/td>\n<td width=\"72\">\u00a0\u00a0\u00a0\u00a0\u00a0\u00a0\u00a0 -1954<\/td>\n<td width=\"87\">r\u00f6vid t\u00e1v<\/td>\n<td width=\"81\">WSenior2<\/td>\n<td width=\"59\">(60 +\u00a0\u00a0 \u00e9v)<\/td>\n<td width=\"65\">-1964<\/td>\n<td width=\"78\">r\u00f6vid t\u00e1v<\/td>\n<\/tr>\n<tr>\n<td colspan=\"8\"><\/td>\n<\/tr>\n<tr>\n<td colspan=\"2\" width=\"101\">R\u00f6vidt\u00e1v:<\/td>\n<td colspan=\"6\" width=\"491\">WU15, WU17, WSenior1, WSenior2, U13, U15, U17, Senior2, Senior3, Hobby f\u00e9rfi, Hobby n\u0151i<\/td>\n<\/tr>\n<tr>\n<td colspan=\"2\" width=\"101\">Hossz\u00fat\u00e1v:<\/td>\n<td colspan=\"6\" width=\"491\">WU19, WElit, WMaster,\u00a0U19, Elit1, Elit2, Master, Senior1, Hobby f\u00e9rfi, Hobby n\u0151i<\/td>\n<\/tr>\n<\/tbody>\n<\/table>\n<p><strong>A hobby kateg\u00f3ria a r\u00f6vid \u00e9s hossz\u00fa t\u00e1von is megtart\u00e1sra ker\u00fcl. Hobby kateg\u00f3ri\u00e1ba b\u00e1rki nevezhet kort\u00f3l \u00e9s nemt\u0151l f\u00fcggetlen\u00fcl. A hobby kateg\u00f3ria nem tartozik bele az AKESZ versenybe, ez\u00e9rt pontok sem szerezhet\u0151ek.\u00a0<\/strong><\/p>\n<p><strong>VII. \u00datvonal<\/strong><\/p>\n<p>A versenyt\u00e1vok \u00fatvonalai a Rend\u0151rs\u00e9g \u00e9s Polg\u00e1r\u0151rs\u00e9g \u00e1ltal biztos\u00edtva vannak.<\/p>\n<p>1124-es \u00fat \u2013 1125. sz\u00e1m\u00fa \u00fat \u2013 1119 sz\u00e1m\u00fa \u00fat \u2013 1124-es \u00fat \u00f3ramutat\u00f3 j\u00e1r\u00e1s\u00e1val ellent\u00e9tes ir\u00e1nyban.<\/p>\n<p>&nbsp;<\/p>\n<p>A r\u00f6vid t\u00e1v versenyz\u0151i 1 teljes k\u00f6rt, a hossz\u00fa t\u00e1v versenyz\u0151i 4 teljes k\u00f6rt teljes\u00edtenek a k\u00f6rp\u00e1ly\u00e1n.<\/p>\n<p><strong>R\u00f6vid t\u00e1v:<\/strong> 20,5 km\u00a0\u00a0\u00a0\u00a0 szint: 265 m<\/p>\n<p><strong>Hossz\u00fa t\u00e1v:<\/strong> 82,5 km\u00a0\u00a0 szint: 1060 m<\/p>\n<p><strong>K\u00f6rp\u00e1lya:<\/strong><\/p>\n<p><iframe style=\"width: 1px; min-width: 100%; height: 700px; border: none;\" src=\"https:\/\/ridewithgps.com\/embeds?type=route&amp;id=42842537&amp;title=X.%20Brigetio%20Orsz%C3%A1g%C3%BAti%20Mez%C5%91nyverseny&amp;metricUnits=true&amp;sampleGraph=true\" scrolling=\"no\"><\/iframe><\/p>\n<p><strong>VIII. Rajtproced\u00fara<\/strong>:<\/p>\n<p>Mindk\u00e9t t\u00e1v eset\u00e9ben a gy\u00fclekez\u0151 P\u00e9lif\u00f6ldszentkereszten, a Gerecse Nat\u00far L\u00e1togat\u00f3k\u00f6zpont el\u0151tt t\u00f6rt\u00e9nik. A lass\u00fa rajt kb. 200 m\u00e9ter, majd kezd\u0151dik az \u00e9les verseny.<\/p>\n<p><strong> IX. Helyez\u00e9sek eld\u00f6nt\u00e9se: <\/strong><\/p>\n<p>A kateg\u00f3ri\u00e1nk\u00e9nti versenyek gy\u0151ztese az, aki a ki\u00edrt t\u00e1vot szab\u00e1lyszer\u0171en, a leggyorsabban teljes\u00edti. A lek\u00f6r\u00f6z\u00f6tt versenyz\u0151k a k\u00f6rt nem vehetik vissza, a c\u00e9lban a k\u00f6rh\u00e1tr\u00e1nynak megfelel\u0151 id\u0151b\u00fcntet\u00e9s ker\u00fcl az id\u0151eredm\u00e9nyhez hozz\u00e1 \u00edr\u00e1sra.\u00a0 Chipes id\u0151m\u00e9r\u00e9s.<\/p>\n<p><strong> X. D\u00edjaz\u00e1s:<\/strong><\/p>\n<ul>\n<li>A korcsoportok \u00e9s a hobby kateg\u00f3ri\u00e1k 1-3 helyezettjei egyedileg tervezett \u00e9rmet \u00e9s oklevelet vehetnek \u00e1t.<\/li>\n<li>A f\u00e9rfi \u00e9s n\u0151i r\u00f6vid \u00e9s hossz\u00fa t\u00e1v abszol\u00fat 1-3 helyezettjei k\u00fcl\u00f6n d\u00edjaz\u00e1sban is r\u00e9szes\u00fclnek, k\u00e9zm\u0171ves mester \u00e1ltal k\u00e9sz\u00edtett kup\u00e1k vehetnek \u00e1t.<\/li>\n<li>A f\u00e9rfi \u00e9s n\u0151i r\u00f6vid \u00e9s hossz\u00fa t\u00e1v\u00fa verseny abszol\u00fat 1. helyezettjei jubileumi bajnoki mezt vehetnek \u00e1t a GESU Bikewear j\u00f3volt\u00e1b\u00f3l.<\/li>\n<li>Csapatverseny: Azok a csapatok, akik legal\u00e1bb hat egy\u00e9ni versenyz\u0151t neveznek a hossz\u00fa t\u00e1v\u00fa versenyen, r\u00e9szt vesznek a csapatversenyben. A csapaton bel\u00fcl a legjobb hat versenyz\u0151 id\u0151eredm\u00e9nye \u00f6sszegz\u00e9sre ker\u00fcl \u00e9s a legeredm\u00e9nyesebb h\u00e1rom csapat tagjai (6 f\u0151) d\u00edjaz\u00e1sban r\u00e9szes\u00fcl.\u00a0D\u00edjak: egyedi \u00e9rmek, oklevelek K\u00e9rj\u00fck, hogy nevez\u00e9skor a \u201eCsapat neve\u201d rovatban a csapat pontos neve ker\u00fclj\u00f6n felt\u00fcntet\u00e9sre minden csapattag eset\u00e9ben.<\/li>\n<li>A kateg\u00f3ri\u00e1k 1. helyezettjei bel\u00e9p\u0151 jegyet kapnak a kom\u00e1romi Brigetio Gy\u00f3gyf\u00fcrd\u0151be<\/li>\n<li>A hossz\u00fa t\u00e1v f\u00e9rfi-n\u0151i abszol\u00fat 1. helyezettje 10 000 Ft, 2. helyezettje 8 000 Ft, 3. helyezettje 5 000 Ft utalv\u00e1nyt kap a <a href=\"http:\/\/www.dasbrot.hu\" target=\"_blank\" rel=\"noopener\" data-saferedirecturl=\"https:\/\/www.google.com\/url?q=http:\/\/www.dasbrot.hu&amp;source=gmail&amp;ust=1718791234984000&amp;usg=AOvVaw2GiuOYDeb5QTI_YKVdTCtg\">www.dasbrot.hu<\/a> webp\u00e9ks\u00e9gbe<\/li>\n<\/ul>\n<p><strong> XI. Nevez\u00e9s:<\/strong><\/p>\n<p>El\u0151nevezni az al\u00e1bbi oldalon lehet: <a href=\"https:\/\/sportorigo.com\" target=\"_blank\" rel=\"noopener\">https:\/\/sportorigo.com<\/a><\/p>\n<p><strong>El\u0151nevez\u00e9si d\u00edj:<\/strong> 2024.07.30-ig \u00e9rv\u00e9nyes<\/p>\n<p><strong>r\u00f6vidt\u00e1v:<\/strong> 8.000 Ft<br \/>\n<strong>hossz\u00fat\u00e1v:<\/strong> 12.000 Ft<br \/>\n<strong>El\u0151nevez\u00e9si hat\u00e1rid\u0151:<\/strong> 2024. j\u00falius 30. \u00e9jf\u00e9l<\/p>\n<p>Az el\u0151nevez\u00e9s csak akkor \u00e9rv\u00e9nyes, ha 2024. j\u00falius 30. \u00e9jf\u00e9lig a nevez\u00e9si d\u00edj az egyes\u00fclet banksz\u00e1ml\u00e1j\u00e1ra \u00e1tutal\u00e1ssal, a nevez\u0151fel\u00fcleten bankk\u00e1rty\u00e1s fizet\u00e9ssel befizet\u00e9sre ker\u00fclt! Az el\u0151zetes regisztr\u00e1ci\u00f3 t\u00f6rl\u0151dik, amennyiben a nevez\u00e9si d\u00edj nem ker\u00fcl az el\u0151nevez\u00e9si hat\u00e1rid\u0151 lej\u00e1rt\u00e1ig kiegyenl\u00edt\u00e9sre, ezt k\u00f6vet\u0151en csak helysz\u00edni nevez\u00e9s lehets\u00e9ges! A 2024. j\u00falius 30. \u00e9jf\u00e9lig kiegyenl\u00edt\u00e9s\u00e9re ker\u00fclt nevez\u00e9sekhez n\u00e9vvel ell\u00e1tott rajtsz\u00e1mok k\u00e9sz\u00fclnek.<\/p>\n<p><strong>Banki \u00e1tutal\u00e1s:<\/strong><br \/>\nBrigetio Ker\u00e9kp\u00e1ros Sportegyes\u00fclet<br \/>\nK&amp;H Bank, 10403631-50526775-68811005<br \/>\nNemzetk\u00f6zi banksz\u00e1mlasz\u00e1m (IBAN): HU44 1040 3631 5052 6775 6881 1005<\/p>\n<p>A nevez\u00e9sn\u00e9l az \u00e1tutal\u00f3 nev\u00e9t, c\u00edm\u00e9t \u00e9s \u2013 jogi szem\u00e9ly eset\u00e9n \u2013 ad\u00f3sz\u00e1m\u00e1t kell megadni. A befizetett nevez\u00e9si d\u00edjat visszat\u00e9r\u00edteni nem \u00e1ll m\u00f3dunkban.<\/p>\n<p><strong>Helysz\u00edni nevez\u00e9si d\u00edj:<\/strong><br \/>\n<strong>r\u00f6vidt\u00e1v:<\/strong> 15.000 Ft<br \/>\n<strong>hossz\u00fat\u00e1v:<\/strong> 20.000 Ft<\/p>\n<p>Helysz\u00edni nevez\u00e9sn\u00e9l csak k\u00e9szp\u00e9nzt tudunk fogadni \u00e9s nyugt\u00e1t tudunk adni. Sz\u00e1ml\u00e1t a helysz\u00edni nevez\u00e9sn\u00e9l nem \u00e1ll m\u00f3dunkban ki\u00e1ll\u00edtani.<\/p>\n<p><strong>Nevez\u00e9si d\u00edj kedvezm\u00e9nyek:<\/strong><br \/>\nAKESZ rendszer\u00e9ben 2024 \u00e9vre \u00e9rv\u00e9nyes regisztr\u00e1ci\u00f3 eset\u00e9n: 10%<br \/>\nHelysz\u00edni nevez\u00e9sn\u00e9l AKESZ kedvezm\u00e9ny nem \u00e9rv\u00e9nyes\u00edthet\u0151.<\/p>\n<p><strong>Eb\u00e9d utalv\u00e1ny:<\/strong><\/p>\n<p>A versenyre az el\u0151nevez\u00e9s sor\u00e1n van lehet\u0151s\u00e9g eb\u00e9det k\u00e9rni, melynek \u00e1ra 2 000 Ft. Az eb\u00e9d ig\u00e9nyl\u00e9se a sportorigo.com rendszeren kereszt\u00fcl, nevez\u00e9skor t\u00f6rt\u00e9nik.<\/p>\n<p><strong>XII. Nevez\u00e9si d\u00edj tartalmazza:<\/strong><\/p>\n<ul>\n<li>indul\u00e1s jog\u00e1t<\/li>\n<li>chipes id\u0151m\u00e9r\u00e9st<\/li>\n<li>n\u00e9vre sz\u00f3l\u00f3 rajtsz\u00e1m<\/li>\n<li>rend\u0151ri \u00fatvonal-biztos\u00edt\u00e1st, biztos\u00edt\u00f3 motorosokat, szem\u00e9lyzetet<\/li>\n<li>eg\u00e9szs\u00e9g\u00fcgyi els\u0151seg\u00e9ly ell\u00e1t\u00e1st, mozg\u00f3 \u00fcgyelet<\/li>\n<li>felvezet\u0151, z\u00e1r\u00f3aut\u00f3 minden t\u00e1von<\/li>\n<li>f\u00e9nyk\u00e9pek, vide\u00f3k<\/li>\n<li>egyedileg tervezett \u00e9s gy\u00e1rtott d\u00edjak<\/li>\n<li>s\u00fctem\u00e9nyek a helysz\u00ednen az Ireks Stamag Kft. felaj\u00e1nl\u00e1s\u00e1b\u00f3l<\/li>\n<li>s\u00fctem\u00e9nyek a helysz\u00ednen a STOP Cukr\u00e1szda felaj\u00e1nl\u00e1s\u00e1b\u00f3l<\/li>\n<li>1 db Brigetio KSE kulacs<\/li>\n<li>1 db jubileumi nyakba akaszt\u00f3<\/li>\n<li>1 db jubileumi h\u00e1tizs\u00e1k a GESU Bikewear j\u00f3volt\u00e1b\u00f3l<\/li>\n<li>\n<div>minden nevez\u0151 a rajtsz\u00e1m felmutat\u00e1s\u00e1val csal\u00e1di bel\u00e9p\u00e9st kap a Monostori Er\u0151dbe felhaszn\u00e1lhat\u00f3: 2024. szeptember 29. info: <a href=\"http:\/\/www.erod.hu\" target=\"_blank\" rel=\"noopener\" data-saferedirecturl=\"https:\/\/www.google.com\/url?q=http:\/\/www.erod.hu&amp;source=gmail&amp;ust=1718791234984000&amp;usg=AOvVaw2eeQ5hzYL-2WQA8skF1TGW\">http:\/\/www.erod.hu<\/a><\/div>\n<\/li>\n<li>\n<div>minden nevez\u0151 augusztus 3-4 napon 15% kedvezm\u00e9nyt kap a kom\u00e1romi Thermal Hotel sz\u00e1ll\u00e1sd\u00edjb\u00f3l. \u00c9rv\u00e9nyes\u00edt\u00e9shez a <a href=\"mailto:brigetiosport@brigetiosport.hu\" target=\"_blank\" rel=\"noopener\">brigetiosport@brigetiosport.hu<\/a> email c\u00edmen vegy\u00e9k fel vel\u00fcnk a kapcsolatot.<\/div>\n<div>A hotel:\u00a0 <a href=\"http:\/\/www.komthermal.hu\/szallas\/thermal-hotel\" target=\"_blank\" rel=\"noopener\" data-saferedirecturl=\"https:\/\/www.google.com\/url?q=http:\/\/www.komthermal.hu\/szallas\/thermal-hotel&amp;source=gmail&amp;ust=1718791234984000&amp;usg=AOvVaw2Fm7zR_m1RBbjkUZtd5Teq\">http:\/\/www.komthermal.hu\/<wbr \/>szallas\/thermal-hotel<\/a><\/div>\n<\/li>\n<li>tov\u00e1bbi kedvezm\u00e9nyek \u00e9s aj\u00e1nd\u00e9kok v\u00e1rhat\u00f3ak, k\u00e9rj\u00fck l\u00e1togass vissza<\/li>\n<\/ul>\n<p><strong>XIII. Versenyszab\u00e1lyok:<\/strong><\/p>\n<ul>\n<li>A rendezv\u00e9nyen minden r\u00e9sztvev\u0151 a rendez\u0151k \u00e1ltal biztos\u00edtott rajtsz\u00e1mmal \u00e9s chipel indul. A rajtsz\u00e1mokat a mez zseb\u00e9re kell ragasztani a chipet a nyeregcs\u0151re kell r\u00f6gz\u00edteni. Let\u00e9ti d\u00edj nincs.<\/li>\n<li>A rendezv\u00e9nyen mindenki saj\u00e1t felel\u0151ss\u00e9g\u00e9re indulhat, a versenyki\u00edr\u00e1s \u00e9s k\u00f6zleked\u00e9si szab\u00e1lyok -KRESZ, K\u00d6H\u00c9M- betart\u00e1sa mellett. A rendezv\u00e9nyen aj\u00e1nlott a j\u00f3l l\u00e1that\u00f3 ruh\u00e1zat visel\u00e9se.<\/li>\n<li>A rendezv\u00e9nyen buk\u00f3sisak visel\u00e9se k\u00f6telez\u0151!<\/li>\n<li>A rendezv\u00e9nyen olyan ker\u00e9kp\u00e1rral, melynek korm\u00e1ny\u00e1n korm\u00e1nyr\u00e1t\u00e9t (k\u00f6ny\u00f6kl\u0151, triatlonkorm\u00e1ny) van, elindulni tilos! Aki a rajthelyre korm\u00e1nyr\u00e1t\u00e9ttel pr\u00f3b\u00e1l be\u00e1llni azt a rendez\u0151s\u00e9g nem engedi elindulni.<\/li>\n<li>A versenyen mindenki saj\u00e1t felel\u0151ss\u00e9g\u00e9re vesz r\u00e9szt!<\/li>\n<li>Az esetleges balesetek\u00e9rt \u00e9s a versenyki\u00edr\u00e1s be nem tart\u00e1s\u00e1b\u00f3l bek\u00f6vetkez\u0151, ill. eg\u00e9szs\u00e9g\u00fcgyi okokb\u00f3l bek\u00f6vetkezett balesetek\u00e9rt \u00e9s s\u00e9r\u00fcl\u00e9sek\u00e9rt a rendez\u0151 semmif\u00e9le felel\u0151ss\u00e9get nem v\u00e1llal, k\u00e1rt\u00e9r\u00edt\u00e9sre nem k\u00f6telezhet\u0151.<\/li>\n<li>A rendezv\u00e9nyen minden r\u00e9sztvev\u0151 k\u00f6teles a rendez\u0151 \u00e1ltal biztos\u00edtott rekl\u00e1manyagot a felszerel\u00e9s\u00e9n, ker\u00e9kp\u00e1ron, \u2026 stb elhelyezni. Aki ennek nem tesz eleget a rendezv\u00e9nyr\u0151l kiz\u00e1rhat\u00f3.<\/li>\n<li>\u00d3v\u00e1st beny\u00fajtani a c\u00e9lba \u00e9rkez\u00e9st k\u00f6vet\u0151en 10 percen bel\u00fcl, \u00edr\u00e1sban van lehet\u0151s\u00e9g. \u00d3v\u00e1si d\u00edj: 15.000 Ft<\/li>\n<\/ul>\n<p><strong>XIV. R\u00e9sztvev\u0151 nyilatkozata:<\/strong><\/p>\n<ul>\n<li>Az online nevez\u00e9s regisztr\u00e1ci\u00f3s adatlapj\u00e1nak kit\u00f6lt\u00e9se \u00f6nk\u00e9ntes adatk\u00f6zl\u00e9s. Hozz\u00e1j\u00e1rulok, hogy a nevez\u00e9si lapon szerepl\u0151 adataimat a rendez\u0151 az esem\u00e9ny adatb\u00e1zis\u00e1ban nyilv\u00e1ntartsa.<\/li>\n<li>A rendezv\u00e9nyen k\u00e9sz\u00fcl\u0151 film \u00e9s k\u00e9panyagaiban, elektronikus \u00e9s nyomtatott sajt\u00f3ban valamint ezek rekl\u00e1mc\u00e9l\u00fa felhaszn\u00e1l\u00e1s\u00e1ban szerepelhetek, ez\u00e9rt ellenszolg\u00e1ltat\u00e1st nem k\u00e9rek.<\/li>\n<li>A X. Brigetio Orsz\u00e1g\u00fati Mez\u0151nyversenyen saj\u00e1t felel\u0151ss\u00e9gemre veszek r\u00e9szt.<\/li>\n<li>A X. Brigetio Orsz\u00e1g\u00fati Mez\u0151nyverseny verseny ki\u00edr\u00e1s\u00e1t elolvastam, tudom\u00e1sul vettem, annak pontjait betartom \u00e9s magamra k\u00f6telez\u0151 \u00e9rv\u00e9ny\u0171nek tekintem.<\/li>\n<li>Eg\u00e9szs\u00e9gesen \u00e9s fizikailag felk\u00e9sz\u00fclten \u00e1llok rajthoz.<\/li>\n<li>Sz\u00fcks\u00e9g eset\u00e9n az orvosi vizsg\u00e1latba beleegyezem, az orvos utas\u00edt\u00e1sait elfogadom.<\/li>\n<li>Ha a fenti okokra vagy a ki\u00edr\u00e1sban szerepl\u0151 rendelkez\u00e9sek megszeg\u00e9s\u00e9re visszavezethet\u0151 vagy versenybaleset eset\u00e9n b\u00e1rmilyen k\u00e1rosod\u00e1s \u00e9r, illetve t\u00e1volmarad\u00e1som eset\u00e9n a rendez\u0151k fel\u00e9 k\u00f6vetel\u00e9ssel nem \u00e9lek.<\/li>\n<li>Az online nevez\u00e9s \u201celk\u00fcld\u00e9s\u00e9vel\u201d a nyilatkozat tartalm\u00e1t magamra n\u00e9zve k\u00f6telez\u0151 \u00e9rv\u00e9ny\u0171nek fogadom el!<\/li>\n<\/ul>\n<p><strong>XVI. K\u00eds\u00e9r\u0151 aut\u00f3:<\/strong><\/p>\n<p>K\u00eds\u00e9r\u0151 aut\u00f3 ig\u00e9nybev\u00e9tele helysz\u00edni regisztr\u00e1ci\u00f3hoz k\u00f6t\u00f6tt. Regisztr\u00e1ci\u00f3s d\u00edj: 3\u00a0000 Ft<\/p>\n<p>A regisztr\u00e1ci\u00f3t figyelmen k\u00edv\u00fcl hagy\u00f3 k\u00eds\u00e9r\u0151 aut\u00f3 haszn\u00e1lata kiz\u00e1r\u00e1st von maga ut\u00e1n.<\/p>\n<p><strong>XVII. Sajt\u00f3 \u00e9s egy\u00e9b m\u00e9dia szab\u00e1lyzat:<\/strong><\/p>\n<p>Egy\u00e9ni felv\u00e9teleket a Rendezv\u00e9nyen val\u00f3 r\u00e9szv\u00e9tel\u00e9r\u0151l minden r\u00e9sztvev\u0151 csak saj\u00e1t, egy\u00e9ni felhaszn\u00e1l\u00e1sra k\u00e9sz\u00edthet, azokat kereskedelmi, rekl\u00e1m, prom\u00f3ci\u00f3s \u00e9s egy\u00e9b c\u00e9lokra a Szervez\u0151 \u00edr\u00e1sos beleegyez\u00e9se n\u00e9lk\u00fcl fel nem haszn\u00e1lhatja. Tilos b\u00e1rmilyen felv\u00e9tel, vagy felv\u00e9tel m\u00e1solat\u00e1nak internetes honlapon, nyomtatott sajt\u00f3ban, telev\u00edzi\u00f3ban val\u00f3 bemutat\u00e1sa \u00fczleti c\u00e9llal, a Szervez\u0151 el\u0151zetes \u00edr\u00e1sbeli enged\u00e9lye n\u00e9lk\u00fcl. A r\u00e9sztvev\u0151 a Rendezv\u00e9nyre val\u00f3 nevez\u00e9ssel \u00e1truh\u00e1zza a Rendezv\u00e9nyen val\u00f3 r\u00e9szv\u00e9tel\u00e9r\u0151l k\u00e9sz\u00fclt b\u00e1rmilyen nem\u0171 felv\u00e9tel rendelkez\u00e9si \u00e9s nemzetk\u00f6zi terjeszt\u00e9si \u00e9s kiz\u00e1r\u00f3lagos felhaszn\u00e1l\u00e1si jogait a Szervez\u0151 c\u00e9gre, \u00edgy minden a Rendezv\u00e9ny ideje alatt a Rendezv\u00e9nyr\u0151l k\u00e9sz\u00fclt k\u00e9p jogai kiz\u00e1r\u00f3lagosan a Szervez\u0151t illetik.<\/p>\n<p><em>A ki\u00edr\u00e1s v\u00e1ltoztat\u00e1si jog\u00e1t a szervez\u0151k fenntartj\u00e1k! Mindenkinek kellemes versenyz\u00e9st k\u00edv\u00e1nunk!<\/em><\/p>\n","protected":false},"excerpt":{"rendered":"<p>P\u00e9lif\u00f6ldszentkereszt, 2024.08.04. Ny\u00edlt orsz\u00e1g\u00fati ker\u00e9kp\u00e1ros mez\u0151nyverseny 2024 \u00e9vi Magyar Ker\u00e9kp\u00e1ros Amat\u0151r Bajnoks\u00e1g Jubileumi verseny alkalm\u00e1val bajnok avat\u00e1s mindk\u00e9t t\u00e1von Egy\u00e9ni \u00e9s csapatverseny I. A rendezv\u00e9ny c\u00e9lja: A rendszeres testedz\u00e9s, tov\u00e1bb\u00e1 az orsz\u00e1g\u00fati ker\u00e9kp\u00e1roz\u00e1s, mint versenysport n\u00e9pszer\u0171s\u00edt\u00e9se, ut\u00e1np\u00f3tl\u00e1s nevel\u00e9s. A hazai \u00e9s k\u00fclf\u00f6ldi sportegyes\u00fcletekkel val\u00f3 kapcsolatok \u00e1pol\u00e1sa. II. Szervez\u0151, versenyigazgat\u00f3k: Brigetio Ker\u00e9kp\u00e1ros Sportegyes\u00fclet 2921 Kom\u00e1rom, H\u00f3vir\u00e1g &hellip; <a href=\"https:\/\/brigetiosport.hu\/wordpress\/x-brigetio-orszaguti-mezonyverseny\/\" class=\"more-link\"><span class=\"screen-reader-text\">&#8222;X. Brigetio Orsz\u00e1g\u00fati Mez\u0151nyverseny&#8221;<\/span> b\u0151vebben<\/a><\/p>\n","protected":false},"author":1,"featured_media":0,"parent":0,"menu_order":0,"comment_status":"closed","ping_status":"closed","template":"","meta":{"footnotes":""},"_links":{"self":[{"href":"https:\/\/brigetiosport.hu\/wordpress\/wp-json\/wp\/v2\/pages\/2538"}],"collection":[{"href":"https:\/\/brigetiosport.hu\/wordpress\/wp-json\/wp\/v2\/pages"}],"about":[{"href":"https:\/\/brigetiosport.hu\/wordpress\/wp-json\/wp\/v2\/types\/page"}],"author":[{"embeddable":true,"href":"https:\/\/brigetiosport.hu\/wordpress\/wp-json\/wp\/v2\/users\/1"}],"replies":[{"embeddable":true,"href":"https:\/\/brigetiosport.hu\/wordpress\/wp-json\/wp\/v2\/comments?post=2538"}],"version-history":[{"count":11,"href":"https:\/\/brigetiosport.hu\/wordpress\/wp-json\/wp\/v2\/pages\/2538\/revisions"}],"predecessor-version":[{"id":2686,"href":"https:\/\/brigetiosport.hu\/wordpress\/wp-json\/wp\/v2\/pages\/2538\/revisions\/2686"}],"wp:attachment":[{"href":"https:\/\/brigetiosport.hu\/wordpress\/wp-json\/wp\/v2\/media?parent=2538"}],"curies":[{"name":"wp","href":"https:\/\/api.w.org\/{rel}","templated":true}]}}