{"id":2128,"date":"2023-04-14T08:47:47","date_gmt":"2023-04-14T07:47:47","guid":{"rendered":"http:\/\/brigetiosport.hu\/wordpress\/?page_id=2128"},"modified":"2023-04-26T15:44:14","modified_gmt":"2023-04-26T14:44:14","slug":"brigetio-kerekparos-tura-es-ugyessegi-palya-gyerekeknek","status":"publish","type":"page","link":"https:\/\/brigetiosport.hu\/wordpress\/rendezvenyeink\/brigetio-kerekparos-tura-es-ugyessegi-palya-gyerekeknek\/","title":{"rendered":"Brigetio Ker\u00e9kp\u00e1ros T\u00fara \u00e9s \u00dcgyess\u00e9gi P\u00e1lya Gyerekeknek"},"content":{"rendered":"<p><strong>I<em>. <\/em>A rendezv\u00e9ny c\u00e9lja:<\/strong><\/p>\n<p>A Kom\u00e1romi napok programsorozat sz\u00ednes\u00edt\u00e9se, a rendszeres testedz\u00e9s, tov\u00e1bb\u00e1 a ker\u00e9kp\u00e1roz\u00e1s n\u00e9pszer\u0171s\u00edt\u00e9se. Kom\u00e1rom \u00e9s az Eurovelo6 kom\u00e1romi szakasz\u00e1nak turisztikai megismertet\u00e9se.<\/p>\n<p><strong> II. A rendezv\u00e9ny f\u0151v\u00e9dn\u00f6ke:<br \/>\n<\/strong><br \/>\nDr. Moln\u00e1r Attila \u2013 Kom\u00e1rom Polg\u00e1rmestere<\/p>\n<p><strong>III. Szervez\u0151:<br \/>\n<\/strong><br \/>\nBrigetio Ker\u00e9kp\u00e1ros Sportegyes\u00fclet<br \/>\n2900 Kom\u00e1rom, Klapka Gy\u00f6rgy \u00fat 12. 3\/9<br \/>\nAd\u00f3sz\u00e1m: 18398160-1-11<\/p>\n<p>\u2013 Gregor Zolt\u00e1n \u2013 Brigetio Ker\u00e9kp\u00e1ros Sportegyes\u00fclet eln\u00f6ke:<br \/>\nEmail.: brigetiosport@brigetiosport.hu tel.: +36\/30\/355-4436<\/p>\n<p>\u2013 H\u00e9regi P\u00e9ter \u2013 Brigetio Ker\u00e9kp\u00e1ros Sportegyes\u00fclet aleln\u00f6ke:<br \/>\nEmail.: brigetiosport@brigetiosport.hu tel.: +36\/20\/490-4823<\/p>\n<p><strong>IV. A rendezv\u00e9ny helye, ideje:<\/strong><\/p>\n<p>A program helysz\u00edne: Kom\u00e1rom, H\u00e9t Vez\u00e9r Park<br \/>\nA program id\u0151pontja: 2023.04.30. (vas\u00e1rnap)<\/p>\n<p><strong>V. A rendezv\u00e9ny r\u00e9sztvev\u0151i:<\/strong><\/p>\n<p>A t\u00far\u00e1n b\u00e1rki r\u00e9szt vehet, aki a helysz\u00ednen a nevez\u00e9si d\u00edjat befizette \u00e9s al\u00e1\u00edr\u00e1s\u00e1val hiteles\u00edtette, hogy a r\u00e9szv\u00e9teli felt\u00e9teleket elfogadja! 18 \u00e9v alatti szem\u00e9ly kiz\u00e1r\u00f3lag sz\u00fcl\u0151i enged\u00e9llyel vehet r\u00e9szt a t\u00far\u00e1n!<\/p>\n<p>A sz\u00fcl\u0151i hozz\u00e1j\u00e1rul\u00f3 nyilatkozatot ki kell t\u00f6lteni \u00e9s a helysz\u00ednen a rajtsz\u00e1m \u00e1tv\u00e9telekor leadni.<\/p>\n<p>Sz\u00fcl\u0151i hozz\u00e1j\u00e1rul\u00f3 nyilatkozat: <u><a href=\"https:\/\/drive.google.com\/file\/d\/1wVhXPyJpas__NAcSvqK1Fs_soi5u8Kqi\/view?usp=sharing\" target=\"_blank\" rel=\"noopener noreferrer\">LINK<\/a><\/u><\/p>\n<p><strong> VI. Program:<\/strong><br \/>\n08:30 &#8211; 11:00 \u2013 Nevez\u00e9s, rajtsz\u00e1mok \u00e1tv\u00e9tele<br \/>\n09:00 \u2013 11:00 \u2013 Rajtok 10 percenk\u00e9nt<br \/>\n09:00 \u2013 13:00 \u2013 \u00dcgyess\u00e9gi p\u00e1ly\u00e1t haszn\u00e1lhatj\u00e1k a gyerekek<\/p>\n<p><strong>VII. \u00datvonal \u00e9s ellen\u0151rz\u0151 pont<\/strong><\/p>\n<p><strong>T\u00e1v:<\/strong> 40 km<\/p>\n<p><strong>\u00datvonal:<\/strong> Kom\u00e1rom, H\u00e9t Vez\u00e9r Park \u2013 Kopp\u00e1nyvez\u00e9r \u00fat \u2013 Eurovelo6 G\u00f6ny\u0171ig \u2013 Ellen\u0151rz\u0151 pont a G\u00f6d\u00f6r b\u00fcf\u00e9n\u00e9l<\/p>\n<p>Ellen\u0151rz\u0151 pont: G\u00f6ny\u0171, G\u00f6d\u00f6r b\u00fcf\u00e9<\/p>\n<p><strong>Az ellen\u0151rz\u0151 ponton meg kell \u00e1llni \u00e9s a szervez\u0151nek bedikt\u00e1lni a rajtsz\u00e1mot.<\/strong><\/p>\n<p>\u00datvonal:<\/p>\n\n\t\t<div id='gallery-1' class='gallery galleryid-2128 gallery-columns-1 gallery-size-large gal230414'><script type=\"text\/javascript\">\r\n\/\/ <![CDATA[\r\n\tjQuery(document).ready(function () {\r\n\t\tjQuery(\".gal230414 a\").attr(\"rel\",\"gal230414\");\t\r\n\t\tjQuery('a[rel=\"gal230414\"]').colorbox({maxWidth:\"95%\", maxHeight:\"95%\",title: function(){ return jQuery(this).children().attr(\"alt\"); }});\r\n\t});\r\n\/\/ ]]>\r\n<\/script>\n<figure class=\"gallery-item\">\n<div class=\"gallery-icon\">\r\n<a href=\"https:\/\/brigetiosport.hu\/wordpress\/wp-content\/uploads\/2023\/04\/\u00fatvonal.jpg\" title=\"\" rel=\"gal230414\"><img loading=\"lazy\" decoding=\"async\" src=\"https:\/\/brigetiosport.hu\/wordpress\/wp-content\/uploads\/2023\/04\/\u00fatvonal-1024x407.jpg\" width=\"840\" height=\"334\" alt=\"\" \/><\/a>\r\n<\/div><\/figure>\r\n\t\t<\/div>\n\n<div class=\"strava-embed-placeholder\" data-embed-type=\"route\" data-embed-id=\"3081653735957140560\"><\/div>\n<p><script src=\"https:\/\/strava-embeds.com\/embed.js\"><\/script><\/p>\n<p><strong>VIII. Rajtoltat\u00e1s<\/strong>:<\/p>\n<p>Rajtok 10 percenk\u00e9nt.<\/p>\n<p><strong> IX. Id\u0151m\u00e9r\u00e9s:<\/strong><\/p>\n<p>A t\u00fara nem ker\u00e9kp\u00e1rverseny, azonban az id\u0151eredm\u00e9nyeket r\u00f6gz\u00edtj\u00fck \u00e9s k\u00f6zz\u00e9tessz\u00fck weboldalunkon: www.brigetiosport.hu<\/p>\n<p><strong> X. Nevez\u00e9s:<\/strong><\/p>\n<p>&#8211; A t\u00far\u00e1ra regisztr\u00e1lni a rendezv\u00e9ny k\u00f6zpontban -Kom\u00e1rom, H\u00e9t Vez\u00e9r Parkban- lehet 2023. \u00e1prilis 30-\u00e1n. Nevez\u00e9si d\u00edj: 3.000 Ft.<\/p>\n<p>&#8211; A gyerekek \u00fcgyess\u00e9gi p\u00e1ly\u00e1j\u00e1n a r\u00e9szv\u00e9tel ingyenes.<\/p>\n<p><strong> XI. Nevez\u00e9si d\u00edj tartalmazza:<\/strong><\/p>\n<ul>\n<li>indul\u00e1s jog\u00e1t<\/li>\n<li>id\u0151m\u00e9r\u00e9st<\/li>\n<li>friss\u00edt\u0151 \u00e1llom\u00e1st G\u00f6ny\u0171n<\/li>\n<li>f\u00e9nyk\u00e9pek, vide\u00f3k<\/li>\n<li>a sikeres t\u00e1vot teljes\u00edt\u0151k 1 db kulacsot vagy 1 db b\u00f6gr\u00e9t v\u00e1laszthatnak<\/li>\n<li>zs\u00edroskeny\u00e9r, s\u00fctem\u00e9nyek a rendezv\u00e9nyk\u00f6zpontban az Ireks Stamag Kft j\u00f3volt\u00e1b\u00f3l<\/li>\n<\/ul>\n<p><strong>XII. R\u00e9szv\u00e9teli szab\u00e1lyok:<\/strong><\/p>\n<ul>\n<li>A t\u00far\u00e1n minden r\u00e9sztvev\u0151 a rendez\u0151k \u00e1ltal biztos\u00edtott rajtsz\u00e1mmal indul. A rajtsz\u00e1mokat a mez zseb\u00e9re vagy a korm\u00e1nyra kell felhelyezni.<\/li>\n<li>A rendezv\u00e9nyen mindenki saj\u00e1t felel\u0151ss\u00e9g\u00e9re indulhat, a ki\u00edr\u00e1s \u00e9s k\u00f6zleked\u00e9si szab\u00e1lyok -KRESZ, K\u00d6H\u00c9M- betart\u00e1sa mellett. A rendezv\u00e9nyen aj\u00e1nlott a j\u00f3l l\u00e1that\u00f3 ruh\u00e1zat visel\u00e9se.<\/li>\n<li>A t\u00far\u00e1n a buk\u00f3sisak visel\u00e9se k\u00f6telez\u0151!<\/li>\n<li>A rajt id\u0151pontjait a szervez\u0151 hat\u00e1rozza meg.<\/li>\n<li>Tilos a k\u00eds\u00e9r\u0151j\u00e1rm\u0171 haszn\u00e1lata! Elektromos seg\u00e9dmotorral ell\u00e1tott ker\u00e9kp\u00e1rok a t\u00far\u00e1n nem vehetnek r\u00e9szt!<\/li>\n<li>\u00a0Az esetleges balesetek\u00e9rt \u00e9s a ki\u00edr\u00e1s be nem tart\u00e1s\u00e1b\u00f3l bek\u00f6vetkez\u0151, ill. eg\u00e9szs\u00e9g\u00fcgyi okokb\u00f3l bek\u00f6vetkezett balesetek\u00e9rt \u00e9s s\u00e9r\u00fcl\u00e9sek\u00e9rt a rendez\u0151 semmif\u00e9le felel\u0151ss\u00e9get nem v\u00e1llal, k\u00e1rt\u00e9r\u00edt\u00e9sre nem k\u00f6telezhet\u0151.<\/li>\n<li>\u00a0A rendezv\u00e9nyen minden r\u00e9sztvev\u0151 k\u00f6teles a rendez\u0151 \u00e1ltal biztos\u00edtott rekl\u00e1manyagot a felszerel\u00e9s\u00e9n, ker\u00e9kp\u00e1ron, &#8230; stb elhelyezni.<\/li>\n<\/ul>\n<p><strong>XIII. R\u00e9sztvev\u0151 nyilatkozata:<\/strong><\/p>\n<ul>\n<li>A nevez\u00e9si lap kit\u00f6lt\u00e9se \u00f6nk\u00e9ntes adatk\u00f6zl\u00e9s. A nevez\u00e9s sor\u00e1n a szab\u00e1lyokat, a ki\u00edr\u00e1st, adatkezel\u00e9si szab\u00e1lyzat\u00e1t elolvastam, tudom\u00e1sul vettem.<\/li>\n<li>A rendezv\u00e9nyen k\u00e9sz\u00fcl\u0151 film \u00e9s k\u00e9panyagaiban, elektronikus \u00e9s nyomtatott sajt\u00f3ban valamint ezek rekl\u00e1mc\u00e9l\u00fa felhaszn\u00e1l\u00e1s\u00e1ban szerepelhetek, ez\u00e9rt ellenszolg\u00e1ltat\u00e1st nem k\u00e9rek.<\/li>\n<li>A Brigetio Ker\u00e9kp\u00e1ros T\u00far\u00e1n saj\u00e1t felel\u0151ss\u00e9gemre veszek r\u00e9szt.<\/li>\n<li>A Brigetio Ker\u00e9kp\u00e1ros T\u00fara szab\u00e1lyzat\u00e1t elolvastam, tudom\u00e1sul vettem, annak pontjait betartom \u00e9s magamra k\u00f6telez\u0151 \u00e9rv\u00e9ny\u0171nek tekintem.<\/li>\n<li>Eg\u00e9szs\u00e9gesen \u00e9s fizikailag felk\u00e9sz\u00fclten \u00e1llok rajthoz.<\/li>\n<li>Sz\u00fcks\u00e9g eset\u00e9n az orvosi vizsg\u00e1latba beleegyezem, az orvos utas\u00edt\u00e1sait elfogadom.<\/li>\n<li>Ha a fenti okokra vagy a ki\u00edr\u00e1sban szerepl\u0151 rendelkez\u00e9sek megszeg\u00e9s\u00e9re visszavezethet\u0151 vagy baleset eset\u00e9n b\u00e1rmilyen k\u00e1rosod\u00e1s \u00e9r, illetve t\u00e1volmarad\u00e1som eset\u00e9n a rendez\u0151k fel\u00e9 k\u00f6vetel\u00e9ssel nem \u00e9lek.<\/li>\n<\/ul>\n<p><strong>XIV. Sajt\u00f3 \u00e9s egy\u00e9b m\u00e9dia szab\u00e1lyzat:<\/strong><\/p>\n<p>Egy\u00e9ni felv\u00e9teleket a Rendezv\u00e9nyen val\u00f3 r\u00e9szv\u00e9tel\u00e9r\u0151l minden r\u00e9sztvev\u0151 csak saj\u00e1t, egy\u00e9ni felhaszn\u00e1l\u00e1sra k\u00e9sz\u00edthet, azokat kereskedelmi, rekl\u00e1m, prom\u00f3ci\u00f3s \u00e9s egy\u00e9b c\u00e9lokra a Szervez\u0151 \u00edr\u00e1sos beleegyez\u00e9se n\u00e9lk\u00fcl fel nem haszn\u00e1lhatja. Tilos b\u00e1rmilyen felv\u00e9tel, vagy felv\u00e9tel m\u00e1solat\u00e1nak internetes honlapon, nyomtatott sajt\u00f3ban, telev\u00edzi\u00f3ban val\u00f3 bemutat\u00e1sa \u00fczleti c\u00e9llal, a Szervez\u0151 el\u0151zetes \u00edr\u00e1sbeli enged\u00e9lye n\u00e9lk\u00fcl. A r\u00e9sztvev\u0151 a Rendezv\u00e9nyre val\u00f3 nevez\u00e9ssel \u00e1truh\u00e1zza a Rendezv\u00e9nyen val\u00f3 r\u00e9szv\u00e9tel\u00e9r\u0151l k\u00e9sz\u00fclt b\u00e1rmilyen nem\u0171 felv\u00e9tel rendelkez\u00e9si \u00e9s nemzetk\u00f6zi terjeszt\u00e9si \u00e9s kiz\u00e1r\u00f3lagos felhaszn\u00e1l\u00e1si jogait a Szervez\u0151 c\u00e9gre, \u00edgy minden a Rendezv\u00e9ny ideje alatt a Rendezv\u00e9nyr\u0151l k\u00e9sz\u00fclt k\u00e9p jogai kiz\u00e1r\u00f3lagosan a Szervez\u0151t illetik.<\/p>\n<p><em>A ki\u00edr\u00e1s v\u00e1ltoztat\u00e1si jog\u00e1t a szervez\u0151k fenntartj\u00e1k! Mindenkinek kellemes t\u00far\u00e1z\u00e1st k\u00edv\u00e1nunk!<\/em><\/p>\n","protected":false},"excerpt":{"rendered":"<p>I. A rendezv\u00e9ny c\u00e9lja: A Kom\u00e1romi napok programsorozat sz\u00ednes\u00edt\u00e9se, a rendszeres testedz\u00e9s, tov\u00e1bb\u00e1 a ker\u00e9kp\u00e1roz\u00e1s n\u00e9pszer\u0171s\u00edt\u00e9se. Kom\u00e1rom \u00e9s az Eurovelo6 kom\u00e1romi szakasz\u00e1nak turisztikai megismertet\u00e9se. II. A rendezv\u00e9ny f\u0151v\u00e9dn\u00f6ke: Dr. Moln\u00e1r Attila \u2013 Kom\u00e1rom Polg\u00e1rmestere III. Szervez\u0151: Brigetio Ker\u00e9kp\u00e1ros Sportegyes\u00fclet 2900 Kom\u00e1rom, Klapka Gy\u00f6rgy \u00fat 12. 3\/9 Ad\u00f3sz\u00e1m: 18398160-1-11 \u2013 Gregor Zolt\u00e1n \u2013 Brigetio Ker\u00e9kp\u00e1ros Sportegyes\u00fclet &hellip; <a href=\"https:\/\/brigetiosport.hu\/wordpress\/rendezvenyeink\/brigetio-kerekparos-tura-es-ugyessegi-palya-gyerekeknek\/\" class=\"more-link\"><span class=\"screen-reader-text\">&#8222;Brigetio Ker\u00e9kp\u00e1ros T\u00fara \u00e9s \u00dcgyess\u00e9gi P\u00e1lya Gyerekeknek&#8221;<\/span> b\u0151vebben<\/a><\/p>\n","protected":false},"author":1,"featured_media":0,"parent":56,"menu_order":0,"comment_status":"closed","ping_status":"closed","template":"","meta":{"footnotes":""},"_links":{"self":[{"href":"https:\/\/brigetiosport.hu\/wordpress\/wp-json\/wp\/v2\/pages\/2128"}],"collection":[{"href":"https:\/\/brigetiosport.hu\/wordpress\/wp-json\/wp\/v2\/pages"}],"about":[{"href":"https:\/\/brigetiosport.hu\/wordpress\/wp-json\/wp\/v2\/types\/page"}],"author":[{"embeddable":true,"href":"https:\/\/brigetiosport.hu\/wordpress\/wp-json\/wp\/v2\/users\/1"}],"replies":[{"embeddable":true,"href":"https:\/\/brigetiosport.hu\/wordpress\/wp-json\/wp\/v2\/comments?post=2128"}],"version-history":[{"count":10,"href":"https:\/\/brigetiosport.hu\/wordpress\/wp-json\/wp\/v2\/pages\/2128\/revisions"}],"predecessor-version":[{"id":2156,"href":"https:\/\/brigetiosport.hu\/wordpress\/wp-json\/wp\/v2\/pages\/2128\/revisions\/2156"}],"up":[{"embeddable":true,"href":"https:\/\/brigetiosport.hu\/wordpress\/wp-json\/wp\/v2\/pages\/56"}],"wp:attachment":[{"href":"https:\/\/brigetiosport.hu\/wordpress\/wp-json\/wp\/v2\/media?parent=2128"}],"curies":[{"name":"wp","href":"https:\/\/api.w.org\/{rel}","templated":true}]}}