{"id":1869,"date":"2022-01-17T13:21:43","date_gmt":"2022-01-17T12:21:43","guid":{"rendered":"http:\/\/brigetiosport.hu\/wordpress\/?page_id=1869"},"modified":"2022-09-21T07:30:53","modified_gmt":"2022-09-21T06:30:53","slug":"vi-brigetio-orszaguti-idofutam","status":"publish","type":"page","link":"https:\/\/brigetiosport.hu\/wordpress\/vi-brigetio-orszaguti-idofutam\/","title":{"rendered":"VI. Brigetio Id\u0151futam"},"content":{"rendered":"\n\t\t<div id='gallery-1' class='gallery galleryid-1869 gallery-columns-1 gallery-size-large gal220912'><script type=\"text\/javascript\">\r\n\/\/ <![CDATA[\r\n\tjQuery(document).ready(function () {\r\n\t\tjQuery(\".gal220912 a\").attr(\"rel\",\"gal220912\");\t\r\n\t\tjQuery('a[rel=\"gal220912\"]').colorbox({maxWidth:\"95%\", maxHeight:\"95%\",title: function(){ return jQuery(this).children().attr(\"alt\"); }});\r\n\t});\r\n\/\/ ]]>\r\n<\/script>\n<figure class=\"gallery-item\">\n<div class=\"gallery-icon\">\r\n<a href=\"https:\/\/brigetiosport.hu\/wordpress\/wp-content\/uploads\/2022\/09\/2022_Brigetio_Idofutam_event.png\" title=\"VI. Brigetio Id\u0151futam\" rel=\"gal220912\"><img loading=\"lazy\" decoding=\"async\" src=\"https:\/\/brigetiosport.hu\/wordpress\/wp-content\/uploads\/2022\/09\/2022_Brigetio_Idofutam_event-1024x536.png\" width=\"840\" height=\"440\" alt=\"VI. Brigetio Id\u0151futam\" \/><\/a>\r\n<\/div><figcaption class=\"gallery-caption\" id=\"caption1990\"><span class=\"imagecaption\">VI. Brigetio Id\u0151futam<\/span><br \/>\n<\/figcaption><\/figure>\r\n\t\t<\/div>\n\n<ul>\n<li>Magyar Ker\u00e9kp\u00e1ros Amat\u0151r Bajnoks\u00e1g<\/li>\n<li>\u00d6tpr\u00f3ba pontszerz\u0151 \u00e1llom\u00e1s<\/li>\n<\/ul>\n<p><strong>I<em>. <\/em>A rendezv\u00e9ny c\u00e9lja:<\/strong><\/p>\n<p>A rendszeres testedz\u00e9s, tov\u00e1bb\u00e1 a ker\u00e9kp\u00e1roz\u00e1s, mint versenysport n\u00e9pszer\u0171s\u00edt\u00e9se, ut\u00e1np\u00f3tl\u00e1s nevel\u00e9s. A hazai \u00e9s k\u00fclf\u00f6ldi sportegyes\u00fcletekkel val\u00f3 kapcsolatok \u00e1pol\u00e1sa.\u00a0 Kom\u00e1rom turisztikai megismertet\u00e9se.<\/p>\n<p><strong> II. A rendezv\u00e9ny f\u0151v\u00e9dn\u00f6ke:<br \/>\n<\/strong><br \/>\nDr. Moln\u00e1r Attila \u2013 Kom\u00e1rom Polg\u00e1rmestere<\/p>\n<p><strong>III. Szervez\u0151, versenyigazgat\u00f3k:<br \/>\n<\/strong><br \/>\nBrigetio Ker\u00e9kp\u00e1ros Sportegyes\u00fclet<br \/>\n2900 Kom\u00e1rom, Klapka Gy\u00f6rgy \u00fat 12. 3\/9<br \/>\nAd\u00f3sz\u00e1m: 18398160-1-11<\/p>\n<p>\u2013 Gregor Zolt\u00e1n \u2013 Brigetio Ker\u00e9kp\u00e1ros Sportegyes\u00fclet eln\u00f6ke:<br \/>\nEmail.: brigetiosport@brigetiosport.hu tel.: +36\/30\/355-4436<\/p>\n<p>\u2013 H\u00e9regi P\u00e9ter \u2013 Brigetio Ker\u00e9kp\u00e1ros Sportegyes\u00fclet aleln\u00f6ke:<br \/>\nEmail.: pheregi@brigetiosport.hu tel.: +36\/20\/490-4823<\/p>\n<p><strong>IV. A rendezv\u00e9ny helye, ideje:<\/strong><\/p>\n<p><strong>A verseny id\u0151pontja:<\/strong> 2022.10.02. (vas\u00e1rnap)<br \/>\n<strong>Versenyk\u00f6zpont, nevez\u00e9s:<\/strong> Kom\u00e1rom-Kopp\u00e1nymonostor, H\u00e9t vez\u00e9r park (Blaha Lujza utca)<\/p>\n<p><strong> V. A rendezv\u00e9ny r\u00e9sztvev\u0151i:<\/strong><\/p>\n<p>Azok a n\u0151i \u00e9s f\u00e9rfi r\u00e9sztvev\u0151k, akik a versenyki\u00edr\u00e1sban meghat\u00e1rozottak szerint a nevez\u00e9si d\u00edjat befizett\u00e9k \u00e9s al\u00e1\u00edr\u00e1sukkal igazolj\u00e1k, hogy a r\u00e9szv\u00e9teli felt\u00e9teleket elfogadt\u00e1k! 18 \u00e9v alatti szem\u00e9ly kiz\u00e1r\u00f3lag sz\u00fcl\u0151i enged\u00e9llyel vehet r\u00e9szt a versenyen! A sz\u00fcl\u0151i hozz\u00e1j\u00e1rul\u00f3 nyilatkozatot ki kell t\u00f6lteni \u00e9s a helysz\u00ednen a rajtsz\u00e1m \u00e1tv\u00e9telekor leadni.<\/p>\n<p>Sz\u00fcl\u0151i hozz\u00e1j\u00e1rul\u00f3 nyilatkozat: <u><a href=\"https:\/\/drive.google.com\/file\/d\/1c3HwLk70LXnkR7Cfax0xAgW6oX2JidjG\/view?usp=sharing\" target=\"_blank\" rel=\"noopener noreferrer\">LINK<\/a><\/u><\/p>\n<p><strong> VI. Program:<\/strong><br \/>\n08:00 \u2013 Rajtsz\u00e1mok \u00e1tv\u00e9tele<br \/>\n10:00 \u2013 Rajtok percenk\u00e9nt, egyes\u00e9vel<br \/>\n14:30 \u2013 Eredm\u00e9nyhirdet\u00e9s<\/p>\n<p>Helysz\u00edni nevez\u00e9s eset\u00e9ben nevezni, rajtsz\u00e1mot \u00e1tvenni 09:00 \u00f3r\u00e1ig lehet.<\/p>\n<p><strong>\u00a0VII. Korcsoportok:<\/strong><\/p>\n<table width=\"0\">\n<tbody>\n<tr>\n<td colspan=\"4\" width=\"290\"><strong>F\u00e9rfi kateg\u00f3ri\u00e1k<\/strong><\/td>\n<td colspan=\"4\" width=\"334\"><strong>N\u0151i kateg\u00f3ri\u00e1k<\/strong><\/td>\n<\/tr>\n<tr>\n<td width=\"73\">U13<\/td>\n<td width=\"97\">(10-12 \u00e9v)<\/td>\n<td width=\"77\">2010-2012<\/td>\n<td width=\"43\"><\/td>\n<td width=\"72\">WU15<\/td>\n<td width=\"97\">(10-14 \u00e9v)<\/td>\n<td width=\"77\">2008-2012<\/td>\n<td width=\"85\"><\/td>\n<\/tr>\n<tr>\n<td width=\"73\">U15<\/td>\n<td width=\"97\">(13-14 \u00e9v)<\/td>\n<td width=\"77\">2008-2009<\/td>\n<td width=\"43\"><\/td>\n<td width=\"72\">\u2013<\/td>\n<td width=\"97\"><\/td>\n<td width=\"77\"><\/td>\n<td width=\"85\"><\/td>\n<\/tr>\n<tr>\n<td width=\"73\">U17<\/td>\n<td width=\"97\">(15-16 \u00e9v)<\/td>\n<td width=\"77\">2006-2007<\/td>\n<td width=\"43\"><\/td>\n<td width=\"72\">WU17<\/td>\n<td width=\"97\">(15-16 \u00e9v)<\/td>\n<td width=\"77\">2006-2007<\/td>\n<td width=\"85\"><\/td>\n<\/tr>\n<tr>\n<td width=\"73\">U19<\/td>\n<td width=\"97\">(17-18 \u00e9v)<\/td>\n<td width=\"77\">2004-2005<\/td>\n<td width=\"43\"><\/td>\n<td width=\"72\">WU19<\/td>\n<td width=\"97\">(17-18 \u00e9v)<\/td>\n<td width=\"77\">2004-2005<\/td>\n<td width=\"85\"><\/td>\n<\/tr>\n<tr>\n<td width=\"73\">Elit1<\/td>\n<td width=\"97\">(19-29 \u00e9v)<\/td>\n<td width=\"77\">1993-2003<\/td>\n<td width=\"43\"><\/td>\n<td width=\"72\">WElit<\/td>\n<td width=\"97\">(19-39 \u00e9v)<\/td>\n<td width=\"77\">1983-2003<\/td>\n<td width=\"85\"><\/td>\n<\/tr>\n<tr>\n<td width=\"73\">Elit2<\/td>\n<td width=\"97\">(30-39 \u00e9v)<\/td>\n<td width=\"77\">1983-1992<\/td>\n<td width=\"43\"><\/td>\n<td width=\"72\">\u2013<\/td>\n<td width=\"97\"><\/td>\n<td width=\"77\"><\/td>\n<td width=\"85\"><\/td>\n<\/tr>\n<tr>\n<td width=\"73\">Master<\/td>\n<td width=\"97\">(40-49 \u00e9v)<\/td>\n<td width=\"77\">1973-1982<\/td>\n<td width=\"43\"><\/td>\n<td width=\"72\">WMaster<\/td>\n<td width=\"97\">(40-49 \u00e9v)<\/td>\n<td width=\"77\">1973-1982<\/td>\n<td width=\"85\"><\/td>\n<\/tr>\n<tr>\n<td width=\"73\">Senior1<\/td>\n<td width=\"97\">(50-59 \u00e9v)<\/td>\n<td width=\"77\">1963-1972<\/td>\n<td width=\"43\"><\/td>\n<td width=\"72\">\u2013<\/td>\n<td width=\"97\"><\/td>\n<td width=\"77\"><\/td>\n<td width=\"85\"><\/td>\n<\/tr>\n<tr>\n<td width=\"73\">Senior2<\/td>\n<td width=\"97\">(60-69 \u00e9v)<\/td>\n<td width=\"77\">1953-1962<\/td>\n<td width=\"43\"><\/td>\n<td width=\"72\">\u00a0WSenior<\/td>\n<td width=\"97\">\u00a0 (50 + \u00e9v)<\/td>\n<td width=\"77\">\u00a0 \u00a0\u00a0\u00a0\u00a0\u00a0\u00a0\u00a0\u00a0\u00a0-1972<\/td>\n<td width=\"85\"><\/td>\n<\/tr>\n<tr>\n<td width=\"73\">Senior3<\/td>\n<td width=\"97\">(70+ \u00a0 \u00e9v)<\/td>\n<td width=\"77\">\u00a0\u00a0\u00a0\u00a0\u00a0\u00a0\u00a0 -1952<\/td>\n<td width=\"43\"><\/td>\n<td width=\"72\">\u2013<\/td>\n<td width=\"97\"><\/td>\n<td width=\"77\"><\/td>\n<td width=\"85\"><\/td>\n<\/tr>\n<\/tbody>\n<\/table>\n<p><strong>VIII. \u00datvonal<\/strong><\/p>\n<p><strong>Versenyt\u00e1v:<\/strong> 19 km<\/p>\n<p><strong>\u00a0\u00datvonal:<\/strong> Kom\u00e1rom, Monostori h\u00edd \u2013 Kopp\u00e1nyvez\u00e9r \u00fat \u2013 Eurovelo6 G\u00f6ny\u0171ig<\/p>\n<p><iframe src=\"https:\/\/ridewithgps.com\/embeds?type=trip&#038;id=103548474&#038;title=Brigetio%20Id%C5%91futam%202022&#038;metricUnits=true&#038;sampleGraph=true\" style=\"width: 1px; min-width: 100%; height: 700px; border: none;\" scrolling=\"no\"><\/iframe><\/p>\n<p><strong>Figyelem:<\/strong> A verseny \u00fatvonal\u00e1n a versenynapon 9:45-t\u0151l versenyen k\u00edv\u00fcl chippel, rajtsz\u00e1mmal ker\u00e9kp\u00e1rozni tilos! A verseny befut\u00f3ja 19 km-re tal\u00e1lhat\u00f3 a rajtt\u00f3l. A c\u00e9lt\u00f3l a rajtk\u00f6zpontba vissza kell ker\u00e9kp\u00e1rozni, amely sor\u00e1n a szemb\u0151l k\u00f6zleked\u0151 versenyz\u0151nek az els\u0151bbs\u00e9get meg kell adni!<\/p>\n<p><strong> IX. Rajtoltat\u00e1s<\/strong>:<\/p>\n<p>A rajtok egyes\u00e9vel, percenk\u00e9nt t\u00f6rt\u00e9nnek sz\u00ednpadr\u00f3l a megadott rajtid\u0151pontban. K\u00e9s\u00e9s eset\u00e9n \u00faj rajtid\u0151pont nem adhat\u00f3.<\/p>\n<p><strong> X. Helyez\u00e9sek eld\u00f6nt\u00e9se:<br \/>\n<\/strong><br \/>\nA kateg\u00f3ri\u00e1nk\u00e9nti versenyek gy\u0151ztese az, aki a ki\u00edrt t\u00e1vot szab\u00e1lyszer\u0171en, a leggyorsabban teljes\u00edti. Chipes id\u0151m\u00e9r\u00e9s. A rajtlista, \u00e9s a folyamat\u00e1ban friss\u00fcl\u0151 eredm\u00e9nylista a nevez\u00e9st biztos\u00edt\u00f3 partner\u00fcnkn\u00e9l, a Sportorigo-n \u00e9rhet\u0151 el. (https:\/\/sportorigo.com)<\/p>\n<p><strong> XI. D\u00edjaz\u00e1s:<\/strong><\/p>\n<ul>\n<li>A korcsoportok 1-3 helyezettjei egyedileg tervezett \u00e9remd\u00edjban r\u00e9szes\u00fclnek.<\/li>\n<li>Csapatverseny: Azok a csapatok, akik legal\u00e1bb hat egy\u00e9ni versenyz\u0151t neveznek a versenyre, r\u00e9szt vesznek a csapatversenyben. A csapaton bel\u00fcl a legjobb hat versenyz\u0151 id\u0151eredm\u00e9nye \u00f6sszegz\u00e9sre ker\u00fcl \u00e9s a legeredm\u00e9nyesebb h\u00e1rom csapat minden tagja \u00e9remd\u00edjaz\u00e1sban r\u00e9szes\u00fcl.\u00a0K\u00e9rj\u00fck, hogy nevez\u00e9skor a \u201eCsapat neve\u201d rovatban a csapat pontos neve ker\u00fclj\u00f6n felt\u00fcntet\u00e9sre minden csapattag eset\u00e9ben.<\/li>\n<\/ul>\n<p><strong>XII. Nevez\u00e9s:<\/strong><\/p>\n<p>A r\u00e9sztvev\u0151k l\u00e9tsz\u00e1ma korl\u00e1tozott, max. 180 f\u0151.<\/p>\n<p><strong>El\u0151nevez\u00e9si hat\u00e1rid\u0151:<\/strong> 2022. szeptember 28. \u00e9jf\u00e9l<\/p>\n<p><strong>El\u0151nevez\u00e9si d\u00edj:<\/strong> 7.000 Ft<\/p>\n<p><strong>Helysz\u00edni nevez\u00e9si d\u00edj:<\/strong> 12.000 Ft<\/p>\n<p><strong>Nevez\u00e9si d\u00edj kedvezm\u00e9nyek:<\/strong><br \/>\nAKESZ rendszer\u00e9ben 2022 \u00e9vre \u00e9rv\u00e9nyes regisztr\u00e1ci\u00f3 eset\u00e9n: 10%<br \/>\n\u00d6tpr\u00f3ba regisztr\u00e1ltak: 10%<br \/>\nA nevez\u00e9si d\u00edj kedvezm\u00e9nyek nem \u00f6sszevonhat\u00f3ak!<\/p>\n<p>A helysz\u00ednen csak a helysz\u00edni nevez\u00e9si d\u00edj kifizet\u00e9se mellett lehet nevezni, \u00e9s csak abban az esetben, ha valamelyik versenyz\u0151 lemondja r\u00e9szv\u00e9tel\u00e9t, vagy fennmarad \u00fcres hely a rajtlist\u00e1n.<\/p>\n<p>Az el\u0151nevez\u00e9s csak akkor \u00e9rv\u00e9nyes, ha 2022. szeptember 28. \u00e9jf\u00e9lig a nevez\u00e9si d\u00edj az egyes\u00fclet banksz\u00e1ml\u00e1j\u00e1ra \u00e1tutal\u00e1ssal, vagy a nevez\u0151fel\u00fcleten bankk\u00e1rty\u00e1s fizet\u00e9ssel befizet\u00e9sre ker\u00fclt! Az el\u0151zetes regisztr\u00e1ci\u00f3 t\u00f6rl\u0151dik, amennyiben a nevez\u00e9si d\u00edj nem ker\u00fcl az el\u0151nevez\u00e9si hat\u00e1rid\u0151 lej\u00e1rt\u00e1ig kiegyenl\u00edt\u00e9sre, ezt k\u00f6vet\u0151en csak helysz\u00edni nevez\u00e9s lehets\u00e9ges!<\/p>\n<p>Egy\u00e9ni rajtid\u0151k ig\u00e9nyl\u00e9se! Az el\u0151nevez\u00e9s lez\u00e1r\u00e1s\u00e1ig, kiz\u00e1r\u00f3lag e-mailben van lehet\u0151s\u00e9g a prefer\u00e1lt rajtid\u0151pont k\u00e9r\u00e9s\u00e9re (pl. 11:00-11:30). A rajtid\u0151k a rendezett nevez\u00e9sek figyelembev\u00e9tel\u00e9vel ker\u00fclnek kioszt\u00e1sra, ez\u00e1ltal tudjuk biztos\u00edtani a folytonos rajtol\u00e1st. A rajtlista a verseny el\u0151tti napon (p\u00e9nteken) ker\u00fcl publik\u00e1l\u00e1sra. Aki nem rendelkezik rajtid\u0151vel, az emelt nevez\u00e9si d\u00edj ellen\u00e9ben a helysz\u00ednen, a lista v\u00e9g\u00e9re fog ker\u00fclni.<\/p>\n<p><strong>Banki \u00e1tutal\u00e1s:<\/strong><\/p>\n<p>Brigetio Ker\u00e9kp\u00e1ros Sportegyes\u00fclet<br \/>\nK&amp;H Bank, 10403631-50526775-68811005<br \/>\nNemzetk\u00f6zi banksz\u00e1mlasz\u00e1m (IBAN): HU44 1040 3631 5052 6775 6881 1005<\/p>\n<p>A megjegyz\u00e9s rovatba az indul\u00f3k nev\u00e9t \u00e9s\/vagy a nevez\u00e9skor kapott RL k\u00f3dj\u00e1t k\u00e9rj\u00fck felt\u00fcntetni. A nevez\u00e9si d\u00edjat nem \u00e1ll m\u00f3dunkban visszat\u00e9r\u00edteni!<\/p>\n<p><strong>El\u0151nevez\u00e9s:<\/strong> <u><a href=\"https:\/\/sportorigo.com\/HU\/4\/Nevezes\/259\/VI-Brigetio-Orszaguti-Idofutam-Amator-Kupa-5proba\" target=\"_blank\" rel=\"noopener noreferrer\">LINK<\/a><\/u><\/p>\n<p><strong>XIII. Nevez\u00e9si d\u00edj tartalmazza:<\/strong><\/p>\n<ul>\n<li>1 db. Brigetio KSE kulacs<\/li>\n<li><span class=\"f7rl1if4 adechonz f6oz4yja dahkl6ri axrg9lpx rufpak1n qtovjlwq qbmienfq rfyhaz4c rdmi1yqr ohrdq8us nswx41af fawcizw8 l1aqi3e3 sdu1flz4\">1 db pizza cs\u00f3nak (Jonathan Bed &amp; Pizza felaj\u00e1nl\u00e1sa)<\/span><\/li>\n<li>indul\u00e1s jog\u00e1t<\/li>\n<li>chipes id\u0151m\u00e9r\u00e9st<\/li>\n<li>rend\u0151ri \u00fatvonal-biztos\u00edt\u00e1st<\/li>\n<li>eg\u00e9szs\u00e9g\u00fcgyi els\u0151seg\u00e9ly ell\u00e1t\u00e1st, mozg\u00f3 \u00fcgyelet<\/li>\n<li>f\u00e9nyk\u00e9pek, vide\u00f3k<\/li>\n<li>egyedileg tervezett \u00e9s gy\u00e1rtott d\u00edjak<\/li>\n<li>eb\u00e9d a versenyt k\u00f6vet\u0151en a rendezv\u00e9nyk\u00f6zpontban<\/li>\n<li>f\u00e9l\u00e1ron utazhatsz vonattal a rendezv\u00e9ny helysz\u00edn\u00e9re \u00d6tpr\u00f3ba regisztr\u00e1ci\u00f3 eset\u00e9n<\/li>\n<li>tov\u00e1bbi kedvezm\u00e9nyek m\u00e9g v\u00e1rhat\u00f3ak, l\u00e1togass vissza k\u00e9s\u0151bb<\/li>\n<\/ul>\n<p><strong>XIV. Versenyszab\u00e1lyok:<\/strong><\/p>\n<ul>\n<li>A versenyen minden r\u00e9sztvev\u0151 a rendez\u0151k \u00e1ltal biztos\u00edtott rajtsz\u00e1mmal \u00e9s chipel indul. A rajtsz\u00e1mokat a mez zseb\u00e9re kell felhelyezni, a chipet a nyeregcs\u0151re kell r\u00f6gz\u00edteni. Let\u00e9ti d\u00edj nincs.<\/li>\n<li>A rendezv\u00e9nyen mindenki saj\u00e1t felel\u0151ss\u00e9g\u00e9re indulhat, a versenyki\u00edr\u00e1s \u00e9s k\u00f6zleked\u00e9si szab\u00e1lyok -KRESZ, K\u00d6H\u00c9M- betart\u00e1sa mellett. A rendezv\u00e9nyen aj\u00e1nlott a j\u00f3l l\u00e1that\u00f3 ruh\u00e1zat visel\u00e9se.<\/li>\n<li>A versenyen buk\u00f3sisak visel\u00e9se k\u00f6telez\u0151!<\/li>\n<li>\u00a0A rajt id\u0151pontjait a szervez\u0151 hat\u00e1rozza meg.<\/li>\n<li>A rajt lek\u00e9s\u00e9se eset\u00e9n \u00faj rajt id\u0151pont nem adhat\u00f3.<\/li>\n<li>A verseny sor\u00e1n a versennyel \u00e9rintett \u00fatszakaszokon versenyen k\u00edv\u00fcl chippel, rajtsz\u00e1mmal ker\u00e9kp\u00e1rozni tilos.<\/li>\n<li>\u00a0Azonos csapat tagjai nem rajtolhatnak k\u00f6zvetlen egym\u00e1s ut\u00e1n, k\u00f6z\u00e9j\u00fck mindig legal\u00e1bb egy m\u00e1sik csapat tagja ker\u00fcl.<\/li>\n<li>\u00a0A versenyek sor\u00e1n g\u00e9pj\u00e1rm\u0171, tov\u00e1bb\u00e1 m\u00e1s ker\u00e9kp\u00e1ros(ok) m\u00f6g\u00e9 be\u00e1llni, bolyozni szigor\u00faan tilos! Az eg\u00e9sz p\u00e1ly\u00e1n tilos b\u00e1rmilyen k\u00fcls\u0151 seg\u00edts\u00e9g elfogad\u00e1sa. Nem enged\u00e9lyezett m\u00e1s versenyz\u0151 tol\u00e1sa, h\u00faz\u00e1sa, vagy vontat\u00e1sa m\u00e1sik ker\u00e9kp\u00e1ros, illetve egy\u00e9b j\u00e1rm\u0171 seg\u00edts\u00e9g\u00e9vel. Szint\u00e9n tilos a k\u00eds\u00e9r\u0151j\u00e1rm\u0171 haszn\u00e1lata! Elektromos seg\u00e9dmotorral ell\u00e1tott ker\u00e9kp\u00e1rok a versenyen nem vehetnek r\u00e9szt!<\/li>\n<li>\u00a0Az esetleges balesetek\u00e9rt \u00e9s a versenyki\u00edr\u00e1s be nem tart\u00e1s\u00e1b\u00f3l bek\u00f6vetkez\u0151, ill. eg\u00e9szs\u00e9g\u00fcgyi okokb\u00f3l bek\u00f6vetkezett balesetek\u00e9rt \u00e9s s\u00e9r\u00fcl\u00e9sek\u00e9rt a rendez\u0151 semmif\u00e9le felel\u0151ss\u00e9get nem v\u00e1llal, k\u00e1rt\u00e9r\u00edt\u00e9sre nem k\u00f6telezhet\u0151.<\/li>\n<li>\u00a0A rendezv\u00e9nyen minden r\u00e9sztvev\u0151 k\u00f6teles a rendez\u0151 \u00e1ltal biztos\u00edtott rekl\u00e1manyagot a felszerel\u00e9s\u00e9n, ker\u00e9kp\u00e1ron, &#8230; stb elhelyezni. E felt\u00e9tel nem teljes\u00edt\u00e9se a versenyz\u0151 kiz\u00e1r\u00e1s\u00e1val j\u00e1rhat.<\/li>\n<\/ul>\n<p><strong> XV. R\u00e9sztvev\u0151 nyilatkozata:<\/strong><\/p>\n<ul>\n<li>Az online nevez\u00e9s regisztr\u00e1ci\u00f3s adatlapj\u00e1nak kit\u00f6lt\u00e9se \u00f6nk\u00e9ntes adatk\u00f6zl\u00e9s. A nevez\u00e9s sor\u00e1n a sportorigo.com adatkezel\u00e9si szab\u00e1lyzat\u00e1t elolvastam, tudom\u00e1sul vettem.<\/li>\n<li>A rendezv\u00e9nyen k\u00e9sz\u00fcl\u0151 film \u00e9s k\u00e9panyagaiban, elektronikus \u00e9s nyomtatott sajt\u00f3ban valamint ezek rekl\u00e1mc\u00e9l\u00fa felhaszn\u00e1l\u00e1s\u00e1ban szerepelhetek, ez\u00e9rt ellenszolg\u00e1ltat\u00e1st nem k\u00e9rek.<\/li>\n<li>A VI. Brigetio Id\u0151futamon saj\u00e1t felel\u0151ss\u00e9gemre veszek r\u00e9szt.<\/li>\n<li>A VI. Brigetio Id\u0151futam versenyki\u00edr\u00e1s\u00e1t elolvastam, tudom\u00e1sul vettem, annak pontjait betartom \u00e9s magamra k\u00f6telez\u0151 \u00e9rv\u00e9ny\u0171nek tekintem.<\/li>\n<li>Eg\u00e9szs\u00e9gesen \u00e9s fizikailag felk\u00e9sz\u00fclten \u00e1llok rajthoz.<\/li>\n<li>Sz\u00fcks\u00e9g eset\u00e9n az orvosi vizsg\u00e1latba beleegyezem, az orvos utas\u00edt\u00e1sait elfogadom.<\/li>\n<li>Ha a fenti okokra vagy a ki\u00edr\u00e1sban szerepl\u0151 rendelkez\u00e9sek megszeg\u00e9s\u00e9re visszavezethet\u0151 vagy versenybaleset eset\u00e9n b\u00e1rmilyen k\u00e1rosod\u00e1s \u00e9r, illetve t\u00e1volmarad\u00e1som eset\u00e9n a rendez\u0151k fel\u00e9 k\u00f6vetel\u00e9ssel nem \u00e9lek.<\/li>\n<li>Az online nevez\u00e9s \u201celk\u00fcld\u00e9s\u00e9vel\u201d a nyilatkozat tartalm\u00e1t magamra n\u00e9zve k\u00f6telez\u0151 \u00e9rv\u00e9ny\u0171nek fogadom el!<\/li>\n<\/ul>\n<p><strong>XVI. Sajt\u00f3 \u00e9s egy\u00e9b m\u00e9dia szab\u00e1lyzat:<\/strong><\/p>\n<p>Egy\u00e9ni felv\u00e9teleket a Rendezv\u00e9nyen val\u00f3 r\u00e9szv\u00e9tel\u00e9r\u0151l minden r\u00e9sztvev\u0151 csak saj\u00e1t, egy\u00e9ni felhaszn\u00e1l\u00e1sra k\u00e9sz\u00edthet, azokat kereskedelmi, rekl\u00e1m, prom\u00f3ci\u00f3s \u00e9s egy\u00e9b c\u00e9lokra a Szervez\u0151 \u00edr\u00e1sos beleegyez\u00e9se n\u00e9lk\u00fcl fel nem haszn\u00e1lhatja. Tilos b\u00e1rmilyen felv\u00e9tel, vagy felv\u00e9tel m\u00e1solat\u00e1nak internetes honlapon, nyomtatott sajt\u00f3ban, telev\u00edzi\u00f3ban val\u00f3 bemutat\u00e1sa \u00fczleti c\u00e9llal, a Szervez\u0151 el\u0151zetes \u00edr\u00e1sbeli enged\u00e9lye n\u00e9lk\u00fcl. A r\u00e9sztvev\u0151 a Rendezv\u00e9nyre val\u00f3 nevez\u00e9ssel \u00e1truh\u00e1zza a Rendezv\u00e9nyen val\u00f3 r\u00e9szv\u00e9tel\u00e9r\u0151l k\u00e9sz\u00fclt b\u00e1rmilyen nem\u0171 felv\u00e9tel rendelkez\u00e9si \u00e9s nemzetk\u00f6zi terjeszt\u00e9si \u00e9s kiz\u00e1r\u00f3lagos felhaszn\u00e1l\u00e1si jogait a Szervez\u0151 c\u00e9gre, \u00edgy minden a Rendezv\u00e9ny ideje alatt a Rendezv\u00e9nyr\u0151l k\u00e9sz\u00fclt k\u00e9p jogai kiz\u00e1r\u00f3lagosan a Szervez\u0151t illetik.<\/p>\n<p><em>A ki\u00edr\u00e1s v\u00e1ltoztat\u00e1si jog\u00e1t a szervez\u0151k fenntartj\u00e1k! Mindenkinek kellemes versenyz\u00e9st k\u00edv\u00e1nunk!<\/em><\/p>\n","protected":false},"excerpt":{"rendered":"<p>Magyar Ker\u00e9kp\u00e1ros Amat\u0151r Bajnoks\u00e1g \u00d6tpr\u00f3ba pontszerz\u0151 \u00e1llom\u00e1s I. A rendezv\u00e9ny c\u00e9lja: A rendszeres testedz\u00e9s, tov\u00e1bb\u00e1 a ker\u00e9kp\u00e1roz\u00e1s, mint versenysport n\u00e9pszer\u0171s\u00edt\u00e9se, ut\u00e1np\u00f3tl\u00e1s nevel\u00e9s. A hazai \u00e9s k\u00fclf\u00f6ldi sportegyes\u00fcletekkel val\u00f3 kapcsolatok \u00e1pol\u00e1sa.\u00a0 Kom\u00e1rom turisztikai megismertet\u00e9se. II. A rendezv\u00e9ny f\u0151v\u00e9dn\u00f6ke: Dr. Moln\u00e1r Attila \u2013 Kom\u00e1rom Polg\u00e1rmestere III. Szervez\u0151, versenyigazgat\u00f3k: Brigetio Ker\u00e9kp\u00e1ros Sportegyes\u00fclet 2900 Kom\u00e1rom, Klapka Gy\u00f6rgy \u00fat 12. &hellip; <a href=\"https:\/\/brigetiosport.hu\/wordpress\/vi-brigetio-orszaguti-idofutam\/\" class=\"more-link\"><span class=\"screen-reader-text\">&#8222;VI. Brigetio Id\u0151futam&#8221;<\/span> b\u0151vebben<\/a><\/p>\n","protected":false},"author":1,"featured_media":0,"parent":0,"menu_order":0,"comment_status":"closed","ping_status":"closed","template":"","meta":{"footnotes":""},"_links":{"self":[{"href":"https:\/\/brigetiosport.hu\/wordpress\/wp-json\/wp\/v2\/pages\/1869"}],"collection":[{"href":"https:\/\/brigetiosport.hu\/wordpress\/wp-json\/wp\/v2\/pages"}],"about":[{"href":"https:\/\/brigetiosport.hu\/wordpress\/wp-json\/wp\/v2\/types\/page"}],"author":[{"embeddable":true,"href":"https:\/\/brigetiosport.hu\/wordpress\/wp-json\/wp\/v2\/users\/1"}],"replies":[{"embeddable":true,"href":"https:\/\/brigetiosport.hu\/wordpress\/wp-json\/wp\/v2\/comments?post=1869"}],"version-history":[{"count":18,"href":"https:\/\/brigetiosport.hu\/wordpress\/wp-json\/wp\/v2\/pages\/1869\/revisions"}],"predecessor-version":[{"id":2003,"href":"https:\/\/brigetiosport.hu\/wordpress\/wp-json\/wp\/v2\/pages\/1869\/revisions\/2003"}],"wp:attachment":[{"href":"https:\/\/brigetiosport.hu\/wordpress\/wp-json\/wp\/v2\/media?parent=1869"}],"curies":[{"name":"wp","href":"https:\/\/api.w.org\/{rel}","templated":true}]}}