{"id":1867,"date":"2022-01-17T13:17:47","date_gmt":"2022-01-17T12:17:47","guid":{"rendered":"http:\/\/brigetiosport.hu\/wordpress\/?page_id=1867"},"modified":"2022-07-29T19:08:04","modified_gmt":"2022-07-29T18:08:04","slug":"viii-brigetio-orszaguti-mezonyverseny","status":"publish","type":"page","link":"https:\/\/brigetiosport.hu\/wordpress\/viii-brigetio-orszaguti-mezonyverseny\/","title":{"rendered":"VIII. Brigetio Orsz\u00e1g\u00fati Mez\u0151nyverseny"},"content":{"rendered":"<p><strong>Dunaalm\u00e1s, 2022.08.07.<\/strong><\/p>\n\n\t\t<div id='gallery-1' class='gallery galleryid-1867 gallery-columns-1 gallery-size-large gal20220614'><script type=\"text\/javascript\">\r\n\/\/ <![CDATA[\r\n\tjQuery(document).ready(function () {\r\n\t\tjQuery(\".gal20220614 a\").attr(\"rel\",\"gal20220614\");\t\r\n\t\tjQuery('a[rel=\"gal20220614\"]').colorbox({maxWidth:\"95%\", maxHeight:\"95%\",title: function(){ return jQuery(this).children().attr(\"alt\"); }});\r\n\t});\r\n\/\/ ]]>\r\n<\/script>\n<figure class=\"gallery-item\">\n<div class=\"gallery-icon\">\r\n<a href=\"https:\/\/brigetiosport.hu\/wordpress\/wp-content\/uploads\/2022\/01\/brigetio_omv_2022_cover.png\" title=\"VIII. Brigetio Orsz\u00e1g\u00fati Mez\u0151nyverseny\" rel=\"gal20220614\"><img loading=\"lazy\" decoding=\"async\" src=\"https:\/\/brigetiosport.hu\/wordpress\/wp-content\/uploads\/2022\/01\/brigetio_omv_2022_cover-1024x450.png\" width=\"840\" height=\"369\" alt=\"VIII. Brigetio Orsz\u00e1g\u00fati Mez\u0151nyverseny\" \/><\/a>\r\n<\/div><figcaption class=\"gallery-caption\" id=\"caption1951\"><span class=\"imagecaption\">VIII. Brigetio Orsz\u00e1g\u00fati Mez\u0151nyverseny<\/span><br \/>\n<\/figcaption><\/figure>\r\n\t\t<\/div>\n\n<ul>\n<li>Ny\u00edlt orsz\u00e1g\u00fati mez\u0151nyverseny<\/li>\n<li>2022 \u00e9vi Magyar Ker\u00e9kp\u00e1ros Amat\u0151r Bajnoks\u00e1g<\/li>\n<li>\u00d6tpr\u00f3ba<\/li>\n<li>Magyar Szabadid\u0151sport Sz\u00f6vets\u00e9g, Szabadid\u0151s rendezv\u00e9ny<\/li>\n<li>Egy\u00e9ni \u00e9s csapatverseny<\/li>\n<\/ul>\n<p><strong>I<em>. <\/em>A rendezv\u00e9ny c\u00e9lja:<\/strong><\/p>\n<p>A rendszeres testedz\u00e9s, tov\u00e1bb\u00e1 az orsz\u00e1g\u00fati ker\u00e9kp\u00e1roz\u00e1s, mint versenysport n\u00e9pszer\u0171s\u00edt\u00e9se, ut\u00e1np\u00f3tl\u00e1s nevel\u00e9s. A hazai \u00e9s k\u00fclf\u00f6ldi sportegyes\u00fcletekkel val\u00f3 kapcsolatok \u00e1pol\u00e1sa.<\/p>\n<p><strong> II. A rendezv\u00e9ny f\u0151v\u00e9dn\u00f6ke:<br \/>\n<\/strong><br \/>\nOll\u00e9 \u00c1rp\u00e1d \u2013 Dunaalm\u00e1s Polg\u00e1rmestere<\/p>\n<p><strong>III. Szervez\u0151, versenyigazgat\u00f3k:<br \/>\n<\/strong><br \/>\nBrigetio Ker\u00e9kp\u00e1ros Sportegyes\u00fclet<br \/>\n2900 Kom\u00e1rom, Klapka Gy\u00f6rgy \u00fat 12. 3\/9<br \/>\nAd\u00f3sz\u00e1m: 18398160-1-11<\/p>\n<p>\u2013 Gregor Zolt\u00e1n \u2013 Brigetio Ker\u00e9kp\u00e1ros Sportegyes\u00fclet eln\u00f6ke:<br \/>\nEmail.: brigetiosport@brigetiosport.hu tel.: +36\/30\/355-4436<\/p>\n<p>\u2013 H\u00e9regi P\u00e9ter \u2013 Brigetio Ker\u00e9kp\u00e1ros Sportegyes\u00fclet aleln\u00f6ke:<br \/>\nEmail.: pheregi@brigetiosport.hu tel.: +36\/20\/490-4823<\/p>\n<p><strong>IV. A rendezv\u00e9ny helye, ideje:<\/strong><\/p>\n<p>A verseny id\u0151pontja: 2022.08.07. (vas\u00e1rnap)<br \/>\nVersenyk\u00f6zpont: Dunaalm\u00e1s, Pihen\u0151 T\u00f3<\/p>\n<p><strong>V. A rendezv\u00e9ny r\u00e9sztvev\u0151i:<\/strong><\/p>\n<p>Azok a n\u0151i \u00e9s f\u00e9rfi r\u00e9sztvev\u0151k, akik a versenyki\u00edr\u00e1sban meghat\u00e1rozottak szerint a nevez\u00e9si d\u00edjat befizett\u00e9k \u00e9s al\u00e1\u00edr\u00e1sukkal igazolj\u00e1k, hogy a r\u00e9szv\u00e9teli felt\u00e9teleket elfogadt\u00e1k! 18 \u00e9v alatti szem\u00e9ly kiz\u00e1r\u00f3lag sz\u00fcl\u0151i enged\u00e9llyel vehet r\u00e9szt a mez\u0151nyversenyen! A sz\u00fcl\u0151i hozz\u00e1j\u00e1rul\u00f3 nyilatkozatot ki kell t\u00f6lteni \u00e9s a helysz\u00ednen a rajtsz\u00e1m \u00e1tv\u00e9telekor leadni.<\/p>\n<p>Sz\u00fcl\u0151i hozz\u00e1j\u00e1rul\u00f3 nyilatkozat: <u><a href=\"https:\/\/drive.google.com\/file\/d\/1YWbfhj0W_wYL7BsYNIHE4LrvrkIE_9tP\/view?usp=sharing\">LINK<\/a><\/u><\/p>\n<p><strong> VI. Program:<\/strong><br \/>\n08:00 \u2013 Rajtsz\u00e1mok \u00e1tv\u00e9tele<br \/>\n09:30 \u2013 R\u00f6vid t\u00e1v gy\u00fclekez\u0151<\/p>\n<p>09:45 \u2013 R\u00f6vid t\u00e1v rajt<br \/>\n10:30 \u2013 Hossz\u00fa t\u00e1v gy\u00fclekez\u0151<br \/>\n11:00 \u2013 Hossz\u00fa t\u00e1v rajt<br \/>\n<del>15:30 \u2013 Eredm\u00e9nyhirdet\u00e9s<\/del><\/p>\n<p><span class=\"d2edcug0 hpfvmrgz qv66sw1b c1et5uql lr9zc1uh a8c37x1j fe6kdd0r mau55g9w c8b282yb keod5gw0 nxhoafnm aigsh9s9 d3f4x2em iv3no6db jq4qci2q a3bd9o3v b1v8xokw oo9gr5id\" dir=\"auto\"><span class=\"d2edcug0 hpfvmrgz qv66sw1b c1et5uql lr9zc1uh jq4qci2q a3bd9o3v b1v8xokw oo9gr5id\">13:00 &#8211; R\u00f6vid t\u00e1v eredm\u00e9nyhirdet\u00e9s<br \/>\n15:30 \u2013 Hossz\u00fa t\u00e1v eredm\u00e9nyhirdet\u00e9s<\/span><\/span><\/p>\n<p><strong>VII. Korcsoportok \u00e9s t\u00e1vok:<\/strong><\/p>\n<table width=\"0\">\n<tbody>\n<tr>\n<td colspan=\"4\" width=\"334\"><strong>F\u00e9rfi kateg\u00f3ri\u00e1k<\/strong><\/td>\n<td colspan=\"4\" width=\"334\"><strong>N\u0151i kateg\u00f3ri\u00e1k<\/strong><\/td>\n<\/tr>\n<tr>\n<td width=\"73\">U13<\/td>\n<td width=\"97\">(10-12 \u00e9v)<\/td>\n<td width=\"77\">2010-2012<\/td>\n<td width=\"87\">r\u00f6vid t\u00e1v<\/td>\n<td width=\"72\">WU15<\/td>\n<td width=\"97\">(10-14 \u00e9v)<\/td>\n<td width=\"77\">2008-2012<\/td>\n<td width=\"88\">r\u00f6vid t\u00e1v<\/td>\n<\/tr>\n<tr>\n<td width=\"73\">U15<\/td>\n<td width=\"97\">(13-14 \u00e9v)<\/td>\n<td width=\"77\">2008-2009<\/td>\n<td width=\"87\">r\u00f6vid t\u00e1v<\/td>\n<td width=\"72\">\u2013<\/td>\n<td width=\"97\"><\/td>\n<td width=\"77\"><\/td>\n<td width=\"88\"><\/td>\n<\/tr>\n<tr>\n<td width=\"73\">U17<\/td>\n<td width=\"97\">(15-16 \u00e9v)<\/td>\n<td width=\"77\">2006-2007<\/td>\n<td width=\"87\">r\u00f6vid t\u00e1v<\/td>\n<td width=\"72\">WU17<\/td>\n<td width=\"97\">(15-16 \u00e9v)<\/td>\n<td width=\"77\">2006-2007<\/td>\n<td width=\"88\">r\u00f6vid t\u00e1v<\/td>\n<\/tr>\n<tr>\n<td width=\"73\">U19<\/td>\n<td width=\"97\">(17-18 \u00e9v)<\/td>\n<td width=\"77\">2004-2005<\/td>\n<td width=\"87\">hossz\u00fa t\u00e1v<\/td>\n<td width=\"72\">WU19<\/td>\n<td width=\"97\">(17-18 \u00e9v)<\/td>\n<td width=\"77\">2004-2005<\/td>\n<td width=\"88\">hossz\u00fa t\u00e1v<\/td>\n<\/tr>\n<tr>\n<td width=\"73\">Elit1<\/td>\n<td width=\"97\">(19-29 \u00e9v)<\/td>\n<td width=\"77\">1993-2003<\/td>\n<td width=\"87\">hossz\u00fa t\u00e1v<\/td>\n<td width=\"72\">WElit<\/td>\n<td width=\"97\">(19-39 \u00e9v)<\/td>\n<td width=\"77\">1983-2003<\/td>\n<td width=\"88\">hossz\u00fa t\u00e1v<\/td>\n<\/tr>\n<tr>\n<td width=\"73\">Elit2<\/td>\n<td width=\"97\">(30-39 \u00e9v)<\/td>\n<td width=\"77\">1983-1992<\/td>\n<td width=\"87\">hossz\u00fa t\u00e1v<\/td>\n<td width=\"72\">\u2013<\/td>\n<td width=\"97\"><\/td>\n<td width=\"77\"><\/td>\n<td width=\"88\"><\/td>\n<\/tr>\n<tr>\n<td width=\"73\">Master<\/td>\n<td width=\"97\">(40-49 \u00e9v)<\/td>\n<td width=\"77\">1973-1982<\/td>\n<td width=\"87\">hossz\u00fa t\u00e1v<\/td>\n<td width=\"72\">WMaster<\/td>\n<td width=\"97\">(40-49 \u00e9v)<\/td>\n<td width=\"77\">1973-1982<\/td>\n<td width=\"88\">hossz\u00fa t\u00e1v<\/td>\n<\/tr>\n<tr>\n<td width=\"73\">Senior1<\/td>\n<td width=\"97\">(50-59 \u00e9v)<\/td>\n<td width=\"77\">1963-1972<\/td>\n<td width=\"87\">hossz\u00fa t\u00e1v<\/td>\n<td width=\"72\">\u2013<\/td>\n<td width=\"97\"><\/td>\n<td width=\"77\"><\/td>\n<td width=\"88\"><\/td>\n<\/tr>\n<tr>\n<td width=\"73\">Senior2<\/td>\n<td width=\"97\">(60-69 \u00e9v)<\/td>\n<td width=\"77\">1953-1962<\/td>\n<td width=\"87\">r\u00f6vid t\u00e1v<\/td>\n<td width=\"72\">\u00a0WSenior<\/td>\n<td width=\"97\">\u00a0 (50 + \u00e9v)<\/td>\n<td width=\"77\">\u00a0 \u00a0\u00a0\u00a0\u00a0\u00a0\u00a0\u00a0\u00a0\u00a0-1972<\/td>\n<td width=\"88\">r\u00f6vid t\u00e1v<\/td>\n<\/tr>\n<tr>\n<td width=\"73\">Senior3<\/td>\n<td width=\"97\">(70+ \u00a0 \u00e9v)<\/td>\n<td width=\"77\">\u00a0\u00a0\u00a0\u00a0\u00a0\u00a0\u00a0 -1952<\/td>\n<td width=\"87\">r\u00f6vid t\u00e1v<\/td>\n<td width=\"72\">\u2013<\/td>\n<td width=\"97\"><\/td>\n<td width=\"77\"><\/td>\n<td width=\"88\"><\/td>\n<\/tr>\n<\/tbody>\n<\/table>\n<p>&nbsp;<\/p>\n<table width=\"0\">\n<tbody>\n<tr>\n<td width=\"104\">R\u00f6vidt\u00e1v:<\/td>\n<td width=\"511\">WU15, WU17, WSenior, U13, U15, U17, Senior2, Senior3, Hobby<\/td>\n<\/tr>\n<tr>\n<td width=\"104\">Hossz\u00fat\u00e1v:<\/td>\n<td width=\"511\">WU19, WElit, WMaster,\u00a0U19, Elit1, Elit2, Master, Senior1, Hobby<\/td>\n<\/tr>\n<\/tbody>\n<\/table>\n<p>A hobby kateg\u00f3ria a r\u00f6vid \u00e9s hossz\u00fa t\u00e1von is megtart\u00e1sra ker\u00fcl. Hobby kateg\u00f3ri\u00e1ba b\u00e1rki nevezhet kort\u00f3l <del>\u00e9s nemt\u0151l<\/del> f\u00fcggetlen\u00fcl. A hobby kateg\u00f3ria nem tartozik bele az AKESZ versenybe.<\/p>\n<p><span style=\"color: #ff0000;\">Friss\u00edt\u00e9s (2022.07.05): Nemenk\u00e9nti bont\u00e1s lesz a Hobby kateg\u00f3ri\u00e1ban is.<\/span><\/p>\n<p><strong>VIII. \u00datvonalak<\/strong><\/p>\n<p>A versenyt\u00e1vok \u00fatvonalai Rend\u0151rs\u00e9g \u00e1ltal biztos\u00edtva vannak. Minden r\u00e9szt vev\u0151 kiz\u00e1r\u00f3lag a korcsoportokban (VII. pont) meghat\u00e1rozott t\u00e1von indulhat.<\/p>\n<p>Teljes k\u00f6r: <a href=\"https:\/\/www.strava.com\/activities\/7309048913\" target=\"_blank\" rel=\"noopener noreferrer\">Strava \u00fatvonal<\/a><\/p>\n<div class=\"strava-embed-placeholder\" data-embed-type=\"activity\" data-embed-id=\"7309048913\"><\/div>\n<p><script src='https:\/\/strava-embeds.com\/embed.js'><\/script><\/p>\n<p>Hegyi befut\u00f3: <a href=\"https:\/\/www.strava.com\/activities\/5577178145\" target=\"_blank\" rel=\"noopener noreferrer\">Strava \u00fatvonal<\/a><\/p>\n<div class=\"strava-embed-placeholder\" data-embed-type=\"activity\" data-embed-id=\"5577178145\"><\/div>\n<p><script src='https:\/\/strava-embeds.com\/embed.js'><\/script><\/p>\n<p><strong>R\u00f6vidt\u00e1v:<\/strong> 2 X teljes k\u00f6r + hegyi befut\u00f3<\/p>\n<p>\u00c9les versenyt\u00e1v: 31 km<br \/>\nSzintk\u00fcl\u00f6nbs\u00e9g: 248 m<\/p>\n<p><strong>Hossz\u00fat\u00e1v:<\/strong> 7 X teljes k\u00f6r + hegyi befut\u00f3<\/p>\n<p>\u00c9les versenyt\u00e1v: 92 km<br \/>\nSzintk\u00fcl\u00f6nbs\u00e9g: 473 m<\/p>\n<p>A p\u00e1lya az 1. sz. f\u0151\u00fat, 10. sz. f\u0151\u00fat \u00e9s az \u00f6sszek\u00f6t\u0151 \u00fatszakaszon, az \u00f3ramutat\u00f3 megegyez\u0151 ir\u00e1nyban halad.<\/p>\n<p><strong> IX. Rajtproced\u00fara<\/strong>:<\/p>\n<p>Mindk\u00e9t t\u00e1v eset\u00e9ben a gy\u00fclekez\u0151 a Pihen\u0151 t\u00f3n\u00e1l van. Lass\u00fa rajt mindk\u00e9t t\u00e1v eset\u00e9ben 1 km, az \u00e9les rajt az 10. sz. f\u0151\u00faton lesz, az \u00e9les versenyt\u00e1v \u00e9s az id\u0151m\u00e9r\u00e9s itt kezd\u0151dik.<\/p>\n<p><strong>X. Helyez\u00e9sek eld\u00f6nt\u00e9se:<br \/>\n<\/strong><br \/>\nA kateg\u00f3ri\u00e1nk\u00e9nti versenyek gy\u0151ztese az, aki a ki\u00edrt t\u00e1vot szab\u00e1lyszer\u0171en, a leggyorsabban teljes\u00edti. A lek\u00f6r\u00f6z\u00f6tt versenyz\u0151k a k\u00f6rt nem vehetik vissza, a c\u00e9lban a k\u00f6rh\u00e1tr\u00e1nynak megfelel\u0151 id\u0151b\u00fcntet\u00e9s ker\u00fcl az id\u0151eredm\u00e9nyhez hozz\u00e1 \u00edr\u00e1sra. Chipes id\u0151m\u00e9r\u00e9s.<\/p>\n<p><strong> XI. D\u00edjaz\u00e1s:<\/strong><\/p>\n<ul>\n<li>A korcsoportok \u00e9s a hobby kateg\u00f3ri\u00e1k 1-3 helyezettjei egyedileg tervezett \u00e9remd\u00edjban r\u00e9szes\u00fclnek.<\/li>\n<li>A f\u00e9rfi \u00e9s n\u0151i hossz\u00fa t\u00e1v abszol\u00fat 1-3 helyezettjei egyedileg tervezett d\u00edjban r\u00e9szes\u00fclnek.<\/li>\n<li>Csapatverseny: Azok a csapatok, akik legal\u00e1bb hat egy\u00e9ni versenyz\u0151t neveznek a hossz\u00fa t\u00e1v\u00fa versenyen, r\u00e9szt vesznek a csapatversenyben. A csapaton bel\u00fcl a legjobb hat versenyz\u0151 id\u0151eredm\u00e9nye \u00f6sszegz\u00e9sre ker\u00fcl \u00e9s a legeredm\u00e9nyesebb h\u00e1rom csapat egyedi d\u00edjat vehet \u00e1t, m\u00edg a csapattagok oklevelet kapnak.\u00a0K\u00e9rj\u00fck, hogy nevez\u00e9skor a \u201eCsapat neve\u201d rovatban a csapat pontos neve ker\u00fclj\u00f6n felt\u00fcntet\u00e9sre minden csapattag eset\u00e9ben.<\/li>\n<\/ul>\n<p><strong>XII. Nevez\u00e9s:<\/strong><\/p>\n<p>El\u0151nevez\u00e9si d\u00edj: 2022.08.04-ig \u00e9rv\u00e9nyes<\/p>\n<p>r\u00f6vidt\u00e1v: 7.500 Ft<br \/>\nhossz\u00fat\u00e1v: 9.500 Ft<br \/>\nEl\u0151nevez\u00e9si hat\u00e1rid\u0151: 2022. augusztus 4. \u00e9jf\u00e9l<\/p>\n<p>Az el\u0151nevez\u00e9s csak akkor \u00e9rv\u00e9nyes, ha 2022. augusztus 4. \u00e9jf\u00e9lig a nevez\u00e9si d\u00edj az egyes\u00fclet banksz\u00e1ml\u00e1j\u00e1ra \u00e1tutal\u00e1ssal, a nevez\u0151fel\u00fcleten bankk\u00e1rty\u00e1s fizet\u00e9ssel befizet\u00e9sre ker\u00fclt! Az el\u0151zetes regisztr\u00e1ci\u00f3 t\u00f6rl\u0151dik, amennyiben a nevez\u00e9si d\u00edj nem ker\u00fcl az el\u0151nevez\u00e9si hat\u00e1rid\u0151 lej\u00e1rt\u00e1ig kiegyenl\u00edt\u00e9sre, ezt k\u00f6vet\u0151en csak helysz\u00edni nevez\u00e9s lehets\u00e9ges!<\/p>\n<p>Banki \u00e1tutal\u00e1s:<br \/>\nBrigetio Ker\u00e9kp\u00e1ros Sportegyes\u00fclet<br \/>\nK&amp;H Bank, 10403631-50526775-68811005<br \/>\nNemzetk\u00f6zi banksz\u00e1mlasz\u00e1m (IBAN): HU44 1040 3631 5052 6775 6881 1005<\/p>\n<p>A nevez\u00e9sn\u00e9l az \u00e1tutal\u00f3 nev\u00e9t, c\u00edm\u00e9t \u00e9s \u2013 jogi szem\u00e9ly eset\u00e9n \u2013 ad\u00f3sz\u00e1m\u00e1t kell megadni. A befizetett nevez\u00e9si d\u00edjat visszat\u00e9r\u00edteni nem \u00e1ll m\u00f3dunkban.<\/p>\n<p>Helysz\u00edni nevez\u00e9si d\u00edj:<br \/>\nr\u00f6vidt\u00e1v: 13.000 Ft<br \/>\nhossz\u00fat\u00e1v: 15.000 Ft<\/p>\n<p>Nevez\u00e9si d\u00edj kedvezm\u00e9nyek:<br \/>\nAKESZ rendszer\u00e9ben 2022 \u00e9vre \u00e9rv\u00e9nyes regisztr\u00e1ci\u00f3 eset\u00e9n: 10%<br \/>\n\u00d6tpr\u00f3ba regisztr\u00e1ltak: 10%<\/p>\n<p><strong>El\u0151nevez\u00e9s:<\/strong> <u><a href=\"https:\/\/sportorigo.com\/HU\/4\/Nevezes\/248\/VIII-Brigetio-kerekparverseny-Amator-Kupa-5proba\">LINK<\/a><\/u><\/p>\n<p><strong>XIII. Nevez\u00e9si d\u00edj tartalmazza:<\/strong><\/p>\n<ul>\n<li>indul\u00e1s jog\u00e1t<\/li>\n<li>chipes id\u0151m\u00e9r\u00e9st<\/li>\n<li>teljes rend\u0151ri \u00fatvonal-biztos\u00edt\u00e1st, biztos\u00edt\u00f3 motorosokat, szem\u00e9lyzetet<\/li>\n<li>eg\u00e9szs\u00e9g\u00fcgyi els\u0151seg\u00e9ly ell\u00e1t\u00e1st, mozg\u00f3 \u00fcgyelet<\/li>\n<li>felvezet\u0151, z\u00e1r\u00f3aut\u00f3 minden t\u00e1von<\/li>\n<li>f\u00e9nyk\u00e9pek, vide\u00f3k<\/li>\n<li>egyedileg tervezett \u00e9s gy\u00e1rtott d\u00edjak<\/li>\n<li>buli a Hilltopi befut\u00f3n (Dj Hard Paul)<\/li>\n<li>hideg \u00fcd\u00edt\u0151k, s\u00fctem\u00e9nyek, gy\u00fcm\u00f6lcs\u00f6k a Hilltopi befut\u00f3n<\/li>\n<li>eb\u00e9d a versenyt k\u00f6vet\u0151en a rendezv\u00e9nyk\u00f6zpontban<\/li>\n<li>f\u00e9l\u00e1ron utazhatsz vonattal a rendezv\u00e9ny helysz\u00edn\u00e9re \u00d6tpr\u00f3ba regisztr\u00e1ci\u00f3 eset\u00e9n<\/li>\n<li>1 db Brigetio KSE kulacs<\/li>\n<li>1000 Ft utalv\u00e1ny, ami a rendezv\u00e9ny helysz\u00edn\u00e9n a b\u00fcf\u00e9ben lev\u00e1s\u00e1rolhat\u00f3<\/li>\n<li>tov\u00e1bbi kedvezm\u00e9nyek m\u00e9g v\u00e1rhat\u00f3ak, l\u00e1togass vissza k\u00e9s\u0151bb<\/li>\n<\/ul>\n<p><strong>XIV. Versenyszab\u00e1lyok:<\/strong><\/p>\n<ul>\n<li>A rendezv\u00e9nyen minden r\u00e9sztvev\u0151 a rendez\u0151k \u00e1ltal biztos\u00edtott rajtsz\u00e1mmal \u00e9s chipel indul. A rajtsz\u00e1mokat a mez zseb\u00e9re kell ragasztani a chipet a nyeregcs\u0151re kell r\u00f6gz\u00edteni. Let\u00e9ti d\u00edj nincs.<\/li>\n<li>A rendezv\u00e9nyen mindenki saj\u00e1t felel\u0151ss\u00e9g\u00e9re indulhat, a versenyki\u00edr\u00e1s \u00e9s k\u00f6zleked\u00e9si szab\u00e1lyok -KRESZ, K\u00d6H\u00c9M- betart\u00e1sa mellett. A rendezv\u00e9nyen aj\u00e1nlott a j\u00f3l l\u00e1that\u00f3 ruh\u00e1zat visel\u00e9se.<\/li>\n<li>A rendezv\u00e9nyen buk\u00f3sisak visel\u00e9se k\u00f6telez\u0151!<\/li>\n<li>A rendezv\u00e9nyen olyan ker\u00e9kp\u00e1rral, melynek korm\u00e1ny\u00e1n korm\u00e1nyr\u00e1t\u00e9t (k\u00f6ny\u00f6kl\u0151, triatlonkorm\u00e1ny) van, elindulni tilos! Aki a rajthelyre korm\u00e1nyr\u00e1t\u00e9ttel pr\u00f3b\u00e1l be\u00e1llni azt a rendez\u0151s\u00e9g nem engedi elindulni.<\/li>\n<li>A versenyen mindenki saj\u00e1t felel\u0151ss\u00e9g\u00e9re vesz r\u00e9szt!<\/li>\n<li>Az esetleges balesetek\u00e9rt \u00e9s a versenyki\u00edr\u00e1s be nem tart\u00e1s\u00e1b\u00f3l bek\u00f6vetkez\u0151, ill. eg\u00e9szs\u00e9g\u00fcgyi okokb\u00f3l bek\u00f6vetkezett balesetek\u00e9rt \u00e9s s\u00e9r\u00fcl\u00e9sek\u00e9rt a rendez\u0151 semmif\u00e9le felel\u0151ss\u00e9get nem v\u00e1llal, k\u00e1rt\u00e9r\u00edt\u00e9sre nem k\u00f6telezhet\u0151.<\/li>\n<li>A rendezv\u00e9nyen minden r\u00e9sztvev\u0151 k\u00f6teles a rendez\u0151 \u00e1ltal biztos\u00edtott rekl\u00e1manyagot a felszerel\u00e9s\u00e9n, ker\u00e9kp\u00e1ron, \u2026 stb elhelyezni. Aki ennek nem tesz eleget a rendezv\u00e9nyr\u0151l kiz\u00e1rhat\u00f3.<\/li>\n<li>\u00d3v\u00e1st beny\u00fajtani a c\u00e9lba \u00e9rkez\u00e9st k\u00f6vet\u0151en 10 percen bel\u00fcl, \u00edr\u00e1sban van lehet\u0151s\u00e9g. \u00d3v\u00e1si d\u00edj: 15.000 Ft<\/li>\n<\/ul>\n<p><strong> XV. R\u00e9sztvev\u0151 nyilatkozata:<\/strong><\/p>\n<ul>\n<li>Az online nevez\u00e9s regisztr\u00e1ci\u00f3s adatlapj\u00e1nak kit\u00f6lt\u00e9se \u00f6nk\u00e9ntes adatk\u00f6zl\u00e9s. Hozz\u00e1j\u00e1rulok, hogy a nevez\u00e9si lapon szerepl\u0151 adataimat a rendez\u0151 az esem\u00e9ny adatb\u00e1zis\u00e1ban nyilv\u00e1ntartsa.<\/li>\n<li>A rendezv\u00e9nyen k\u00e9sz\u00fcl\u0151 film \u00e9s k\u00e9panyagaiban, elektronikus \u00e9s nyomtatott sajt\u00f3ban valamint ezek rekl\u00e1mc\u00e9l\u00fa felhaszn\u00e1l\u00e1s\u00e1ban szerepelhetek, ez\u00e9rt ellenszolg\u00e1ltat\u00e1st nem k\u00e9rek.<\/li>\n<li>A VIII. Brigetio orsz\u00e1g\u00fati mez\u0151nyversenyen saj\u00e1t felel\u0151ss\u00e9gemre veszek r\u00e9szt.<\/li>\n<li>A VIII. Brigetio orsz\u00e1g\u00fati mez\u0151nyverseny verseny ki\u00edr\u00e1s\u00e1t elolvastam, tudom\u00e1sul vettem, annak pontjait betartom \u00e9s magamra k\u00f6telez\u0151 \u00e9rv\u00e9ny\u0171nek tekintem.<\/li>\n<li>Eg\u00e9szs\u00e9gesen \u00e9s fizikailag felk\u00e9sz\u00fclten \u00e1llok rajthoz.<\/li>\n<li>Sz\u00fcks\u00e9g eset\u00e9n az orvosi vizsg\u00e1latba beleegyezem, az orvos utas\u00edt\u00e1sait elfogadom.<\/li>\n<li>Ha a fenti okokra vagy a ki\u00edr\u00e1sban szerepl\u0151 rendelkez\u00e9sek megszeg\u00e9s\u00e9re visszavezethet\u0151 vagy versenybaleset eset\u00e9n b\u00e1rmilyen k\u00e1rosod\u00e1s \u00e9r, illetve t\u00e1volmarad\u00e1som eset\u00e9n a rendez\u0151k fel\u00e9 k\u00f6vetel\u00e9ssel nem \u00e9lek.<\/li>\n<li>Az online nevez\u00e9s \u201celk\u00fcld\u00e9s\u00e9vel\u201d a nyilatkozat tartalm\u00e1t magamra n\u00e9zve k\u00f6telez\u0151 \u00e9rv\u00e9ny\u0171nek fogadom el!<\/li>\n<\/ul>\n<p><strong>XVI. K\u00eds\u00e9r\u0151 aut\u00f3:<\/strong><\/p>\n<p>K\u00eds\u00e9r\u0151 aut\u00f3 ig\u00e9nybev\u00e9tele a verseny sor\u00e1n nem enged\u00e9lyezett.<\/p>\n<p><strong>XVII. Sajt\u00f3 \u00e9s egy\u00e9b m\u00e9dia szab\u00e1lyzat:<\/strong><\/p>\n<p>Egy\u00e9ni felv\u00e9teleket a Rendezv\u00e9nyen val\u00f3 r\u00e9szv\u00e9tel\u00e9r\u0151l minden r\u00e9sztvev\u0151 csak saj\u00e1t, egy\u00e9ni felhaszn\u00e1l\u00e1sra k\u00e9sz\u00edthet, azokat kereskedelmi, rekl\u00e1m, prom\u00f3ci\u00f3s \u00e9s egy\u00e9b c\u00e9lokra a Szervez\u0151 \u00edr\u00e1sos beleegyez\u00e9se n\u00e9lk\u00fcl fel nem haszn\u00e1lhatja. Tilos b\u00e1rmilyen felv\u00e9tel, vagy felv\u00e9tel m\u00e1solat\u00e1nak internetes honlapon, nyomtatott sajt\u00f3ban, telev\u00edzi\u00f3ban val\u00f3 bemutat\u00e1sa \u00fczleti c\u00e9llal, a Szervez\u0151 el\u0151zetes \u00edr\u00e1sbeli enged\u00e9lye n\u00e9lk\u00fcl. A r\u00e9sztvev\u0151 a Rendezv\u00e9nyre val\u00f3 nevez\u00e9ssel \u00e1truh\u00e1zza a Rendezv\u00e9nyen val\u00f3 r\u00e9szv\u00e9tel\u00e9r\u0151l k\u00e9sz\u00fclt b\u00e1rmilyen nem\u0171 felv\u00e9tel rendelkez\u00e9si \u00e9s nemzetk\u00f6zi terjeszt\u00e9si \u00e9s kiz\u00e1r\u00f3lagos felhaszn\u00e1l\u00e1si jogait a Szervez\u0151 c\u00e9gre, \u00edgy minden a Rendezv\u00e9ny ideje alatt a Rendezv\u00e9nyr\u0151l k\u00e9sz\u00fclt k\u00e9p jogai kiz\u00e1r\u00f3lagosan a Szervez\u0151t illetik.<\/p>\n<p><em>A ki\u00edr\u00e1s v\u00e1ltoztat\u00e1si jog\u00e1t a szervez\u0151k fenntartj\u00e1k! Mindenkinek kellemes versenyz\u00e9st k\u00edv\u00e1nunk!<\/em><\/p>\n","protected":false},"excerpt":{"rendered":"<p>Dunaalm\u00e1s, 2022.08.07. Ny\u00edlt orsz\u00e1g\u00fati mez\u0151nyverseny 2022 \u00e9vi Magyar Ker\u00e9kp\u00e1ros Amat\u0151r Bajnoks\u00e1g \u00d6tpr\u00f3ba Magyar Szabadid\u0151sport Sz\u00f6vets\u00e9g, Szabadid\u0151s rendezv\u00e9ny Egy\u00e9ni \u00e9s csapatverseny I. A rendezv\u00e9ny c\u00e9lja: A rendszeres testedz\u00e9s, tov\u00e1bb\u00e1 az orsz\u00e1g\u00fati ker\u00e9kp\u00e1roz\u00e1s, mint versenysport n\u00e9pszer\u0171s\u00edt\u00e9se, ut\u00e1np\u00f3tl\u00e1s nevel\u00e9s. A hazai \u00e9s k\u00fclf\u00f6ldi sportegyes\u00fcletekkel val\u00f3 kapcsolatok \u00e1pol\u00e1sa. II. A rendezv\u00e9ny f\u0151v\u00e9dn\u00f6ke: Oll\u00e9 \u00c1rp\u00e1d \u2013 Dunaalm\u00e1s Polg\u00e1rmestere III. Szervez\u0151, &hellip; <a href=\"https:\/\/brigetiosport.hu\/wordpress\/viii-brigetio-orszaguti-mezonyverseny\/\" class=\"more-link\"><span class=\"screen-reader-text\">&#8222;VIII. Brigetio Orsz\u00e1g\u00fati Mez\u0151nyverseny&#8221;<\/span> b\u0151vebben<\/a><\/p>\n","protected":false},"author":1,"featured_media":0,"parent":0,"menu_order":0,"comment_status":"closed","ping_status":"closed","template":"","meta":{"footnotes":""},"_links":{"self":[{"href":"https:\/\/brigetiosport.hu\/wordpress\/wp-json\/wp\/v2\/pages\/1867"}],"collection":[{"href":"https:\/\/brigetiosport.hu\/wordpress\/wp-json\/wp\/v2\/pages"}],"about":[{"href":"https:\/\/brigetiosport.hu\/wordpress\/wp-json\/wp\/v2\/types\/page"}],"author":[{"embeddable":true,"href":"https:\/\/brigetiosport.hu\/wordpress\/wp-json\/wp\/v2\/users\/1"}],"replies":[{"embeddable":true,"href":"https:\/\/brigetiosport.hu\/wordpress\/wp-json\/wp\/v2\/comments?post=1867"}],"version-history":[{"count":14,"href":"https:\/\/brigetiosport.hu\/wordpress\/wp-json\/wp\/v2\/pages\/1867\/revisions"}],"predecessor-version":[{"id":1961,"href":"https:\/\/brigetiosport.hu\/wordpress\/wp-json\/wp\/v2\/pages\/1867\/revisions\/1961"}],"wp:attachment":[{"href":"https:\/\/brigetiosport.hu\/wordpress\/wp-json\/wp\/v2\/media?parent=1867"}],"curies":[{"name":"wp","href":"https:\/\/api.w.org\/{rel}","templated":true}]}}