{"id":1045,"date":"2018-03-16T16:37:03","date_gmt":"2018-03-16T15:37:03","guid":{"rendered":"http:\/\/brigetiosport.hu\/wordpress\/?page_id=1045"},"modified":"2018-03-30T06:33:50","modified_gmt":"2018-03-30T05:33:50","slug":"iv-brigetio-mtb-maraton","status":"publish","type":"page","link":"https:\/\/brigetiosport.hu\/wordpress\/iv-brigetio-mtb-maraton\/","title":{"rendered":"IV. Brigetio MTB Maraton"},"content":{"rendered":"\n\t\t<div id='gallery-1' class='gallery galleryid-1045 gallery-columns-1 gallery-size-large gal180316_1'><script type=\"text\/javascript\">\r\n\/\/ <![CDATA[\r\n\tjQuery(document).ready(function () {\r\n\t\tjQuery(\".gal180316_1 a\").attr(\"rel\",\"gal180316_1\");\t\r\n\t\tjQuery('a[rel=\"gal180316_1\"]').colorbox({maxWidth:\"95%\", maxHeight:\"95%\",title: function(){ return jQuery(this).children().attr(\"alt\"); }});\r\n\t});\r\n\/\/ ]]>\r\n<\/script>\n<figure class=\"gallery-item\">\n<div class=\"gallery-icon\">\r\n<a href=\"https:\/\/brigetiosport.hu\/wordpress\/wp-content\/uploads\/2018\/03\/xcm_flyer_18.jpg\" title=\"IV. Brigetio MTB Maraton\" rel=\"gal180316_1\"><img loading=\"lazy\" decoding=\"async\" src=\"https:\/\/brigetiosport.hu\/wordpress\/wp-content\/uploads\/2018\/03\/xcm_flyer_18.jpg\" width=\"519\" height=\"730\" alt=\"IV. Brigetio MTB Maraton\" \/><\/a>\r\n<\/div><figcaption class=\"gallery-caption\" id=\"caption1046\"><span class=\"imagecaption\">IV. Brigetio MTB Maraton<\/span><br \/>\n<\/figcaption><\/figure>\r\n\t\t<\/div>\n\n<p style=\"text-align: center;\">(<a href=\"https:\/\/drive.google.com\/file\/d\/13YTGlVDrycVEC8ZtIvTQpX3AkD6VKcxK\/view?usp=sharing\" target=\"_blank\" rel=\"noopener noreferrer\">eredeti m\u00e9ret\u0171 plak\u00e1t megnyit\u00e1sa<\/a>)<\/p>\n<ol>\n<li><strong>A rendezv\u00e9ny c\u00e9lja:<\/strong><\/li>\n<\/ol>\n<p>A Kom\u00e1romi Napok programsorozat\u00e1nak sz\u00ednes\u00edt\u00e9se, a ker\u00e9kp\u00e1rsport n\u00e9pszer\u0171s\u00edt\u00e9se, eg\u00e9szs\u00e9ges \u00e9letm\u00f3dra nevel\u00e9s, kellemes kikapcsol\u00f3d\u00e1s biztos\u00edt\u00e1sa.<\/p>\n<ol start=\"2\">\n<li><strong>A rendezv\u00e9ny helye, ideje:<\/strong><\/li>\n<\/ol>\n<p>Kom\u00e1rom, Monostori Er\u0151d<\/p>\n<p>2018.04.22. vas\u00e1rnap<\/p>\n<p>P\u00e1lya \u00fatvonala: <a href=\"https:\/\/www.strava.com\/activities\/1471219853\" target=\"_blank\" rel=\"noopener noreferrer\">LINK<\/a><\/p>\n<p>GPS log: <a href=\"https:\/\/drive.google.com\/file\/d\/1eTHV671Ez_PW0bTb5_LfXWHGP7p_zdcj\/view?usp=sharing\" target=\"_blank\" rel=\"noopener noreferrer\">LINK<\/a><\/p>\n<p><iframe loading=\"lazy\" src=\"https:\/\/www.strava.com\/activities\/1471219853\/embed\/ec22394303edaa330209b6f4babe8a66d84f8c0d\" width=\"590\" height=\"405\" frameborder=\"0\" scrolling=\"no\"><\/iframe><\/p>\n<ol start=\"3\">\n<li><strong>A rendezv\u00e9ny r\u00e9sztvev\u0151i:<\/strong><\/li>\n<\/ol>\n<p><strong>MTB Maraton:<\/strong> Azok a n\u0151i \u00e9s f\u00e9rfi r\u00e9sztvev\u0151k, akik 14. \u00e9let\u00e9v\u00fcket bet\u00f6lt\u00f6tt\u00e9k, vagy fogj\u00e1k az \u00e9v sor\u00e1n, a fizet\u00e9si hat\u00e1rid\u0151ig a nevez\u00e9si d\u00edjat befizett\u00e9k \u00e9s al\u00e1\u00edr\u00e1sukkal igazolj\u00e1k, hogy a r\u00e9szv\u00e9teli felt\u00e9teleket elfogadt\u00e1k! Nevez\u00e9si d\u00edjat nem \u00e1ll m\u00f3dunkban visszafizetni!<\/p>\n<p><strong>Gyermekverseny:<\/strong> Azok a gyermekek, akik 2018 sor\u00e1n 14. \u00e9let\u00e9v\u00fcket nem t\u00f6ltik be.<\/p>\n<ol start=\"4\">\n<li><strong>Program<\/strong><\/li>\n<\/ol>\n<p>07:00 \u2013 09:30 \u2013 Helysz\u00edni nevez\u00e9s, rajtsz\u00e1mok \u00e1tv\u00e9tele<\/p>\n<p>10:00\u00a0 \u2013 MTB maraton rajt<\/p>\n<p>10:15 \u2013 Gyermekversenyek rajtja<\/p>\n<p>13:00 \u2013 Eredm\u00e9nyh\u00edrdet\u00e9s<\/p>\n<p>MTB Maraton \u00fatvonala: Monostori Er\u0151d, Kopp\u00e1nymonostor, Dunapart, Fenyveserd\u0151 (33 km)<\/p>\n<ol start=\"5\">\n<li><strong>Korcsoportok:<\/strong><\/li>\n<\/ol>\n<p><strong>MTB Maraton:<\/strong><\/p>\n<ol>\n<li>korcsoport \u2013 Serd\u00fcl\u0151: 2000 &#8211; 2004 (14-18 \u00e9v)<\/li>\n<li>korcsoport \u2013 Feln\u0151tt: 1989 &#8211; 1999 (19-29 \u00e9v)<\/li>\n<li>korcsoport \u2013 Master1: 1979 &#8211; 1988 (30-39 \u00e9v)<\/li>\n<li>korcsoport \u2013 Master2: 1969 &#8211; 1978 (40-49 \u00e9v)<\/li>\n<li>korcsoport \u2013 Master3: 1959 &#8211; 1968 (50-59 \u00e9v)<\/li>\n<li>korcsoport \u2013 Master4: &#8211; 1958 (60-t\u00f3l)<\/li>\n<\/ol>\n<p>(f\u00e9rfi, n\u0151 \u2013 k\u00fcl\u00f6n)<\/p>\n<p><strong>Gyermekverseny:<\/strong><\/p>\n<ol>\n<li>korcsoport: 2012 &#8211; 2014-ben sz\u00fcletettek (4-6 \u00e9v) &#8211; 1 k\u00f6r (~ 1 km)<\/li>\n<li>korcsoport: 2008-2011-ben sz\u00fcletettek (7-10 \u00e9v) &#8211; 2 k\u00f6r (~ 2 km)<\/li>\n<li>korcsoport 2005 &#8211; 2007-ben sz\u00fcletettek (11 &#8211; 13 \u00e9v) &#8211; 3 k\u00f6r (~3 km)<\/li>\n<\/ol>\n<p>(fi\u00fa, l\u00e1ny \u2013 k\u00fcl\u00f6n)<\/p>\n<ol start=\"6\">\n<li><strong>Helyez\u00e9sek eld\u00f6nt\u00e9se:<\/strong><\/li>\n<\/ol>\n<p>A kateg\u00f3ri\u00e1nk\u00e9nti versenyek gy\u0151ztese az, aki a ki\u00edrt t\u00e1vot szab\u00e1lyszer\u0171en, a leggyorsabban teljes\u00edti. Chipes id\u0151m\u00e9r\u00e9s.<\/p>\n<ol start=\"7\">\n<li><strong>D\u00edjaz\u00e1s:<\/strong><\/li>\n<\/ol>\n<p>Minden teljes\u00edt\u0151 eml\u00e9klapot kap. Kateg\u00f3ri\u00e1nk\u00e9nt az els\u0151 h\u00e1rom helyezett \u00e9remd\u00edjaz\u00e1sban r\u00e9szes\u00fcl. A t\u00e1vot leggyorsabban teljes\u00edt\u0151k k\u00fcl\u00f6n d\u00edjban r\u00e9szes\u00fclnek.<\/p>\n<p><strong>Gyermekverseny:<\/strong><\/p>\n<p>Az els\u0151 h\u00e1rom helyezett \u00e9remd\u00edjaz\u00e1sban r\u00e9szes\u00fcl. Minden r\u00e9szt vev\u0151 gyermek aj\u00e1nd\u00e9kot kap.<\/p>\n<ol start=\"8\">\n<li><strong>Szervez\u0151:<\/strong><\/li>\n<\/ol>\n<p>Brigetio Ker\u00e9kp\u00e1ros Sportegyes\u00fclet<\/p>\n<p>2900 Kom\u00e1rom, Klapka Gy\u00f6rgy \u00fat 12. 3\/9 sz.<\/p>\n<p>e-mail: brigetiosport@brigetiosport.hu<\/p>\n<ol start=\"9\">\n<li><strong>Nevez\u00e9s:<\/strong><\/li>\n<\/ol>\n<p><strong>MTB Maraton:<\/strong><\/p>\n<p><strong>Helysz\u00edni nevez\u00e9si d\u00edj:<\/strong> 5.000,- Ft\/f\u0151<\/p>\n<p><strong>El\u0151nevez\u00e9si d\u00edj:<\/strong> 3.000,- Ft\/f\u0151<\/p>\n<p><strong>Gyermekverseny:<\/strong> nevez\u00e9s ingyenes<\/p>\n<p><strong>El\u0151nevez\u00e9si hat\u00e1rid\u0151:<\/strong> 2018. \u00e1prilis 18. \u00e9jf\u00e9l<\/p>\n<p>Az el\u0151nevez\u00e9s csak akkor \u00e9rv\u00e9nyes, ha 2018. \u00e1prilis 18. \u00e9jf\u00e9lig a 3.000 Ft-os nevez\u00e9si d\u00edj \u00e1tutal\u00e1sra ker\u00fclt, vagy szem\u00e9lyesen befizette azt a Piko Bike ker\u00e9kp\u00e1rboltban.<\/p>\n<p><strong>Nevez\u00e9si fel\u00fclet:<\/strong> <a href=\"http:\/\/nevezes.com\/reg.jsp?eventid=98\" target=\"_blank\" rel=\"noopener noreferrer\">LINK<\/a><\/p>\n<p><strong>A nevez\u00e9si d\u00edj tartalmazza:<\/strong><\/p>\n<p>\u2013 indul\u00e1s jog\u00e1t,<\/p>\n<p>\u2013 chipes id\u0151m\u00e9r\u00e9st,<\/p>\n<p>\u2013 1 db SIS energy g\u00e9lt a rajtcsomagba<\/p>\n<p>\u2013 1 db Brigetio KSE hivatalos kulacs\u00e1t a rajtcsomagba<\/p>\n<p>\u2013 hideg \u00e9lelmez\u00e9st a rajt\/c\u00e9l helysz\u00ednen<\/p>\n<p>(zs\u00edroskeny\u00e9r, s\u00fctem\u00e9nyek az IREKS STAMAG j\u00f3volt\u00e1b\u00f3l)<\/p>\n<p>\u2013 orvosi \u00fcgyeletet a rajt\/c\u00e9l helysz\u00ednen<\/p>\n<p>\u2013 30% kedvezm\u00e9nyt a Teremgokart p\u00e1ly\u00e1ra<\/p>\n<p>\u2013 50% kedvezm\u00e9ny a helyben fogyasztott pizz\u00e1k \u00e1r\u00e1b\u00f3l a rajtsz\u00e1m felmutat\u00f3j\u00e1nak + 2 f\u0151nek a Boss-Co pizz\u00e9ri\u00e1ba<\/p>\n<p>\u2013 minden rajtsz\u00e1mot felmutat\u00f3nak 15% kedvezm\u00e9ny a massz\u00e1zsb\u00f3l a Green Island luxus massz\u00e1zs fotel szalonba<\/p>\n<p><strong>Banki \u00e1tutal\u00e1s:<\/strong><\/p>\n<p>Brigetio Ker\u00e9kp\u00e1ros Sportegyes\u00fclet<\/p>\n<p>K&amp;H Bank, 10403631-50526775-68811005<\/p>\n<p>A nevez\u00e9sn\u00e9l, az \u00e1tutal\u00f3 nev\u00e9t, c\u00edm\u00e9t, \u00e9s \u2013 jogi szem\u00e9ly eset\u00e9n \u2013 ad\u00f3sz\u00e1m\u00e1t kell megadni<a href=\"http:\/\/nevezes.brigetiosport.hu\" target=\"_blank\" rel=\"noopener noreferrer\" data-cke-saved-href=\"http:\/\/nevezes.brigetiosport.hu\">!<\/a><\/p>\n<p><strong>El\u0151nevez\u00e9s befizet\u00e9se a Piko Bike \u00dczletben:<\/strong><\/p>\n<p>C\u00edm: Szlov\u00e1kia, 94505 \u00c9szak \u2013 Kom\u00e1rom (Kom\u00e1rno), Polg\u00e1r u. (Me\u0161tianska) 3018<\/p>\n<ol start=\"10\">\n<li><strong>Egy\u00e9b:<\/strong><\/li>\n<\/ol>\n<p>\u2013 A rendezv\u00e9nyen minden r\u00e9sztvev\u0151 a rendez\u0151k \u00e1ltal biztos\u00edtott rajtsz\u00e1mmal, \u00e9s chipel indul.<\/p>\n<p>\u2013 A rendezv\u00e9nyen mindenki saj\u00e1t felel\u0151ss\u00e9g\u00e9re indulhat, a versenyki\u00edr\u00e1s \u00e9s k\u00f6zleked\u00e9si szab\u00e1lyok -KRESZ, K\u00d6H\u00c9M- betart\u00e1sa mellett.<\/p>\n<p>\u2013 A rendezv\u00e9nyen buk\u00f3sisak visel\u00e9se k\u00f6telez\u0151!<\/p>\n<p>\u2013 A rendezv\u00e9nyen olyan ker\u00e9kp\u00e1rral, melynek korm\u00e1ny\u00e1n korm\u00e1nyr\u00e1t\u00e9t (k\u00f6ny\u00f6kl\u0151, triatlonkorm\u00e1ny) van, elindulni tilos!<\/p>\n<p>\u2013 Aki a rajthelyre korm\u00e1nyr\u00e1t\u00e9ttel pr\u00f3b\u00e1l be\u00e1llni azt a rendez\u0151s\u00e9g nem engedi elindulni.<\/p>\n<p>\u2013 Az esetleges balesetek\u00e9rt \u00e9s a versenyki\u00edr\u00e1s be nem tart\u00e1s\u00e1b\u00f3l bek\u00f6vetkez\u0151, ill. eg\u00e9szs\u00e9g\u00fcgyi okokb\u00f3l bek\u00f6vetkezett balesetek\u00e9rt \u00e9s s\u00e9r\u00fcl\u00e9sek\u00e9rt a rendez\u0151 semmif\u00e9le felel\u0151ss\u00e9get nem v\u00e1llal, k\u00e1rt\u00e9r\u00edt\u00e9sre nem k\u00f6telezhet\u0151.<\/p>\n<p>\u2013 A rendezv\u00e9nyen minden r\u00e9sztvev\u0151 k\u00f6teles a rendez\u0151 \u00e1ltal biztos\u00edtott rekl\u00e1manyagot a felszerel\u00e9s\u00e9n, ker\u00e9kp\u00e1ron, \u2026 stb elhelyezni. \u2013 Aki ennek nem tesz eleget a rendezv\u00e9nyr\u0151l kiz\u00e1rhat\u00f3.<\/p>\n<ol start=\"11\">\n<li><strong>A r\u00e9sztvev\u0151 nyilatkozata:<\/strong><\/li>\n<\/ol>\n<p>\u2013 Az online nevez\u00e9s regisztr\u00e1ci\u00f3s adatlapj\u00e1nak kit\u00f6lt\u00e9se \u00f6nk\u00e9ntes adatk\u00f6zl\u00e9s. Hozz\u00e1j\u00e1rulok, hogy a nevez\u00e9si lapon szerepl\u0151 adataimat a rendez\u0151 az esem\u00e9ny adatb\u00e1zis\u00e1ban nyilv\u00e1ntartsa.<\/p>\n<p>\u2013 A rendezv\u00e9nyen k\u00e9sz\u00fcl\u0151 film \u00e9s k\u00e9panyagaiban, elektronikus \u00e9s nyomtatott sajt\u00f3ban valamint ezek rekl\u00e1mc\u00e9l\u00fa felhaszn\u00e1l\u00e1s\u00e1ban szerepelhetek, ez\u00e9rt ellenszolg\u00e1ltat\u00e1st nem k\u00e9rek.<\/p>\n<p>\u2013 A versenyen saj\u00e1t felel\u0151ss\u00e9gemre veszek r\u00e9szt.<\/p>\n<p>\u2013 Eg\u00e9szs\u00e9gesen \u00e9s fizikailag felk\u00e9sz\u00fclten \u00e1llok rajthoz.<\/p>\n<p>\u2013 Sz\u00fcks\u00e9g eset\u00e9n az orvosi vizsg\u00e1latba beleegyezem, az orvos utas\u00edt\u00e1sait elfogadom.<\/p>\n<p>\u2013 Ha a fenti okokra vagy a ki\u00edr\u00e1sban szerepl\u0151 rendelkez\u00e9sek megszeg\u00e9s\u00e9re visszavezethet\u0151 vagy versenybaleset eset\u00e9n b\u00e1rmilyen k\u00e1rosod\u00e1s \u00e9r, illetve t\u00e1volmarad\u00e1som eset\u00e9n a rendez\u0151k fel\u00e9 k\u00f6vetel\u00e9ssel nem \u00e9lek.<\/p>\n<p>Az online nevez\u00e9s \u201celk\u00fcld\u00e9s\u00e9vel\u201d a nyilatkozat tartalm\u00e1t magamra n\u00e9zve k\u00f6telez\u0151 \u00e9rv\u00e9ny\u0171nek fogadom el!<\/p>\n<p><strong>MINDENKINEK KELLEMES KIKAPCSOL\u00d3D\u00c1ST K\u00cdV\u00c1NUNK!<\/strong><\/p>\n","protected":false},"excerpt":{"rendered":"<p>(eredeti m\u00e9ret\u0171 plak\u00e1t megnyit\u00e1sa) A rendezv\u00e9ny c\u00e9lja: A Kom\u00e1romi Napok programsorozat\u00e1nak sz\u00ednes\u00edt\u00e9se, a ker\u00e9kp\u00e1rsport n\u00e9pszer\u0171s\u00edt\u00e9se, eg\u00e9szs\u00e9ges \u00e9letm\u00f3dra nevel\u00e9s, kellemes kikapcsol\u00f3d\u00e1s biztos\u00edt\u00e1sa. A rendezv\u00e9ny helye, ideje: Kom\u00e1rom, Monostori Er\u0151d 2018.04.22. vas\u00e1rnap P\u00e1lya \u00fatvonala: LINK GPS log: LINK A rendezv\u00e9ny r\u00e9sztvev\u0151i: MTB Maraton: Azok a n\u0151i \u00e9s f\u00e9rfi r\u00e9sztvev\u0151k, akik 14. \u00e9let\u00e9v\u00fcket bet\u00f6lt\u00f6tt\u00e9k, vagy fogj\u00e1k az \u00e9v &hellip; <a href=\"https:\/\/brigetiosport.hu\/wordpress\/iv-brigetio-mtb-maraton\/\" class=\"more-link\"><span class=\"screen-reader-text\">&#8222;IV. Brigetio MTB Maraton&#8221;<\/span> b\u0151vebben<\/a><\/p>\n","protected":false},"author":1,"featured_media":0,"parent":0,"menu_order":0,"comment_status":"closed","ping_status":"closed","template":"","meta":{"footnotes":""},"_links":{"self":[{"href":"https:\/\/brigetiosport.hu\/wordpress\/wp-json\/wp\/v2\/pages\/1045"}],"collection":[{"href":"https:\/\/brigetiosport.hu\/wordpress\/wp-json\/wp\/v2\/pages"}],"about":[{"href":"https:\/\/brigetiosport.hu\/wordpress\/wp-json\/wp\/v2\/types\/page"}],"author":[{"embeddable":true,"href":"https:\/\/brigetiosport.hu\/wordpress\/wp-json\/wp\/v2\/users\/1"}],"replies":[{"embeddable":true,"href":"https:\/\/brigetiosport.hu\/wordpress\/wp-json\/wp\/v2\/comments?post=1045"}],"version-history":[{"count":10,"href":"https:\/\/brigetiosport.hu\/wordpress\/wp-json\/wp\/v2\/pages\/1045\/revisions"}],"predecessor-version":[{"id":1068,"href":"https:\/\/brigetiosport.hu\/wordpress\/wp-json\/wp\/v2\/pages\/1045\/revisions\/1068"}],"wp:attachment":[{"href":"https:\/\/brigetiosport.hu\/wordpress\/wp-json\/wp\/v2\/media?parent=1045"}],"curies":[{"name":"wp","href":"https:\/\/api.w.org\/{rel}","templated":true}]}}